{"id":9028,"date":"2020-07-16T14:27:26","date_gmt":"2020-07-16T14:27:26","guid":{"rendered":"https:\/\/ritosa.click.si\/?post_type=product&#038;p=9028"},"modified":"2026-03-27T18:13:16","modified_gmt":"2026-03-27T17:13:16","slug":"skiro-tempish-nixin-145-al-2","status":"publish","type":"product","link":"https:\/\/ritosa.click.si\/hr\/ducan\/skiroji\/klasicni-skiroji\/skiro-tempish-nixin-145-al-2\/","title":{"rendered":"Romobil Tempish Nixin 145"},"content":{"rendered":"<p>Dje\u010dji sklopivi romobil s ko\u010dnicom na stra\u017enjem kota\u010du. Romobil je lagan i jednostavan za no\u0161enje. Postolje je nisko pri tlu. Ru\u010dke su oja\u010dane dodatnim amortizerom.<\/p>\n<ul>\n<li>Romobil je izra\u0111en od aluminija.<\/li>\n<li>Ima no\u017enu ko\u010dnicu.<\/li>\n<li>Kota\u010di imaju promjer od 145 mm.<\/li>\n<li>Duljina podno\u017eja je 32 cm.<\/li>\n<li>Visina ru\u010dke 32 cm.<\/li>\n<\/ul>\n<p><strong>Upozorenje!<\/strong> Prilikom kori\u0161tenja potrebno je nositi za\u0161titnu opremu (kacigu, \u0161titnike, rukavice).<br \/>\nIzdelek je igra\u010da in ni namenjen uporabi v javnem prometu ker ni prirejen za javni promet.<br \/>\n\u2013<strong> Upozorenje!<\/strong> Izdelka naj ne uporabljajo otroci, mlaj\u0161i od 36 mesecev, ker izdelek vsebuje majhne delce in lahko pride do zadu\u0161itve<\/p>","protected":false},"excerpt":{"rendered":"<p>Dje\u010dji sklopivi romobil Tempish Nixin s ko\u010dnicom na stra\u017enjem kota\u010du.<\/p>","protected":false},"featured_media":9029,"template":"","meta":{"_acf_changed":false,"inline_featured_image":false,"_monsterinsights_skip_tracking":false,"_monsterinsights_sitenote_active":false,"_monsterinsights_sitenote_note":"","_monsterinsights_sitenote_category":0},"product_brand":[1219],"product_cat":[651,495],"product_tag":[1198,1400,1399],"class_list":{"0":"post-9028","1":"product","2":"type-product","3":"status-publish","4":"has-post-thumbnail","6":"product_brand-tempish","7":"product_cat-klasicni-skiroji","8":"product_cat-skiroji","9":"product_tag-otroci","10":"product_tag-skiro-tempish-nixin","11":"product_tag-zlozljiv-skiro","13":"first","14":"instock","15":"sale","16":"taxable","17":"shipping-taxable","18":"purchasable","19":"product-type-simple"},"acf":[],"aioseo_notices":[],"_links":{"self":[{"href":"https:\/\/ritosa.click.si\/hr\/wp-json\/wp\/v2\/product\/9028","targetHints":{"allow":["GET"]}}],"collection":[{"href":"https:\/\/ritosa.click.si\/hr\/wp-json\/wp\/v2\/product"}],"about":[{"href":"https:\/\/ritosa.click.si\/hr\/wp-json\/wp\/v2\/types\/product"}],"wp:featuredmedia":[{"embeddable":true,"href":"https:\/\/ritosa.click.si\/hr\/wp-json\/wp\/v2\/media\/9029"}],"wp:attachment":[{"href":"https:\/\/ritosa.click.si\/hr\/wp-json\/wp\/v2\/media?parent=9028"}],"wp:term":[{"taxonomy":"product_brand","embeddable":true,"href":"https:\/\/ritosa.click.si\/hr\/wp-json\/wp\/v2\/product_brand?post=9028"},{"taxonomy":"product_cat","embeddable":true,"href":"https:\/\/ritosa.click.si\/hr\/wp-json\/wp\/v2\/product_cat?post=9028"},{"taxonomy":"product_tag","embeddable":true,"href":"https:\/\/ritosa.click.si\/hr\/wp-json\/wp\/v2\/product_tag?post=9028"}],"curies":[{"name":"radni list","href":"https:\/\/api.w.org\/{rel}","templated":true}]}}