{"id":9001,"date":"2020-07-16T10:12:47","date_gmt":"2020-07-16T10:12:47","guid":{"rendered":"https:\/\/ritosa.click.si\/?post_type=product&#038;p=9001"},"modified":"2026-03-24T10:06:46","modified_gmt":"2026-03-24T09:06:46","slug":"elada-specialized-shuffle-led-child-3","status":"publish","type":"product","link":"https:\/\/ritosa.click.si\/hr\/ducan\/biciklizam\/oprema-za-biciklizam\/kolesarske-celade\/otroske-kolesarske-celade\/elada-specialized-shuffle-led-child-3\/","title":{"rendered":"Kaciga Specialized SHUFFLE LED CHILD"},"content":{"rendered":"<p><span style=\"font-size: larger\">Vrhunske zna\u010dajke, potpuni sigurnosni certifikati, odli\u010dan dizajn i na\u0161 ekskluzivni HairPort SX sustav pristajanja, pogodan za sve s repom; sve to \u010dini SHUFFLE LED savr\u0161enom kacigom za biciklistice.<\/span><\/p>\n<div>\n<ul>\n<li><span style=\"font-size: larger\">Mikro-nastavljiv gumb za enostavno in natan\u010dno nastavitev<\/span><\/li>\n<li><span style=\"font-size: larger\">4th Dimension Cooling za optimalnu ventilaciju<\/span><\/li>\n<li><span style=\"font-size: larger\">Tri-Fix vodilica remena za pobolj\u0161anu udobnost i jednostavno pode\u0161avanje remena<\/span><\/li>\n<li><span style=\"font-size: larger\">\u0160koljka u kalupu za ve\u0107u \u010dvrsto\u0107u i manju te\u017einu<\/span><\/li>\n<li><span style=\"font-size: larger\">Reflektiraju\u0107i elementi i grafika za bolju vidljivost u mraku<\/span><\/li>\n<li><span style=\"font-size: larger\">Patentirani vizir za pri\u010dvr\u0161\u0107ivanje uklju\u010den<\/span><\/li>\n<li><span style=\"font-size: larger\">U skladu je s jednim ili vi\u0161e sljede\u0107ih sigurnosnih standarda za biciklisti\u010dke kacige: CPSC, SNELL B90A, CE i AS\/NZS<\/span><\/li>\n<\/ul>\n<\/div>","protected":false},"excerpt":{"rendered":"<p>Vrhunske zna\u010dajke, svi sigurnosni certifikati, odli\u010dan dizajn i na\u0161 ekskluzivni HairPort SX sustav pristajanja \u010dine SHUFFLE LED savr\u0161enom kacigom za biciklistice.<\/p>","protected":false},"featured_media":9003,"template":"","meta":{"_acf_changed":false,"inline_featured_image":false,"_monsterinsights_skip_tracking":false,"_monsterinsights_sitenote_active":false,"_monsterinsights_sitenote_note":"","_monsterinsights_sitenote_category":0},"product_brand":[673],"product_cat":[577],"product_tag":[1198,1201],"class_list":{"0":"post-9001","1":"product","2":"type-product","3":"status-publish","4":"has-post-thumbnail","6":"product_brand-specialized","7":"product_cat-otroske-kolesarske-celade","8":"product_tag-otroci","9":"product_tag-outlet","10":"pa_velikost-50-55","12":"first","13":"instock","14":"sale","15":"taxable","16":"shipping-taxable","17":"purchasable","18":"product-type-variable"},"acf":[],"aioseo_notices":[],"_links":{"self":[{"href":"https:\/\/ritosa.click.si\/hr\/wp-json\/wp\/v2\/product\/9001","targetHints":{"allow":["GET"]}}],"collection":[{"href":"https:\/\/ritosa.click.si\/hr\/wp-json\/wp\/v2\/product"}],"about":[{"href":"https:\/\/ritosa.click.si\/hr\/wp-json\/wp\/v2\/types\/product"}],"wp:featuredmedia":[{"embeddable":true,"href":"https:\/\/ritosa.click.si\/hr\/wp-json\/wp\/v2\/media\/9003"}],"wp:attachment":[{"href":"https:\/\/ritosa.click.si\/hr\/wp-json\/wp\/v2\/media?parent=9001"}],"wp:term":[{"taxonomy":"product_brand","embeddable":true,"href":"https:\/\/ritosa.click.si\/hr\/wp-json\/wp\/v2\/product_brand?post=9001"},{"taxonomy":"product_cat","embeddable":true,"href":"https:\/\/ritosa.click.si\/hr\/wp-json\/wp\/v2\/product_cat?post=9001"},{"taxonomy":"product_tag","embeddable":true,"href":"https:\/\/ritosa.click.si\/hr\/wp-json\/wp\/v2\/product_tag?post=9001"}],"curies":[{"name":"radni list","href":"https:\/\/api.w.org\/{rel}","templated":true}]}}