{"id":8965,"date":"2020-07-14T10:04:47","date_gmt":"2020-07-14T10:04:47","guid":{"rendered":"https:\/\/ritosa.click.si\/?post_type=product&#038;p=8965"},"modified":"2025-10-14T14:25:20","modified_gmt":"2025-10-14T12:25:20","slug":"evlji-specialized-rime-1-0","status":"publish","type":"product","link":"https:\/\/ritosa.click.si\/hr\/ducan\/biciklizam\/oprema-za-biciklizam\/kolesarski-cevlji\/evlji-specialized-rime-1-0\/","title":{"rendered":"Specialized RIME 1.0 cipele"},"content":{"rendered":"<p>Ako tra\u017eite par izdr\u017eljivih, izdr\u017eljivih i svestranih cipela za brdski biciklizam, onda ne tra\u017eite dalje od Rime 1.0.<\/p>\n<p>Imaju sve zna\u010dajke Body Geometry koje \u0107ete prona\u0107i na na\u0161im drugim cipelama, plus cool tehnologiju poput X-PEL sustava za kontrolu vode i DWR\u2122 premaza, koji smanjuje upijanje vode i dramati\u010dno pobolj\u0161ava vrijeme su\u0161enja. Komplet je zaokru\u017een gumenim potplatom SlipNot, Lollipop ulo\u017ekom i opu\u0161tenim krojem koji nudi ravnote\u017eu izme\u0111u osje\u0107aja pedaliranja i udobnosti na stazi.<\/p>\n<ul>\n<li>Ergonomski dizajnirani i znanstveno testirani Body Geometry potplat i ulo\u017eak poti\u010du sna\u017ean pogon, pove\u0107avaju u\u010dinkovitost i smanjuju rizik od ozljeda optimizacijom poravnanja kuka, koljena i stopala.<\/li>\n<li>X-PEL\u2122 hidrofobna mre\u017easta konstrukcija smanjuje upijanje vode i drasti\u010dno pobolj\u0161ava vrijeme su\u0161enja.<\/li>\n<li>Landing Strip\u2122 je optimiziran za agresivnu vo\u017enju biciklom u kombinaciji s pedalama s vezovima i platformom.<\/li>\n<li>Kombinacija vezica i remena osigurava udobnost i pode\u0161avanje jednom rukom.<\/li>\n<li>\u010cvrsta kompozitna plo\u010da od najlona Lollipop\u2122 pove\u0107ava u\u010dinkovitost pogona i udobnost kada se ne vozi.<\/li>\n<li>SlipNot\u2122 gumeni profil za pouzdano prianjanje.<\/li>\n<li>Ulo\u017eak od EVA pjene pru\u017ea udobnost, dok posebno dizajniran oblik pete pru\u017ea stabilnost.<\/li>\n<li>Relaxed Fit dizajn za ravnote\u017eu izme\u0111u osje\u0107aja pedaliranja i udobnosti na stazi.<\/li>\n<li>Dvovitni nosa\u010d za kopa\u010dke kompatibilan je sa svim uobi\u010dajeno kori\u0161tenim pedalama.<\/li>\n<li>Pribli\u017ena te\u017eina: 384 g (1\/2 para, veli\u010dina 42)<\/li>\n<\/ul>","protected":false},"excerpt":{"rendered":"<p>Ako tra\u017eite par izdr\u017eljivih, izdr\u017eljivih i svestranih cipela za brdski biciklizam, onda ne tra\u017eite dalje od Rime 1.0.<\/p>","protected":false},"featured_media":8969,"template":"","meta":{"_acf_changed":false,"inline_featured_image":false,"_monsterinsights_skip_tracking":false,"_monsterinsights_sitenote_active":false,"_monsterinsights_sitenote_note":"","_monsterinsights_sitenote_category":0},"product_brand":[673],"product_cat":[549],"product_tag":[1811,1812,1815,1810,1814,1589,1813],"class_list":{"0":"post-8965","1":"product","2":"type-product","3":"status-publish","4":"has-post-thumbnail","6":"product_brand-specialized","7":"product_cat-kolesarski-cevlji","8":"product_tag-cevlji-specialized","9":"product_tag-cevlji-specialized-rime-1-0","10":"product_tag-kolesarski-cevlji-rime-1-0","11":"product_tag-kolesarski-cevlji-specialized","12":"product_tag-rime-1-0","13":"product_tag-specialized","14":"product_tag-specialized-rime-1-0","15":"pa_velikost-718","16":"pa_velikost-737","17":"pa_velikost-762","19":"first","20":"instock","21":"sale","22":"taxable","23":"shipping-taxable","24":"purchasable","25":"product-type-variable"},"acf":[],"aioseo_notices":[],"_links":{"self":[{"href":"https:\/\/ritosa.click.si\/hr\/wp-json\/wp\/v2\/product\/8965","targetHints":{"allow":["GET"]}}],"collection":[{"href":"https:\/\/ritosa.click.si\/hr\/wp-json\/wp\/v2\/product"}],"about":[{"href":"https:\/\/ritosa.click.si\/hr\/wp-json\/wp\/v2\/types\/product"}],"wp:featuredmedia":[{"embeddable":true,"href":"https:\/\/ritosa.click.si\/hr\/wp-json\/wp\/v2\/media\/8969"}],"wp:attachment":[{"href":"https:\/\/ritosa.click.si\/hr\/wp-json\/wp\/v2\/media?parent=8965"}],"wp:term":[{"taxonomy":"product_brand","embeddable":true,"href":"https:\/\/ritosa.click.si\/hr\/wp-json\/wp\/v2\/product_brand?post=8965"},{"taxonomy":"product_cat","embeddable":true,"href":"https:\/\/ritosa.click.si\/hr\/wp-json\/wp\/v2\/product_cat?post=8965"},{"taxonomy":"product_tag","embeddable":true,"href":"https:\/\/ritosa.click.si\/hr\/wp-json\/wp\/v2\/product_tag?post=8965"}],"curies":[{"name":"radni list","href":"https:\/\/api.w.org\/{rel}","templated":true}]}}