{"id":8956,"date":"2020-07-14T09:51:58","date_gmt":"2020-07-14T09:51:58","guid":{"rendered":"https:\/\/ritosa.click.si\/?post_type=product&#038;p=8956"},"modified":"2025-09-30T11:52:25","modified_gmt":"2025-09-30T09:52:25","slug":"evlji-shimano-sh-et501","status":"publish","type":"product","link":"https:\/\/ritosa.click.si\/hr\/ducan\/biciklizam\/oprema-za-biciklizam\/kolesarski-cevlji\/evlji-shimano-sh-et501\/","title":{"rendered":"Cipele SHIMANO SH-ET501"},"content":{"rendered":"<p>Shimano ET501 je elegantna, lagana ravna touring cipela koja kombinira u\u010dinkovitost pri pedaliranju sa stabilnom i udobnom vo\u017enjom kada niste na biciklu.<\/p>\n<ul>\n<li>Izvrsno prianjanje: Posebna guma s jedinstvenim profilom potplata, optimizirana za pouzdano prianjanje - \u010dak i u mokrim uvjetima<\/li>\n<li>Stabilan potplat za pedaliranje: Ekolo\u0161ki najlonski potplat izra\u0111en od recikliranog materijala omogu\u0107uje u\u010dinkovit prijenos snage bez potrebe za kop\u010danjem na pedalu<\/li>\n<li>Volumen Tour Last: Dodatni volumen u prednjem dijelu stopala omogu\u0107uje udobnu fleksibilnost pri hodanju, a istovremeno odr\u017eava stabilnost pete prilikom vo\u017enje bicikla za pove\u0107anu u\u010dinkovitost.<\/li>\n<li>Lagano: Prozra\u010dno i lagano mre\u017easto gornji\u0161te pru\u017ea sigurno prianjanje i pobolj\u0161anu ventilaciju. Sustav brzog vezanja omogu\u0107uje jednostavno i precizno pode\u0161avanje<\/li>\n<\/ul>","protected":false},"excerpt":{"rendered":"<p>Dizajnirane za bicikliste koji tra\u017ee visokou\u010dinkovite touring cipele s modernim planinarskim izgledom, Shimano ET501 su svestrane i lagane cipele s EVA me\u0111upotplatom pune duljine koji pru\u017ea u\u010dinkovit prijenos snage na biciklu i cjelodnevnu udobnost pri hodanju.<\/p>","protected":false},"featured_media":8959,"template":"","meta":{"_acf_changed":false,"inline_featured_image":false},"product_brand":[1189],"product_cat":[549],"product_tag":[1780,1782,1791,1787,1792,1794,1793],"class_list":{"0":"post-8956","1":"product","2":"type-product","3":"status-publish","4":"has-post-thumbnail","6":"product_brand-shimano","7":"product_cat-kolesarski-cevlji","8":"product_tag-cevlji","9":"product_tag-cevlji-shimano","10":"product_tag-cevlji-shimano-sh-et501","11":"product_tag-kolesarski-cevlji","12":"product_tag-kolesarski-cevlji-shimano-sh-et501","13":"product_tag-shimano","14":"product_tag-shimano-sh-et501","15":"pa_velikost-766","16":"pa_velikost-45-2","18":"first","19":"instock","20":"sale","21":"taxable","22":"shipping-taxable","23":"purchasable","24":"product-type-variable"},"acf":[],"_links":{"self":[{"href":"https:\/\/ritosa.click.si\/hr\/wp-json\/wp\/v2\/product\/8956","targetHints":{"allow":["GET"]}}],"collection":[{"href":"https:\/\/ritosa.click.si\/hr\/wp-json\/wp\/v2\/product"}],"about":[{"href":"https:\/\/ritosa.click.si\/hr\/wp-json\/wp\/v2\/types\/product"}],"wp:featuredmedia":[{"embeddable":true,"href":"https:\/\/ritosa.click.si\/hr\/wp-json\/wp\/v2\/media\/8959"}],"wp:attachment":[{"href":"https:\/\/ritosa.click.si\/hr\/wp-json\/wp\/v2\/media?parent=8956"}],"wp:term":[{"taxonomy":"product_brand","embeddable":true,"href":"https:\/\/ritosa.click.si\/hr\/wp-json\/wp\/v2\/product_brand?post=8956"},{"taxonomy":"product_cat","embeddable":true,"href":"https:\/\/ritosa.click.si\/hr\/wp-json\/wp\/v2\/product_cat?post=8956"},{"taxonomy":"product_tag","embeddable":true,"href":"https:\/\/ritosa.click.si\/hr\/wp-json\/wp\/v2\/product_tag?post=8956"}],"curies":[{"name":"radni list","href":"https:\/\/api.w.org\/{rel}","templated":true}]}}