{"id":8929,"date":"2020-05-25T23:09:36","date_gmt":"2020-05-25T23:09:36","guid":{"rendered":"https:\/\/ritosa.click.si\/?post_type=product&#038;p=8929"},"modified":"2025-10-14T14:33:02","modified_gmt":"2025-10-14T12:33:02","slug":"kolesarski-cevlji-specialized-torch-1-0-3","status":"publish","type":"product","link":"https:\/\/ritosa.click.si\/hr\/ducan\/biciklizam\/oprema-za-biciklizam\/kolesarski-cevlji\/kolesarski-cevlji-specialized-torch-1-0-3\/","title":{"rendered":"Biciklisti\u010dke cipele Specialized TORCH 1.0"},"content":{"rendered":"<p>Uzmite performanse i ergonomiju na\u0161ih najboljih cestovnih cipela, Body Geometry, i stavite ih u pristupa\u010dnu formu, i u biti \u0107ete dobiti cestovne cipele Torch 1.0. Zatvaraju se \u010di\u010dak trakama za fleksibilno i udobno pristajanje, a kompozitni potplat pru\u017ea upravo pravu koli\u010dinu krutosti.<\/p>\n<ul>\n<li>Ergonomski dizajnirani i znanstveno testirani Body Geometry potplat i ulo\u017eak poti\u010du sna\u017ean pogon, pove\u0107avaju u\u010dinkovitost i smanjuju rizik od ozljeda optimizacijom poravnanja kuka, koljena i stopala.<\/li>\n<li>Potplat od najlonskog kompozita izra\u0111enog injekcijskim lijevanjem, s indeksom krutosti od 6,0, dizajniran je da bude prili\u010dno krut i vrlo lagan.<\/li>\n<li>Lagani Boa\u00ae L6 sustav za mikro pode\u0161avanje \u010dvrsto\u0107e cipele tijekom vo\u017enje, a sustav ima i do\u017eivotno jamstvo Boa\u00ae.<\/li>\n<li>Sinteti\u010dki gornji dio za meko prianjanje uz stopalo.<\/li>\n<li>Za kopa\u010dke s 3 vijka, cipele su kompatibilne sa svim vode\u0107im proizvo\u0111a\u010dima obu\u0107e.<\/li>\n<li>Pribli\u017ena te\u017eina: 263 g (1\/2 para, veli\u010dina 42)<\/li>\n<\/ul>","protected":false},"excerpt":{"rendered":"<p>Biciklisti\u010dke cipele Specialized Torch 1.0 za cestovni biciklizam odlikuju se najboljim performansama u klasi, izvrsnim pristajanjem i iznimnom vrijedno\u0161\u0107u. Dizajneri Specializeda osigurali su visoku udobnost i savr\u0161eno pristajanje kori\u0161tenjem Body Geometry tehnologije.<\/p>","protected":false},"featured_media":8931,"template":"","meta":{"_acf_changed":false,"inline_featured_image":false},"product_brand":[673],"product_cat":[549],"product_tag":[1811,1787,1810,1816,1818,1589,1817,1819],"class_list":{"0":"post-8929","1":"product","2":"type-product","3":"status-publish","4":"has-post-thumbnail","6":"product_brand-specialized","7":"product_cat-kolesarski-cevlji","8":"product_tag-cevlji-specialized","9":"product_tag-kolesarski-cevlji","10":"product_tag-kolesarski-cevlji-specialized","11":"product_tag-kolesarski-cevlji-specialized-torch-1-0","12":"product_tag-kolesarski-cevlji-torch-1-0","13":"product_tag-specialized","14":"product_tag-specialized-torch-1-0","15":"product_tag-torch-1-0","16":"pa_velikost-762","18":"first","19":"instock","20":"sale","21":"taxable","22":"shipping-taxable","23":"purchasable","24":"product-type-variable"},"acf":[],"_links":{"self":[{"href":"https:\/\/ritosa.click.si\/hr\/wp-json\/wp\/v2\/product\/8929","targetHints":{"allow":["GET"]}}],"collection":[{"href":"https:\/\/ritosa.click.si\/hr\/wp-json\/wp\/v2\/product"}],"about":[{"href":"https:\/\/ritosa.click.si\/hr\/wp-json\/wp\/v2\/types\/product"}],"wp:featuredmedia":[{"embeddable":true,"href":"https:\/\/ritosa.click.si\/hr\/wp-json\/wp\/v2\/media\/8931"}],"wp:attachment":[{"href":"https:\/\/ritosa.click.si\/hr\/wp-json\/wp\/v2\/media?parent=8929"}],"wp:term":[{"taxonomy":"product_brand","embeddable":true,"href":"https:\/\/ritosa.click.si\/hr\/wp-json\/wp\/v2\/product_brand?post=8929"},{"taxonomy":"product_cat","embeddable":true,"href":"https:\/\/ritosa.click.si\/hr\/wp-json\/wp\/v2\/product_cat?post=8929"},{"taxonomy":"product_tag","embeddable":true,"href":"https:\/\/ritosa.click.si\/hr\/wp-json\/wp\/v2\/product_tag?post=8929"}],"curies":[{"name":"radni list","href":"https:\/\/api.w.org\/{rel}","templated":true}]}}