{"id":8920,"date":"2020-05-25T10:53:33","date_gmt":"2020-05-25T10:53:33","guid":{"rendered":"https:\/\/ritosa.click.si\/?post_type=product&#038;p=8920"},"modified":"2025-08-08T12:22:06","modified_gmt":"2025-08-08T10:22:06","slug":"rog-pony-marine","status":"publish","type":"product","link":"https:\/\/ritosa.click.si\/hr\/ducan\/biciklizam\/kotaci\/rog-pony-kolesa\/rog-pony-marine\/","title":{"rendered":"Rog PONY MARINE"},"content":{"rendered":"<p>Rog Marine je posebna verzija Ponyja, napravljena za nauti\u010dke entuzijaste i one koji puno putuju s kamperima i prikolicama. Izvanredna zna\u010dajka Rog Marine je njenih osam<strong> Shimano unutarnji zup\u010danici<\/strong>, \u0161to je najvi\u0161a ikad zabilje\u017eena vrijednost za ovu vrstu bicikla u Rogu. Bicikl je vrlo otporan na koroziju, jer je <strong>izra\u0111eni od nehr\u0111aju\u0107ih materijala (aluminija i nehr\u0111aju\u0107eg \u010delika)<\/strong>.<\/p>\n<p>Iznimna zna\u010dajka Rog Marine je i njezina<strong> izvrsna sklopivost - dimenzije sklopljenog bicikla su 80x77x40 centimetara<\/strong>, \u0161to zna\u010di da se mo\u017ee pohraniti u prtlja\u017enik automobila, kutiju kampera ili palubu jedrilice.<\/p>\n<ul class=\"technical-specifications\">\n<li><strong>Okvir:<\/strong> <i>Al6061, sklopivi okvir <\/i><\/li>\n<li><strong>Vilica:<\/strong> <i>Al6061, profilirane s nastavcima za V ko\u010dnice, 1 1\/8<\/i><\/li>\n<li><strong>Le\u017eaj upravlja\u010da:<\/strong> <i>Neco H112N, polintegriran le\u017eaj s navojem 1 1\/8<\/i><\/li>\n<li><strong>Le\u017eaj pogona:<\/strong> <i>Thun, 68mm BSA integrirani le\u017eaj, \u010detverorubna os<\/i><\/li>\n<li><strong>Pogonska osovina:<\/strong> <i>Radilica PIONEER-244A-2, 1\/8*44T*170mm<\/i><\/li>\n<li><strong>Glava upravlja\u010da:<\/strong> <i>Promax sklopivi, FB-314, 25,4 mm <\/i><\/li>\n<li><strong>Volan:<\/strong> <i>Ergotec Exclusive, 615 mm<\/i><\/li>\n<li><strong>Ru\u010dice ko\u010dnica:<\/strong> <i>Promax<\/i><\/li>\n<li><strong>Ko\u010dnice:<\/strong> <i>Shimano BR-T4000<\/i><\/li>\n<li><strong>Sajle:<\/strong> <i>Jagwire<\/i><\/li>\n<li><strong>Sjedalo:<\/strong> <i>Selle San Remo Mosel<\/i><\/li>\n<li><strong>Potpora sjedala:<\/strong> <i>Al6061, \u00d833,9 mm x 400 mm<\/i><\/li>\n<li><strong>Prednji pesto:<\/strong> <i>Shimano AHBTX500<\/i><\/li>\n<li><strong>Zadnji pesto:<\/strong> <i>Shimano Nexus 8 brzina<br \/>\n<\/i><\/li>\n<li><strong>Kola:<\/strong> <i>Nepal<\/i><\/li>\n<li><strong>Gume:<\/strong> <i>Michelin City J<br \/>\n<\/i><\/li>\n<li><strong>Lanac:<\/strong> <i>KMC, 1\/2-1\/8 Nehr\u0111aju\u0107i \u010delik<\/i><\/li>\n<li><strong>Pedale:<\/strong> <i>VP komponente -117 A sklopive<\/i><\/li>\n<li><strong>Svjetla:<\/strong> <i>Baterijske LED lampe<\/i><\/li>\n<li><strong>Blatobrani:<\/strong> <i>Eurofender DUO Marine<\/i><\/li>\n<li><strong>Stojalo:<\/strong> <i>Ursus &quot;MOOI&quot; crni<\/i><\/li>\n<li><strong>Te\u017eina:<\/strong> <i>14 kg (prosje\u010dna te\u017eina sastavljenog bicikla)<\/i><\/li>\n<\/ul>","protected":false},"excerpt":{"rendered":"<p>PONY MARINE truba \u2013 nova 8 brzina<\/p>\n<p>Rog Marine je posebna verzija Ponyja, napravljena za nauti\u010dke entuzijaste i one koji puno putuju s kamperima i prikolicama. Izvanredna zna\u010dajka Rog Marine je sedam unutarnjih Shimano brzina, \u0161to je najvi\u0161e za takve bicikle iz Roga do sada. Bicikl je vrlo otporan na koroziju, jer je izra\u0111en od materijala otpornih na hr\u0111u (aluminij i nehr\u0111aju\u0107i \u010delik).<\/p>","protected":false},"featured_media":19127,"template":"","meta":{"_acf_changed":false,"inline_featured_image":false,"_monsterinsights_skip_tracking":false,"_monsterinsights_sitenote_active":false,"_monsterinsights_sitenote_note":"","_monsterinsights_sitenote_category":0},"product_brand":[1194],"product_cat":[490],"product_tag":[],"class_list":{"0":"post-8920","1":"product","2":"type-product","3":"status-publish","4":"has-post-thumbnail","6":"product_brand-rog","7":"product_cat-rog-pony-kolesa","8":"pa_barva-bela","9":"pa_barva-modra","11":"first","12":"instock","13":"sale","14":"taxable","15":"shipping-taxable","16":"purchasable","17":"product-type-simple"},"acf":[],"aioseo_notices":[],"_links":{"self":[{"href":"https:\/\/ritosa.click.si\/hr\/wp-json\/wp\/v2\/product\/8920","targetHints":{"allow":["GET"]}}],"collection":[{"href":"https:\/\/ritosa.click.si\/hr\/wp-json\/wp\/v2\/product"}],"about":[{"href":"https:\/\/ritosa.click.si\/hr\/wp-json\/wp\/v2\/types\/product"}],"wp:featuredmedia":[{"embeddable":true,"href":"https:\/\/ritosa.click.si\/hr\/wp-json\/wp\/v2\/media\/19127"}],"wp:attachment":[{"href":"https:\/\/ritosa.click.si\/hr\/wp-json\/wp\/v2\/media?parent=8920"}],"wp:term":[{"taxonomy":"product_brand","embeddable":true,"href":"https:\/\/ritosa.click.si\/hr\/wp-json\/wp\/v2\/product_brand?post=8920"},{"taxonomy":"product_cat","embeddable":true,"href":"https:\/\/ritosa.click.si\/hr\/wp-json\/wp\/v2\/product_cat?post=8920"},{"taxonomy":"product_tag","embeddable":true,"href":"https:\/\/ritosa.click.si\/hr\/wp-json\/wp\/v2\/product_tag?post=8920"}],"curies":[{"name":"radni list","href":"https:\/\/api.w.org\/{rel}","templated":true}]}}