{"id":8901,"date":"2020-04-15T17:46:24","date_gmt":"2020-04-15T17:46:24","guid":{"rendered":"https:\/\/ritosa.click.si\/?post_type=product&#038;p=8901"},"modified":"2025-09-09T12:20:32","modified_gmt":"2025-09-09T10:20:32","slug":"otroska-nastavljiva-pomozna-kolesa-16-20","status":"publish","type":"product","link":"https:\/\/ritosa.click.si\/hr\/ducan\/biciklizam\/oprema-za-biciklizam\/dodatna-oprema-in-rezervni-deli\/pomozna-kolesa\/otroska-nastavljiva-pomozna-kolesa-16-20\/","title":{"rendered":"Dje\u010dji podesivi pomo\u0107ni kota\u010di 16\u201d-20\u201d"},"content":{"rendered":"<p><span lang=\"sl\" xml:lang=\"sl\"><span title=\"\">Podesivi dje\u010dji pomo\u0107ni kota\u010di 16\u201d-20\u201d.<\/span><\/span><\/p>\n<p><span lang=\"sl\" xml:lang=\"sl\"><span title=\"\">Dizajnirano za kota\u010de od 16&quot; - 20&quot;, priru\u010dnik je uklju\u010den u paket.\u00a0<\/span><\/p>\n<p><\/span><\/p>","protected":false},"excerpt":{"rendered":"<p>Dje\u010dji podesivi pomo\u0107ni kota\u010di 16\u201d-20\u201d<\/p>","protected":false},"featured_media":8902,"template":"","meta":{"_acf_changed":false,"inline_featured_image":false,"_monsterinsights_skip_tracking":false,"_monsterinsights_sitenote_active":false,"_monsterinsights_sitenote_note":"","_monsterinsights_sitenote_category":0},"product_brand":[],"product_cat":[559],"product_tag":[1420,1421,1198,1419,1416],"class_list":{"0":"post-8901","1":"product","2":"type-product","3":"status-publish","4":"has-post-thumbnail","6":"product_cat-pomozna-kolesa","7":"product_tag-16-20","8":"product_tag-nastavljiva-pomozna-kolesa","9":"product_tag-otroci","10":"product_tag-otroska-nastavljiva-pomozna-kolesa-16-20","11":"product_tag-pomozna-kolesa","13":"first","14":"instock","15":"sale","16":"taxable","17":"shipping-taxable","18":"purchasable","19":"product-type-simple"},"acf":[],"aioseo_notices":[],"_links":{"self":[{"href":"https:\/\/ritosa.click.si\/hr\/wp-json\/wp\/v2\/product\/8901","targetHints":{"allow":["GET"]}}],"collection":[{"href":"https:\/\/ritosa.click.si\/hr\/wp-json\/wp\/v2\/product"}],"about":[{"href":"https:\/\/ritosa.click.si\/hr\/wp-json\/wp\/v2\/types\/product"}],"wp:featuredmedia":[{"embeddable":true,"href":"https:\/\/ritosa.click.si\/hr\/wp-json\/wp\/v2\/media\/8902"}],"wp:attachment":[{"href":"https:\/\/ritosa.click.si\/hr\/wp-json\/wp\/v2\/media?parent=8901"}],"wp:term":[{"taxonomy":"product_brand","embeddable":true,"href":"https:\/\/ritosa.click.si\/hr\/wp-json\/wp\/v2\/product_brand?post=8901"},{"taxonomy":"product_cat","embeddable":true,"href":"https:\/\/ritosa.click.si\/hr\/wp-json\/wp\/v2\/product_cat?post=8901"},{"taxonomy":"product_tag","embeddable":true,"href":"https:\/\/ritosa.click.si\/hr\/wp-json\/wp\/v2\/product_tag?post=8901"}],"curies":[{"name":"radni list","href":"https:\/\/api.w.org\/{rel}","templated":true}]}}