{"id":8830,"date":"2020-01-06T10:49:44","date_gmt":"2020-01-06T10:49:44","guid":{"rendered":"https:\/\/ritosa.click.si\/?post_type=product&#038;p=8830"},"modified":"2026-03-06T19:43:21","modified_gmt":"2026-03-06T18:43:21","slug":"smucarska-celada-alpina-albona","status":"publish","type":"product","link":"https:\/\/ritosa.click.si\/hr\/ducan\/skijanje\/smucarska-oprema\/smucarske-celade\/odrasle-smucarske-celade\/smucarska-celada-alpina-albona\/","title":{"rendered":"Alpina Albona \u2013 plava"},"content":{"rendered":"<p>Skija\u0161ka kaciga Albona nudi beskompromisnu za\u0161titu uz mnoge nezamjenjive male detalje va\u017ene za va\u0161u sigurnost.<\/p>\n<div class=\"col-sm-12 productAdditionalData\">\n<div class=\"row additionalDataRow\">\n<ul>\n<li class=\"descriptionTitle col-xs-12 col-sm-3\">Zapenjanje Ergomatic: Zaponka, ki je bila preizku\u0161ena in testirana ne\u0161tetokrat, je uporabljena na vseh Alpininih \u010deladah. Ve\u010dstopenjsko prilagajanje, ki ga kontroliramo le z eno roko. Prav tako se zaponka ne more sama od sebe odpeti v primeru nesre\u010de.<\/li>\n<\/ul>\n<\/div>\n<div class=\"row additionalDataRow\">\n<ul>\n<li class=\"descriptionTitle col-xs-12 col-sm-3\">Tehnologija: Inmold tehnologija zagotavlja izjemno za\u0161\u010dito. HI-EPES notranje ogrodje, Lupina \u010delade je sestavljena iz dveh polikarbonatnih plo\u0161\u010d, ki sta zaradi procesa brez\u0161ivnega povezovanja zdru\u017eeni v nevidni pe\u010dat<\/li>\n<\/ul>\n<\/div>\n<div class=\"row additionalDataRow\">\n<ul>\n<li class=\"descriptionTitle col-xs-12 col-sm-3\">Lastnosti: Airstream control: omogo\u010da optimalno prezra\u010devanje in udobno po\u010dutje, Edge protect: dodatno oja\u010dani robovi<\/li>\n<\/ul>\n<\/div>\n<div class=\"row additionalDataRow\">\n<ul>\n<li class=\"descriptionTitle col-xs-12 col-sm-3\">Ostalo: Snemljiva in pralna tekstilna podloga, snemljivi u\u0161esniki, topla grelna za\u0161\u010dita vratu.<\/li>\n<\/ul>\n<\/div>\n<\/div>\n<p>&nbsp;<\/p>","protected":false},"excerpt":{"rendered":"<p>Smu\u010darska \u010delada Alpina Albona<\/p>","protected":false},"featured_media":8832,"template":"","meta":{"_acf_changed":false,"inline_featured_image":false},"product_brand":[678],"product_cat":[509],"product_tag":[],"class_list":{"0":"post-8830","1":"product","2":"type-product","3":"status-publish","4":"has-post-thumbnail","6":"product_brand-alpina","7":"product_cat-odrasle-smucarske-celade","8":"pa_velikost-57-61","10":"first","11":"instock","12":"sale","13":"taxable","14":"shipping-taxable","15":"purchasable","16":"product-type-variable"},"acf":[],"_links":{"self":[{"href":"https:\/\/ritosa.click.si\/hr\/wp-json\/wp\/v2\/product\/8830","targetHints":{"allow":["GET"]}}],"collection":[{"href":"https:\/\/ritosa.click.si\/hr\/wp-json\/wp\/v2\/product"}],"about":[{"href":"https:\/\/ritosa.click.si\/hr\/wp-json\/wp\/v2\/types\/product"}],"wp:featuredmedia":[{"embeddable":true,"href":"https:\/\/ritosa.click.si\/hr\/wp-json\/wp\/v2\/media\/8832"}],"wp:attachment":[{"href":"https:\/\/ritosa.click.si\/hr\/wp-json\/wp\/v2\/media?parent=8830"}],"wp:term":[{"taxonomy":"product_brand","embeddable":true,"href":"https:\/\/ritosa.click.si\/hr\/wp-json\/wp\/v2\/product_brand?post=8830"},{"taxonomy":"product_cat","embeddable":true,"href":"https:\/\/ritosa.click.si\/hr\/wp-json\/wp\/v2\/product_cat?post=8830"},{"taxonomy":"product_tag","embeddable":true,"href":"https:\/\/ritosa.click.si\/hr\/wp-json\/wp\/v2\/product_tag?post=8830"}],"curies":[{"name":"radni list","href":"https:\/\/api.w.org\/{rel}","templated":true}]}}