{"id":8817,"date":"2019-11-27T12:14:41","date_gmt":"2019-11-27T12:14:41","guid":{"rendered":"https:\/\/ritosa.click.si\/?post_type=product&#038;p=8817"},"modified":"2026-03-07T13:02:50","modified_gmt":"2026-03-07T12:02:50","slug":"drsalke-roces-moody-ice-3-0-white-aqua","status":"publish","type":"product","link":"https:\/\/ritosa.click.si\/hr\/ducan\/skijanje\/ostali-zimski-sporti\/drsalke\/drsalke-roces-moody-ice-3-0-white-aqua\/","title":{"rendered":"Klizaljke Roces MOODY Ice 3.0 bijelo-plave"},"content":{"rendered":"<p>Roces Moody klizaljke za mlade kliza\u010de. Prikladne su za trening i natjecanja. O\u0161trica je izra\u0111ena od uglji\u010dnog \u010delika, \u0161to omogu\u0107uje dugu izdr\u017eljivost. Anatomski su oblikovane za udobnije klizanje. Opremljene su sustavom za pode\u0161avanje veli\u010dine. Okvir je izra\u0111en od visokokvalitetnog polipropilena.<\/p>","protected":false},"excerpt":{"rendered":"<p>Roces Moody Ice 3.0 podesive klizaljke za djecu<\/p>\n<h2 class=\"entry-title\"><\/h2>","protected":false},"featured_media":8819,"template":"","meta":{"_acf_changed":false,"inline_featured_image":false},"product_brand":[684],"product_cat":[589],"product_tag":[1198],"class_list":{"0":"post-8817","1":"product","2":"type-product","3":"status-publish","4":"has-post-thumbnail","6":"product_brand-roces","7":"product_cat-drsalke","8":"product_tag-otroci","9":"pa_velikost-30-35","11":"first","12":"instock","13":"sale","14":"taxable","15":"shipping-taxable","16":"purchasable","17":"product-type-variable"},"acf":[],"_links":{"self":[{"href":"https:\/\/ritosa.click.si\/hr\/wp-json\/wp\/v2\/product\/8817","targetHints":{"allow":["GET"]}}],"collection":[{"href":"https:\/\/ritosa.click.si\/hr\/wp-json\/wp\/v2\/product"}],"about":[{"href":"https:\/\/ritosa.click.si\/hr\/wp-json\/wp\/v2\/types\/product"}],"wp:featuredmedia":[{"embeddable":true,"href":"https:\/\/ritosa.click.si\/hr\/wp-json\/wp\/v2\/media\/8819"}],"wp:attachment":[{"href":"https:\/\/ritosa.click.si\/hr\/wp-json\/wp\/v2\/media?parent=8817"}],"wp:term":[{"taxonomy":"product_brand","embeddable":true,"href":"https:\/\/ritosa.click.si\/hr\/wp-json\/wp\/v2\/product_brand?post=8817"},{"taxonomy":"product_cat","embeddable":true,"href":"https:\/\/ritosa.click.si\/hr\/wp-json\/wp\/v2\/product_cat?post=8817"},{"taxonomy":"product_tag","embeddable":true,"href":"https:\/\/ritosa.click.si\/hr\/wp-json\/wp\/v2\/product_tag?post=8817"}],"curies":[{"name":"radni list","href":"https:\/\/api.w.org\/{rel}","templated":true}]}}