{"id":8642,"date":"2019-07-05T12:28:43","date_gmt":"2019-07-05T12:28:43","guid":{"rendered":"https:\/\/ritosa.click.si\/?post_type=product&#038;p=8642"},"modified":"2025-09-02T12:20:13","modified_gmt":"2025-09-02T10:20:13","slug":"nosilec-koles-za-na-streho-mod-monza-alu","status":"publish","type":"product","link":"https:\/\/ritosa.click.si\/hr\/ducan\/biciklizam\/nosilci-koles\/za-avto\/nosilec-koles-za-na-streho-mod-monza-alu\/","title":{"rendered":"Krovni nosa\u010d bicikla MONZA ALU"},"content":{"rendered":"<p>Aluminijski nosa\u010d za bicikl koji se montira na krov - prtlja\u017enik automobila, potpuno bez alata. Aluminijski nosa\u010d za bicikl, sve metalne komponente izra\u0111ene su od nehr\u0111aju\u0107eg \u010delika, a kontaktni dijelovi od gume. Omogu\u0107uje zaklju\u010davanje bicikla.<\/p>\n<p>Pogodno za nosa\u010de prtljage do promjera cijevi 70x50 mm. Pogodno za sve debljine okvira, jer ima razne dodatke za u\u017ee i \u0161ire okvire.<\/p>\n<p>T\u00dcV certificirano.<\/p>\n<p><img decoding=\"async\" class=\"alignnone size-medium wp-image-19265\" src=\"https:\/\/ritosa.click.si\/wp-content\/uploads\/2008\/06\/peruzzo_roma_1-300x143.jpg\" alt=\"\" width=\"300\" height=\"143\" srcset=\"https:\/\/ritosa.click.si\/wp-content\/uploads\/2008\/06\/peruzzo_roma_1-300x143.jpg 300w, https:\/\/ritosa.click.si\/wp-content\/uploads\/2008\/06\/peruzzo_roma_1-150x72.jpg 150w, https:\/\/ritosa.click.si\/wp-content\/uploads\/2008\/06\/peruzzo_roma_1-18x9.jpg 18w, https:\/\/ritosa.click.si\/wp-content\/uploads\/2008\/06\/peruzzo_roma_1.jpg 506w\" sizes=\"(max-width: 300px) 100vw, 300px\" \/><\/p>","protected":false},"excerpt":{"rendered":"<p>Aluminijski nosa\u010d za bicikle za krov - prtlja\u017enik automobila.<\/p>","protected":false},"featured_media":8643,"template":"","meta":{"_acf_changed":false,"inline_featured_image":false},"product_brand":[685],"product_cat":[527],"product_tag":[1339,1312],"class_list":{"0":"post-8642","1":"product","2":"type-product","3":"status-publish","4":"has-post-thumbnail","6":"product_brand-peruzzo","7":"product_cat-za-avto","8":"product_tag-nosilec-monza","9":"product_tag-nosilec-za-na-streho","11":"first","12":"instock","13":"sale","14":"taxable","15":"shipping-taxable","16":"purchasable","17":"product-type-simple"},"acf":[],"_links":{"self":[{"href":"https:\/\/ritosa.click.si\/hr\/wp-json\/wp\/v2\/product\/8642","targetHints":{"allow":["GET"]}}],"collection":[{"href":"https:\/\/ritosa.click.si\/hr\/wp-json\/wp\/v2\/product"}],"about":[{"href":"https:\/\/ritosa.click.si\/hr\/wp-json\/wp\/v2\/types\/product"}],"wp:featuredmedia":[{"embeddable":true,"href":"https:\/\/ritosa.click.si\/hr\/wp-json\/wp\/v2\/media\/8643"}],"wp:attachment":[{"href":"https:\/\/ritosa.click.si\/hr\/wp-json\/wp\/v2\/media?parent=8642"}],"wp:term":[{"taxonomy":"product_brand","embeddable":true,"href":"https:\/\/ritosa.click.si\/hr\/wp-json\/wp\/v2\/product_brand?post=8642"},{"taxonomy":"product_cat","embeddable":true,"href":"https:\/\/ritosa.click.si\/hr\/wp-json\/wp\/v2\/product_cat?post=8642"},{"taxonomy":"product_tag","embeddable":true,"href":"https:\/\/ritosa.click.si\/hr\/wp-json\/wp\/v2\/product_tag?post=8642"}],"curies":[{"name":"radni list","href":"https:\/\/api.w.org\/{rel}","templated":true}]}}