{"id":8568,"date":"2019-02-06T12:47:52","date_gmt":"2019-02-06T12:47:52","guid":{"rendered":"https:\/\/ritosa.click.si\/?post_type=product&#038;p=8568"},"modified":"2025-06-23T15:21:13","modified_gmt":"2025-06-23T13:21:13","slug":"susilec-za-cevlje-in-rokavice","status":"publish","type":"product","link":"https:\/\/ritosa.click.si\/hr\/ducan\/skijanje\/ostali-zimski-sporti\/susilec-za-cevlje-in-rokavice\/","title":{"rendered":"Su\u0161ilica za cipele i rukavice"},"content":{"rendered":"<p>Su\u0161ilica za cipele\u00a0 <span id=\"result_box\" xml:lang=\"en\" lang=\"en\"><span class=\"hps\">u\u010dinkovito uklanja<\/span> <span class=\"hps\">vlage iz<\/span> <span class=\"hps\">cipele.<\/span> <span class=\"hps\">Ima minimalno<\/span> <span class=\"hps\">potro\u0161nja energije. Kori\u0161tenje su\u0161ilice sprje\u010dava stvaranje vlage i bakterija u cipelama.<span xml:lang=\"en\" lang=\"en\">\u00a0<span class=\"hps\">Oblik i<\/span> <span class=\"hps\">veli\u010dina<\/span> je<span class=\"hps\"> univerzalan<\/span><\/span><\/span><\/span><\/p>\n<p><span xml:lang=\"en\" lang=\"en\"><span class=\"hps\"><span xml:lang=\"en\" lang=\"en\"><span class=\"hps\">Materijal: PP \u2013 propilen<\/span><\/span><\/span><\/span><\/p>\n<p>Napon: 230 V<br \/>maks. snaga: 10 W<\/p>\n<p>Veli\u010dina: 10 \u00d7 5,2 \u00d7 2,7 cm<\/p>\n<p>Radna temperatura: 50\u00b0C \u2013 80\u00b0C<\/p>\n<p>Kabel: 1 m + 2 x 30 cm<\/p>","protected":false},"excerpt":{"rendered":"<p>Su\u0161ilica za cipele i rukavice<\/p>","protected":false},"featured_media":8569,"template":"","meta":{"_acf_changed":false,"inline_featured_image":false,"_monsterinsights_skip_tracking":false,"_monsterinsights_sitenote_active":false,"_monsterinsights_sitenote_note":"","_monsterinsights_sitenote_category":0},"product_brand":[],"product_cat":[513],"product_tag":[],"class_list":{"0":"post-8568","1":"product","2":"type-product","3":"status-publish","4":"has-post-thumbnail","6":"product_cat-ostali-zimski-sporti","8":"first","9":"onbackorder","10":"sale","11":"taxable","12":"shipping-taxable","13":"purchasable","14":"product-type-simple"},"acf":[],"aioseo_notices":[],"_links":{"self":[{"href":"https:\/\/ritosa.click.si\/hr\/wp-json\/wp\/v2\/product\/8568","targetHints":{"allow":["GET"]}}],"collection":[{"href":"https:\/\/ritosa.click.si\/hr\/wp-json\/wp\/v2\/product"}],"about":[{"href":"https:\/\/ritosa.click.si\/hr\/wp-json\/wp\/v2\/types\/product"}],"wp:featuredmedia":[{"embeddable":true,"href":"https:\/\/ritosa.click.si\/hr\/wp-json\/wp\/v2\/media\/8569"}],"wp:attachment":[{"href":"https:\/\/ritosa.click.si\/hr\/wp-json\/wp\/v2\/media?parent=8568"}],"wp:term":[{"taxonomy":"product_brand","embeddable":true,"href":"https:\/\/ritosa.click.si\/hr\/wp-json\/wp\/v2\/product_brand?post=8568"},{"taxonomy":"product_cat","embeddable":true,"href":"https:\/\/ritosa.click.si\/hr\/wp-json\/wp\/v2\/product_cat?post=8568"},{"taxonomy":"product_tag","embeddable":true,"href":"https:\/\/ritosa.click.si\/hr\/wp-json\/wp\/v2\/product_tag?post=8568"}],"curies":[{"name":"radni list","href":"https:\/\/api.w.org\/{rel}","templated":true}]}}