{"id":8481,"date":"2018-12-05T12:29:56","date_gmt":"2018-12-05T12:29:56","guid":{"rendered":"https:\/\/ritosa.click.si\/?post_type=product&#038;p=8481"},"modified":"2025-06-23T15:21:13","modified_gmt":"2025-06-23T13:21:13","slug":"grelec-za-roke-heating-pads","status":"publish","type":"product","link":"https:\/\/ritosa.click.si\/hr\/ducan\/skijanje\/ostali-zimski-sporti\/grelec-za-roke-heating-pads\/","title":{"rendered":"Grija\u010di za ruke GRIJA\u010cI"},"content":{"rendered":"<\/p>\n<p>Grija\u010d za rukavice. Koristan za sve vrste sportova u hladnim danima, posebno za skija\u0161e, snowboardere i bicikliste. Grija\u010d se ume\u0107e u rukavicu i ugodno grije na\u0161e hladne ruke tijekom aktivnosti.<\/p>\n<p>Ako su vam ruke hladne ili \u017eelite ugrijati jaknu, hla\u010de i drugu odje\u0107u, grija\u0107i jastu\u010di\u0107i su savr\u0161eni za vas. Osim ugodne topline, impresionirat \u0107e vas i svojom prakti\u010dnom veli\u010dinom, meko\u0107om i fleksibilnim oblikom. \u2022 Vrijeme emitiranja topline: 8 sati i vi\u0161e<br \/> \u2022 Prosje\u010dna temperatura: 55\u00b0C<br \/> \u2022 Paket uklju\u010duje par grija\u0107ih podloga<br \/> \u2022 Stavite ih u rukavice ili d\u017eep; aktiviraju se u kontaktu sa zrakom<\/p>\n<\/p>\n<p>Grija\u0107a podloga je nezamjenjiv proizvod za zagrijavanje tijela, namijenjen za upotrebu posebno na niskim temperaturama. Predstavlja novo i inovativno rje\u0161enje koje poti\u010de stvaranje topline putem male kemijske reakcije.<\/p>\n<p>\u00a0<\/p>\n<p>Jednostavna i prakti\u010dna metoda kori\u0161tenja pomo\u0107u zraka omogu\u0107uje da temperatura ulo\u0161ka odmah nakon otvaranja poraste izme\u0111u 35\u00b0 i 55\u00b0 Celzija (ovisno o vrsti ulo\u0161ka) i odr\u017eava tu temperaturu nekoliko sati.<\/p>\n<\/p>\n<p>\u00a0Grija\u0107e podloge su posebno prikladne za razne sportske aktivnosti, kao \u0161to su:<\/p>\n<p>\u00a0\u2013 skijanje ili snowboarding;<\/p>\n<p>\u2013 planinarenje i penjanje;<\/p>\n<p>\u00a0\u2013 biciklizam;<\/p>\n<p>\u00a0\u2013 kampiranje;<\/p>\n<p>\u00a0\u2013 lov;<\/p>\n<p>\u00a0\u2013 ribolov;<\/p>\n<p>\u00a0\u2013 kao i prilikom gledanja dru\u0161tvenih doga\u0111aja (koncerata, sportskih utakmica itd.);<\/p>\n<p>\u00a0\u2013 prilikom vo\u017enje motocikla;<\/p>\n<p>\u00a0\u00a0i u svim aktivnostima koje se provode na niskim temperaturama.<\/p>\n<p>\u00a0Grija\u0107e podloge tako\u0111er imaju ljekovita svojstva. Dokazano je da njihova upotreba poma\u017ee osobama sa slabom cirkulacijom, reumatskim problemima i menstrualnim problemima. U nastavku su tri najprodavanija artikla.<\/p>\n<p>RITOSA IZOLA<\/p>\n<p>\u00a0<\/p>","protected":false},"excerpt":{"rendered":"<p>Grija\u010d za ruke, djeluje do 8 sati<\/p><\/p>","protected":false},"featured_media":8482,"template":"","meta":{"_acf_changed":false,"inline_featured_image":false},"product_brand":[],"product_cat":[513],"product_tag":[],"class_list":{"0":"post-8481","1":"product","2":"type-product","3":"status-publish","4":"has-post-thumbnail","6":"product_cat-ostali-zimski-sporti","8":"first","9":"onbackorder","10":"sale","11":"taxable","12":"shipping-taxable","13":"purchasable","14":"product-type-simple"},"acf":[],"_links":{"self":[{"href":"https:\/\/ritosa.click.si\/hr\/wp-json\/wp\/v2\/product\/8481","targetHints":{"allow":["GET"]}}],"collection":[{"href":"https:\/\/ritosa.click.si\/hr\/wp-json\/wp\/v2\/product"}],"about":[{"href":"https:\/\/ritosa.click.si\/hr\/wp-json\/wp\/v2\/types\/product"}],"wp:featuredmedia":[{"embeddable":true,"href":"https:\/\/ritosa.click.si\/hr\/wp-json\/wp\/v2\/media\/8482"}],"wp:attachment":[{"href":"https:\/\/ritosa.click.si\/hr\/wp-json\/wp\/v2\/media?parent=8481"}],"wp:term":[{"taxonomy":"product_brand","embeddable":true,"href":"https:\/\/ritosa.click.si\/hr\/wp-json\/wp\/v2\/product_brand?post=8481"},{"taxonomy":"product_cat","embeddable":true,"href":"https:\/\/ritosa.click.si\/hr\/wp-json\/wp\/v2\/product_cat?post=8481"},{"taxonomy":"product_tag","embeddable":true,"href":"https:\/\/ritosa.click.si\/hr\/wp-json\/wp\/v2\/product_tag?post=8481"}],"curies":[{"name":"radni list","href":"https:\/\/api.w.org\/{rel}","templated":true}]}}