{"id":8406,"date":"2018-11-14T10:28:48","date_gmt":"2018-11-14T10:28:48","guid":{"rendered":"https:\/\/ritosa.click.si\/?post_type=product&#038;p=8406"},"modified":"2026-03-05T15:12:49","modified_gmt":"2026-03-05T14:12:49","slug":"roces-idea-up-30-35-black-silver","status":"publish","type":"product","link":"https:\/\/ritosa.click.si\/hr\/ducan\/skijanje\/smucarska-oprema\/smucarski-cevlji\/otroski-smucarski-cevlji\/roces-idea-up-30-35-black-silver\/","title":{"rendered":"Roces IDEA UP 30-35 crno-srebrna"},"content":{"rendered":"<p>Skija\u0161ke cipele koje rastu s dje\u010djim stopalom i lijepo se prilago\u0111avaju rastu stopala, noge i gle\u017enja. Sada u novom dizajnu s pobolj\u0161anim brtvljenjem koje sprje\u010dava ulazak vode i odr\u017eava ugodnu temperaturu unutar cipele. Sustav pode\u0161avanja jednostavan je za kori\u0161tenje.<\/p>\n<p>Skija\u0161ke cipele\u00a0<strong>PROCES IDEJE\u00a0<\/strong>je prva patentirana skija\u0161ka cipela koja raste s djetetom. Omogu\u0107uje pode\u0161avanje duljine i visine, prilago\u0111avaju\u0107i se rastu djetetovog stopala, noge i gle\u017enja. Skija\u0161ka cipela IDEA UP razvijena je posebno za mlade skija\u0161e i dizajnirana je kako bi u\u010denje i usavr\u0161avanje skijanja bilo \u0161to zabavnije i udobnije.<\/p>\n<p><strong>GLAVNE ZNA\u010cAJKE<\/strong><\/p>\n<ul>\n<li><strong>podesiva po duljini i visini<\/strong><\/li>\n<li><strong>veli\u010dina: 30 \u2013 35<\/strong><\/li>\n<li><strong>2 kop\u010de za zatvaranje<\/strong><\/li>\n<li><strong>Cipela je vrlo udobna.<\/strong><\/li>\n<li><strong>pogodno za djecu i mlade<\/strong><\/li>\n<\/ul>\n<p><strong>PREPORUKE<\/strong><br \/>\nSkija\u0161ke cipele su razvijene za skijanje, tako da njihovo kori\u0161tenje u bilo koju drugu svrhu mo\u017ee biti opasno.<\/p>\n<p><strong>Prije upotrebe provjerite i uvjerite se:<\/strong><br \/>\n\u2013 tako da postavka pristajanja optimalno odgovara veli\u010dini cipela<br \/>\n\u2013 nemojte sami ni\u0161ta mijenjati ili popravljati na cipelama, jer to mo\u017ee smanjiti sigurnost cipela<br \/>\n\u2013 za sve popravke obratite se ovla\u0161tenom servisnom centru<br \/>\n\u2013 da je mehanizam za pode\u0161avanje veli\u010dine ispravno pode\u0161en i zatvoren<br \/>\n\u2013 da je regulator visine postavljen na ispravnu visinu<br \/>\n\u2013 da je cipela pravilno zatvorena<br \/>\n\u2013 da su kop\u010de pri\u010dvr\u0161\u0107ene i prilago\u0111ene veli\u010dini stopala<br \/>\n\u2013 prije nego \u0161to pri\u010dvrstite cipelu na vezicu, provjerite je li dno cipele \u010disto<br \/>\n\u2013 s vremena na vrijeme provjerite ispravan rad mehanizama cipela<\/p>\n<p><strong>UPUTE ZA UPORABU I REGULACIJU<\/strong><\/p>\n<p>1) Mehanizam za\u00a0<strong>pode\u0161avanje veli\u010dine\u00a0<\/strong>cipela (SAS \u2013 sustav za pode\u0161avanje veli\u010dine \u0161koljke)<br \/>\n\u2013 otkop\u010dajte kop\u010de<br \/>\n\u2013 podignite polugu mehanizma<br \/>\n\u2013 okrenite mehanizam i pri\u010dvrstite ga na \u017eeljenu veli\u010dinu<\/p>\n<p>2) Mehanizam za\u00a0<strong>pode\u0161avanje visine<\/strong>\u00a0cipela<br \/>\n\u2013 odvrnite vijak mehanizma na stra\u017enjoj strani cipele<br \/>\n\u2013 podesite crnu plo\u010du na \u017eeljenu visinu<br \/>\n\u2013 uvrnite vijak u mehanizam<\/p>\n<p>3)\u00a0<strong>Postavljanje unutarnjeg umetka<\/strong>\u00a0(LBS \u2013 Sustav linijskih mijehova)<br \/>\n\u2013 LBS je mehanizam s automatskim pode\u0161avanjem<br \/>\n\u2013 unutarnji potplat se automatski produ\u017euje pode\u0161avanjem vanjske ljuske cipele<\/p>\n<p><strong>ODR\u017dAVANJE<\/strong><br \/>\nKako biste sprije\u010dili o\u0161te\u0107enje cipela, slijedite ove upute:<br \/>\n\u2013 Za \u010di\u0161\u0107enje koristite vodu. Nikada ne koristite deterd\u017eente ili kemikalije.<br \/>\n\u2013 nikada ne su\u0161ite unutarnje obloge u blizini izvora topline (radijatore, pe\u0107i itd.)<br \/>\n\u2013 prije nego \u0161to odlo\u017eite cipele, provjerite jesu li oba dijela cipele suha<br \/>\n\u2013 cipele uvijek \u010duvajte na suhom, tamnom i prozra\u010dnom mjestu<br \/>\n\u2013 nikada ne spremajte cipele pri\u010dvr\u0161\u0107ene na vezice<\/p>\n<p><strong>SIGURNOST i PONA\u0160ANJE NA SKIJALI\u0160TU<\/strong><br \/>\nKako biste skijanje u\u010dinili \u0161to sigurnijim, \u017eelimo vam dati sljede\u0107e savjete:<br \/>\n\u2013 provjerite je li cipela dobro zatvorena<br \/>\n\u2013 provjerite ispravnu postavku kop\u010di<br \/>\n\u2013 skijajte kontrolirano kako biste uvijek mogli sigurno stati ili zaobi\u0107i prepreku<br \/>\n\u2013 uvijek birajte \u017ei\u010dare i staze koje odgovaraju va\u0161im skija\u0161kim vje\u0161tinama<br \/>\n\u2013 ne skijajte izvan ozna\u010denih staza<br \/>\n\u2013 uvijek budite oprezni i obzirni prema drugim skija\u0161ima<\/p>\n<p>&nbsp;<\/p>","protected":false},"excerpt":{"rendered":"<p>Podesiva dje\u010dja skija\u0161ka pancerica ROCES IDEA UP 30-35<\/p>\n<p>Skija\u0161ke cipele koje rastu s dje\u010djim stopalom, prekrasno se prilago\u0111avaju\u0107i rastu stopala, noge i gle\u017enja. Sada u novom dizajnu s pobolj\u0161anim brtvljenjem koje sprje\u010dava ulazak vode i odr\u017eava ugodnu temperaturu unutar cipele. Sustav pode\u0161avanja jednostavan je za kori\u0161tenje.<\/p>","protected":false},"featured_media":8407,"template":"","meta":{"_acf_changed":false,"inline_featured_image":false},"product_brand":[684],"product_cat":[568],"product_tag":[1198],"class_list":{"0":"post-8406","1":"product","2":"type-product","3":"status-publish","4":"has-post-thumbnail","6":"product_brand-roces","7":"product_cat-otroski-smucarski-cevlji","8":"product_tag-otroci","10":"first","11":"instock","12":"sale","13":"taxable","14":"shipping-taxable","15":"purchasable","16":"product-type-simple"},"acf":[],"_links":{"self":[{"href":"https:\/\/ritosa.click.si\/hr\/wp-json\/wp\/v2\/product\/8406","targetHints":{"allow":["GET"]}}],"collection":[{"href":"https:\/\/ritosa.click.si\/hr\/wp-json\/wp\/v2\/product"}],"about":[{"href":"https:\/\/ritosa.click.si\/hr\/wp-json\/wp\/v2\/types\/product"}],"wp:featuredmedia":[{"embeddable":true,"href":"https:\/\/ritosa.click.si\/hr\/wp-json\/wp\/v2\/media\/8407"}],"wp:attachment":[{"href":"https:\/\/ritosa.click.si\/hr\/wp-json\/wp\/v2\/media?parent=8406"}],"wp:term":[{"taxonomy":"product_brand","embeddable":true,"href":"https:\/\/ritosa.click.si\/hr\/wp-json\/wp\/v2\/product_brand?post=8406"},{"taxonomy":"product_cat","embeddable":true,"href":"https:\/\/ritosa.click.si\/hr\/wp-json\/wp\/v2\/product_cat?post=8406"},{"taxonomy":"product_tag","embeddable":true,"href":"https:\/\/ritosa.click.si\/hr\/wp-json\/wp\/v2\/product_tag?post=8406"}],"curies":[{"name":"radni list","href":"https:\/\/api.w.org\/{rel}","templated":true}]}}