{"id":8393,"date":"2018-09-03T16:58:02","date_gmt":"2018-09-03T16:58:02","guid":{"rendered":"https:\/\/ritosa.click.si\/?post_type=product&#038;p=8393"},"modified":"2025-09-09T12:30:33","modified_gmt":"2025-09-09T10:30:33","slug":"otroska-pomozna-kolesa-montaza-na-2-vijaka","status":"publish","type":"product","link":"https:\/\/ritosa.click.si\/hr\/ducan\/biciklizam\/oprema-za-biciklizam\/dodatna-oprema-in-rezervni-deli\/pomozna-kolesa\/otroska-pomozna-kolesa-montaza-na-2-vijaka\/","title":{"rendered":"Dje\u010dji pomo\u0107ni kota\u010di - monta\u017ea s 2 vijka"},"content":{"rendered":"<p>Mogu\u0107a veli\u010dina za dje\u010dje bicikle \u2013 12\u201d, 14\u201d ili 16\u201d.<\/p>\n<p>Monta\u017ea s dva otvora.<\/p>","protected":false},"excerpt":{"rendered":"<p>Dje\u010dji kota\u010di za vje\u017ebanje.<\/p>","protected":false},"featured_media":8397,"template":"","meta":{"_acf_changed":false,"inline_featured_image":false},"product_brand":[],"product_cat":[559],"product_tag":[1423,1424,1198],"class_list":{"0":"post-8393","1":"product","2":"type-product","3":"status-publish","4":"has-post-thumbnail","6":"product_cat-pomozna-kolesa","7":"product_tag-1423","8":"product_tag-14-ali-16","9":"product_tag-otroci","10":"pa_velikost-12-2","11":"pa_velikost-14-2","12":"pa_velikost-16-2","14":"first","15":"instock","16":"taxable","17":"shipping-taxable","18":"purchasable","19":"product-type-variable"},"acf":[],"_links":{"self":[{"href":"https:\/\/ritosa.click.si\/hr\/wp-json\/wp\/v2\/product\/8393","targetHints":{"allow":["GET"]}}],"collection":[{"href":"https:\/\/ritosa.click.si\/hr\/wp-json\/wp\/v2\/product"}],"about":[{"href":"https:\/\/ritosa.click.si\/hr\/wp-json\/wp\/v2\/types\/product"}],"wp:featuredmedia":[{"embeddable":true,"href":"https:\/\/ritosa.click.si\/hr\/wp-json\/wp\/v2\/media\/8397"}],"wp:attachment":[{"href":"https:\/\/ritosa.click.si\/hr\/wp-json\/wp\/v2\/media?parent=8393"}],"wp:term":[{"taxonomy":"product_brand","embeddable":true,"href":"https:\/\/ritosa.click.si\/hr\/wp-json\/wp\/v2\/product_brand?post=8393"},{"taxonomy":"product_cat","embeddable":true,"href":"https:\/\/ritosa.click.si\/hr\/wp-json\/wp\/v2\/product_cat?post=8393"},{"taxonomy":"product_tag","embeddable":true,"href":"https:\/\/ritosa.click.si\/hr\/wp-json\/wp\/v2\/product_tag?post=8393"}],"curies":[{"name":"radni list","href":"https:\/\/api.w.org\/{rel}","templated":true}]}}