{"id":8390,"date":"2018-09-03T16:53:03","date_gmt":"2018-09-03T16:53:03","guid":{"rendered":"https:\/\/ritosa.click.si\/?post_type=product&#038;p=8390"},"modified":"2025-09-09T12:14:35","modified_gmt":"2025-09-09T10:14:35","slug":"gumirana-nastavljiva-pomozna-kolesa-12-20","status":"publish","type":"product","link":"https:\/\/ritosa.click.si\/hr\/ducan\/biciklizam\/oprema-za-biciklizam\/dodatna-oprema-in-rezervni-deli\/pomozna-kolesa\/gumirana-nastavljiva-pomozna-kolesa-12-20\/","title":{"rendered":"Gumirani podesivi pomo\u0107ni kota\u010di 12\u201d-20\u201d"},"content":{"rendered":"<p><span lang=\"sl\" xml:lang=\"sl\"><span title=\"\">Pomo\u0107ni kota\u010di 12-20\u2033\u00a0<\/span><\/span><\/p>\n<ul>\n<li><span lang=\"sl\" xml:lang=\"sl\"><span title=\"\">inovativna PVC guma<\/span><\/span><\/li>\n<li><span lang=\"sl\" xml:lang=\"sl\"><span title=\"\">kromirane stranice kota\u010da<\/span><\/span><\/li>\n<li><span lang=\"sl\" xml:lang=\"sl\"><span title=\"\">metalni dr\u017ea\u010d s 5 rupa<\/span><\/span><\/li>\n<li><span lang=\"sl\" xml:lang=\"sl\"><span title=\"\">dizajnirano za kota\u010de od 12&quot; - 20&quot;<\/span><\/span><\/li>\n<li><span lang=\"sl\" xml:lang=\"sl\"><span title=\"\">priru\u010dnik uklju\u010den u pakiranje<\/span><\/span><\/li>\n<\/ul>","protected":false},"excerpt":{"rendered":"<p>Dje\u010dji gumeni podesivi pomo\u0107ni kota\u010di 12\u201d-20\u201d<\/p>","protected":false},"featured_media":8391,"template":"","meta":{"_acf_changed":false,"inline_featured_image":false},"product_brand":[],"product_cat":[559],"product_tag":[1417,1418,1415,1198,1416],"class_list":{"0":"post-8390","1":"product","2":"type-product","3":"status-publish","4":"has-post-thumbnail","6":"product_cat-pomozna-kolesa","7":"product_tag-12-20","8":"product_tag-gumirana-nastavljiva-pomozna-kolesa","9":"product_tag-gumirana-nastavljiva-pomozna-kolesa-12-20","10":"product_tag-otroci","11":"product_tag-pomozna-kolesa","13":"first","14":"instock","15":"sale","16":"taxable","17":"shipping-taxable","18":"purchasable","19":"product-type-simple"},"acf":[],"_links":{"self":[{"href":"https:\/\/ritosa.click.si\/hr\/wp-json\/wp\/v2\/product\/8390","targetHints":{"allow":["GET"]}}],"collection":[{"href":"https:\/\/ritosa.click.si\/hr\/wp-json\/wp\/v2\/product"}],"about":[{"href":"https:\/\/ritosa.click.si\/hr\/wp-json\/wp\/v2\/types\/product"}],"wp:featuredmedia":[{"embeddable":true,"href":"https:\/\/ritosa.click.si\/hr\/wp-json\/wp\/v2\/media\/8391"}],"wp:attachment":[{"href":"https:\/\/ritosa.click.si\/hr\/wp-json\/wp\/v2\/media?parent=8390"}],"wp:term":[{"taxonomy":"product_brand","embeddable":true,"href":"https:\/\/ritosa.click.si\/hr\/wp-json\/wp\/v2\/product_brand?post=8390"},{"taxonomy":"product_cat","embeddable":true,"href":"https:\/\/ritosa.click.si\/hr\/wp-json\/wp\/v2\/product_cat?post=8390"},{"taxonomy":"product_tag","embeddable":true,"href":"https:\/\/ritosa.click.si\/hr\/wp-json\/wp\/v2\/product_tag?post=8390"}],"curies":[{"name":"radni list","href":"https:\/\/api.w.org\/{rel}","templated":true}]}}