{"id":8350,"date":"2018-09-03T09:04:58","date_gmt":"2018-09-03T09:04:58","guid":{"rendered":"https:\/\/ritosa.click.si\/?post_type=product&#038;p=8350"},"modified":"2026-03-19T19:04:02","modified_gmt":"2026-03-19T18:04:02","slug":"komplet-luci-bta","status":"publish","type":"product","link":"https:\/\/ritosa.click.si\/hr\/ducan\/biciklizam\/oprema-za-biciklizam\/dodatna-oprema-in-rezervni-deli\/luci-zarometi\/komplet-luci-bta\/","title":{"rendered":"Prednje svjetlo ALERT 350LM, USB + zvono"},"content":{"rendered":"<p>Osigurajte vrhunsku vidljivost i dodatnu sigurnost uz prednje LED svjetlo za bicikl snage 350 lumena. Opremljeno je i s 12 bo\u010dnih SMD LED dioda koje omogu\u0107uju bolju bo\u010dnu vidljivost i ve\u0107u sigurnost u prometu \u2013 danju i no\u0107u.<\/p>\n<p>Zna\u010dajke proizvoda:<\/p>\n<ul>\n<li>Izvor svjetla: 1 \u00d7 5W Samsung LED (350 lm), 12 \u00d7 bo\u010dnih SMD LED dioda za dodatnu vidljivost<\/li>\n<li>5 na\u010dina rada: 3 razine osvjetljenja, 1 na\u010din treptanja (flash), 1 elektroni\u010dko zvono<\/li>\n<li>Vrijeme rada: 2\u20136 sati (ovisno o na\u010dinu rada)<\/li>\n<li>Punjenje: Micro USB kabel (uklju\u010den)<\/li>\n<li>Dimenzije: 90 mm (D) \u00d7 33 mm (\u0160) \u00d7 21 mm (V)<\/li>\n<li>Materijal: kombinacija izdr\u017eljive plastike i aluminija<\/li>\n<li>Jednostavna monta\u017ea na upravlja\u010d<\/li>\n<\/ul>","protected":false},"excerpt":{"rendered":"<p>Prednje LED svjetlo za bicikl Alert 350LM, s USB punjenjem i ugra\u0111enim elektroni\u010dkim zvonom.<\/p>\n<p>&nbsp;<\/p>","protected":false},"featured_media":21958,"template":"","meta":{"_acf_changed":false,"inline_featured_image":false},"product_brand":[1559],"product_cat":[534],"product_tag":[1537,2275,1549],"class_list":{"0":"post-8350","1":"product","2":"type-product","3":"status-publish","4":"has-post-thumbnail","6":"product_brand-force","7":"product_cat-luci-zarometi","8":"product_tag-luc-za-kolo","9":"product_tag-prednja-luc","10":"product_tag-sprednja-luc","12":"first","13":"instock","14":"taxable","15":"shipping-taxable","16":"purchasable","17":"product-type-simple"},"acf":[],"_links":{"self":[{"href":"https:\/\/ritosa.click.si\/hr\/wp-json\/wp\/v2\/product\/8350","targetHints":{"allow":["GET"]}}],"collection":[{"href":"https:\/\/ritosa.click.si\/hr\/wp-json\/wp\/v2\/product"}],"about":[{"href":"https:\/\/ritosa.click.si\/hr\/wp-json\/wp\/v2\/types\/product"}],"wp:featuredmedia":[{"embeddable":true,"href":"https:\/\/ritosa.click.si\/hr\/wp-json\/wp\/v2\/media\/21958"}],"wp:attachment":[{"href":"https:\/\/ritosa.click.si\/hr\/wp-json\/wp\/v2\/media?parent=8350"}],"wp:term":[{"taxonomy":"product_brand","embeddable":true,"href":"https:\/\/ritosa.click.si\/hr\/wp-json\/wp\/v2\/product_brand?post=8350"},{"taxonomy":"product_cat","embeddable":true,"href":"https:\/\/ritosa.click.si\/hr\/wp-json\/wp\/v2\/product_cat?post=8350"},{"taxonomy":"product_tag","embeddable":true,"href":"https:\/\/ritosa.click.si\/hr\/wp-json\/wp\/v2\/product_tag?post=8350"}],"curies":[{"name":"radni list","href":"https:\/\/api.w.org\/{rel}","templated":true}]}}