{"id":8348,"date":"2018-09-03T08:42:34","date_gmt":"2018-09-03T08:42:34","guid":{"rendered":"https:\/\/ritosa.click.si\/?post_type=product&#038;p=8348"},"modified":"2025-09-19T11:33:08","modified_gmt":"2025-09-19T09:33:08","slug":"lelumia-blast-multi-cob-combo-500lm-50lm","status":"publish","type":"product","link":"https:\/\/ritosa.click.si\/hr\/ducan\/biciklizam\/oprema-za-biciklizam\/dodatna-oprema-in-rezervni-deli\/luci-zarometi\/lelumia-blast-multi-cob-combo-500lm-50lm\/","title":{"rendered":"Set svjetala LELUMIA BLAST MULTI COB COMBO 500LM+50LM"},"content":{"rendered":"<p><strong><span class=\"HwtZe\" lang=\"sl\" xml:lang=\"sl\"><span class=\"jCAhz ChMk0b\"><span class=\"ryNqvb\">BLAST<\/span><\/span><\/span><\/strong><\/p>\n<p><span class=\"HwtZe\" lang=\"sl\" xml:lang=\"sl\"><span class=\"jCAhz ChMk0b\"><span class=\"ryNqvb\">Prekrasno usmjereno svjetlo koje sja u smjeru u kojem idete. Pojednostavili smo to, jer ponekad vam je samo potrebno dobro svjetlo - a Blast je definitivno to!<\/span><\/span><\/span><\/p>\n<p><strong><span class=\"HwtZe\" lang=\"sl\" xml:lang=\"sl\"><span class=\"jCAhz ChMk0b\"><span class=\"ryNqvb\">MULTI COB<\/span><\/span> <\/span><\/strong><\/p>\n<p><span class=\"HwtZe\" lang=\"sl\" xml:lang=\"sl\"><span class=\"jCAhz ChMk0b\"><span class=\"ryNqvb\">45 COB LED dioda koje su uredno poravnane i rade zajedno kako bi emitirale 50 lumena.<\/span><\/span> <span class=\"jCAhz ChMk0b\"><span class=\"ryNqvb\">Multi Cob je izra\u0111en od najkvalitetnijeg materijala, \u0161to osigurava da ga svaki korisnik mo\u017ee koristiti s povjerenjem, znaju\u0107i da \u0107e biti vidljiv u svakom trenutku.<\/span><\/span> <span class=\"jCAhz ChMk0b\"><span class=\"ryNqvb\">S dodatnom kop\u010dom za remen, svjetlo je idealno za bicikliste, trka\u010de i sigurno se pri\u010dvr\u0161\u0107uje na cijevi sjedala, torbu ili odje\u0107u.<\/span><\/span><\/span><\/p>\n<p><strong>BLAST (sprijeda)<\/strong><\/p>\n<table class=\"table table-bordered\">\n<thead>\n<tr>\n<th>na\u010din<\/th>\n<th>sna\u017ean<\/th>\n<th>srednji<\/th>\n<th>SOS<\/th>\n<\/tr>\n<\/thead>\n<tbody>\n<tr>\n<th>Lumen<\/th>\n<td>500 lm<\/td>\n<td>350 lm<\/td>\n<td>250 lm<\/td>\n<\/tr>\n<tr>\n<th>vrijeme rada<\/th>\n<td>3,5 sata<\/td>\n<td>5 sati<\/td>\n<td>4 sata<\/td>\n<\/tr>\n<\/tbody>\n<\/table>\n<p><strong>MULTI COB <\/strong><strong>(trajati)<\/strong><\/p>\n<table class=\"table table-bordered\">\n<thead>\n<tr>\n<th>na\u010din<\/th>\n<th>sna\u017ean<\/th>\n<th>srednji<\/th>\n<th>nisko<\/th>\n<th>treperi<\/th>\n<th>brzo treptanje<\/th>\n<th>stroboskop<\/th>\n<\/tr>\n<\/thead>\n<tbody>\n<tr>\n<th>Lumen<\/th>\n<td>50 lm<\/td>\n<td>35 lm<\/td>\n<td>25 lm<\/td>\n<td>25 lm<\/td>\n<td>30 lm<\/td>\n<td>25 lm<\/td>\n<\/tr>\n<tr>\n<th>vrijeme rada<\/th>\n<td>2,5 sata<\/td>\n<td>6 sati<\/td>\n<td>12 sati<\/td>\n<td>18 sati<\/td>\n<td>16 sati<\/td>\n<td>8 sati<\/td>\n<\/tr>\n<\/tbody>\n<\/table>\n<p>&nbsp;<\/p>","protected":false},"excerpt":{"rendered":"<p><span class=\"desc\" style=\"font-weight: normal\">Lelumia set prednjih i stra\u017enjih svjetala<\/span><\/p>","protected":false},"featured_media":8349,"template":"","meta":{"_acf_changed":false,"inline_featured_image":false,"_monsterinsights_skip_tracking":false,"_monsterinsights_sitenote_active":false,"_monsterinsights_sitenote_note":"","_monsterinsights_sitenote_category":0},"product_brand":[1520],"product_cat":[534],"product_tag":[1544,1572,1517,1571,1546,1555],"class_list":{"0":"post-8348","1":"product","2":"type-product","3":"status-publish","4":"has-post-thumbnail","6":"product_brand-lelumia","7":"product_cat-luci-zarometi","8":"product_tag-lelumia","9":"product_tag-lelumia-blast-multi-cob-combo-500lm50lm","10":"product_tag-luci","11":"product_tag-set-luci","12":"product_tag-set-luci-lelumia","13":"product_tag-set-luci-za-kolo","15":"first","16":"instock","17":"taxable","18":"shipping-taxable","19":"purchasable","20":"product-type-simple"},"acf":[],"aioseo_notices":[],"_links":{"self":[{"href":"https:\/\/ritosa.click.si\/hr\/wp-json\/wp\/v2\/product\/8348","targetHints":{"allow":["GET"]}}],"collection":[{"href":"https:\/\/ritosa.click.si\/hr\/wp-json\/wp\/v2\/product"}],"about":[{"href":"https:\/\/ritosa.click.si\/hr\/wp-json\/wp\/v2\/types\/product"}],"wp:featuredmedia":[{"embeddable":true,"href":"https:\/\/ritosa.click.si\/hr\/wp-json\/wp\/v2\/media\/8349"}],"wp:attachment":[{"href":"https:\/\/ritosa.click.si\/hr\/wp-json\/wp\/v2\/media?parent=8348"}],"wp:term":[{"taxonomy":"product_brand","embeddable":true,"href":"https:\/\/ritosa.click.si\/hr\/wp-json\/wp\/v2\/product_brand?post=8348"},{"taxonomy":"product_cat","embeddable":true,"href":"https:\/\/ritosa.click.si\/hr\/wp-json\/wp\/v2\/product_cat?post=8348"},{"taxonomy":"product_tag","embeddable":true,"href":"https:\/\/ritosa.click.si\/hr\/wp-json\/wp\/v2\/product_tag?post=8348"}],"curies":[{"name":"radni list","href":"https:\/\/api.w.org\/{rel}","templated":true}]}}