{"id":8336,"date":"2018-08-30T12:45:53","date_gmt":"2018-08-30T12:45:53","guid":{"rendered":"https:\/\/ritosa.click.si\/?post_type=product&#038;p=8336"},"modified":"2025-09-19T12:19:43","modified_gmt":"2025-09-19T10:19:43","slug":"zadnja-lucka-topeak-redlite-ii-2","status":"publish","type":"product","link":"https:\/\/ritosa.click.si\/hr\/ducan\/biciklizam\/oprema-za-biciklizam\/dodatna-oprema-in-rezervni-deli\/luci-zarometi\/zadnja-lucka-topeak-redlite-ii-2\/","title":{"rendered":"Stra\u017enje svjetlo Topeak Redlite II"},"content":{"rendered":"<div>\n<p>\u010cetiri diode su raspore\u0111ene tako da pru\u017eaju \u0161irok kut osvjetljenja (220\u00b0).<\/p>\n<p>Mo\u017ee se montirati na cijevi sjedala, Topeak torbu ili prtlja\u017enik.<\/p>\n<\/div>\n<div>\n<p><strong>Zna\u010dajke:<\/strong><\/p>\n<ul>\n<li>\u017darulja: 4 crvene diode<\/li>\n<li>Na\u010din rada: stalno\/trep\u0107u\u0107e<\/li>\n<li>Baterija: CR2032 (2) (uklju\u010dena)<\/li>\n<li>Trajanje baterije: 60 sati\/100 sati<\/li>\n<li>Veli\u010dina: (D x \u0160 x V) 5,4 x 5,5 x 2,2 cm<\/li>\n<li>Te\u017eina 20 g<\/li>\n<\/ul>\n<\/div>","protected":false},"excerpt":{"rendered":"<p>Topeak Redlite II stra\u017enje svjetlo za bicikl<\/p>","protected":false},"featured_media":8337,"template":"","meta":{"_acf_changed":false,"inline_featured_image":false,"_monsterinsights_skip_tracking":false,"_monsterinsights_sitenote_active":false,"_monsterinsights_sitenote_note":"","_monsterinsights_sitenote_category":0},"product_brand":[1395],"product_cat":[534],"product_tag":[1539,1573,1574,1540],"class_list":{"0":"post-8336","1":"product","2":"type-product","3":"status-publish","4":"has-post-thumbnail","6":"product_brand-topeak","7":"product_cat-luci-zarometi","8":"product_tag-luc","9":"product_tag-luc-topeak","10":"product_tag-topeak-redlite-ii","11":"product_tag-zadnja-luc","13":"first","14":"instock","15":"sale","16":"taxable","17":"shipping-taxable","18":"purchasable","19":"product-type-simple"},"acf":[],"aioseo_notices":[],"_links":{"self":[{"href":"https:\/\/ritosa.click.si\/hr\/wp-json\/wp\/v2\/product\/8336","targetHints":{"allow":["GET"]}}],"collection":[{"href":"https:\/\/ritosa.click.si\/hr\/wp-json\/wp\/v2\/product"}],"about":[{"href":"https:\/\/ritosa.click.si\/hr\/wp-json\/wp\/v2\/types\/product"}],"wp:featuredmedia":[{"embeddable":true,"href":"https:\/\/ritosa.click.si\/hr\/wp-json\/wp\/v2\/media\/8337"}],"wp:attachment":[{"href":"https:\/\/ritosa.click.si\/hr\/wp-json\/wp\/v2\/media?parent=8336"}],"wp:term":[{"taxonomy":"product_brand","embeddable":true,"href":"https:\/\/ritosa.click.si\/hr\/wp-json\/wp\/v2\/product_brand?post=8336"},{"taxonomy":"product_cat","embeddable":true,"href":"https:\/\/ritosa.click.si\/hr\/wp-json\/wp\/v2\/product_cat?post=8336"},{"taxonomy":"product_tag","embeddable":true,"href":"https:\/\/ritosa.click.si\/hr\/wp-json\/wp\/v2\/product_tag?post=8336"}],"curies":[{"name":"radni list","href":"https:\/\/api.w.org\/{rel}","templated":true}]}}