{"id":8322,"date":"2018-08-30T09:23:57","date_gmt":"2018-08-30T09:23:57","guid":{"rendered":"https:\/\/ritosa.click.si\/?post_type=product&#038;p=8322"},"modified":"2025-09-26T11:56:33","modified_gmt":"2025-09-26T09:56:33","slug":"torbica-topeak-mtx-trunkbag-ex","status":"publish","type":"product","link":"https:\/\/ritosa.click.si\/hr\/ducan\/biciklizam\/oprema-za-biciklizam\/dodatna-oprema-in-rezervni-deli\/torbice\/torbica-topeak-mtx-trunkbag-ex\/","title":{"rendered":"Topeak Rx torba za prtlja\u017enik DXP"},"content":{"rendered":"<div class=\"clearfix text-formatted field field--name-field-summary field--type-text-long field--label-hidden field__item\">\n<p>Ve\u0107a torba za cestovne bicikle, savr\u0161ena za svakodnevno putovanje na posao, u \u0161kolu ili obavljanje svakodnevnih poslova. Tvrda pjena pru\u017ea izolaciju i odr\u017eava oblik torbe. Ima veliki glavni pretinac, dva bo\u010dna d\u017eepa s patentnim zatvara\u010dem koji se pro\u0161iruju u pune bisage i pro\u0161irivi vrh. Aerodinami\u010dni dizajn idealan je za cestovne i fitness bicikle. Kompatibilna je sa sustavom bo\u010dnih nosa\u010da QuickTrack\u00ae RX.<\/p>\n<\/div>\n<div class=\"clearfix text-formatted field field--name-body field--type-text-with-summary field--label-hidden field__item\">\n<p><strong>Zna\u010dajke:<\/strong><\/p>\n<ul>\n<li data-start=\"224\" data-end=\"238\">Pretinci: 1 glavni pretinac, 2 bo\u010dna pretinca s patentnim zatvara\u010dem (pro\u0161irivo u bo\u010dne torbe - bisage), vi\u0161estruko pro\u0161irivi gornji dio<\/li>\n<li data-start=\"224\" data-end=\"238\">3M\u2122 reflektiraju\u0107a traka za pove\u0107anu vidljivost<\/li>\n<li data-start=\"375\" data-end=\"393\">Volumen: 7,3 litre \/ 445 kubi\u010dnih in\u010da<\/li>\n<li data-start=\"434\" data-end=\"461\">Maksimalno optere\u0107enje: Ograni\u010deno maksimalnim nosivim kapacitetom prtlja\u017enika<\/li>\n<li data-start=\"514\" data-end=\"530\">Izolacija: \u010cvrsta pjena (za izolaciju i zadr\u017eavanje oblika)<\/li>\n<li data-start=\"584\" data-end=\"599\">Materijal: Poliester 600D<\/li>\n<li data-start=\"624\" data-end=\"647\">Na\u010din monta\u017ee: RX QuickTrack\u00ae s bo\u010dnim plo\u010dama za dodatnu stabilnost<\/li>\n<li>Kompatibilnost: RX stalci s bo\u010dnim okvirima<\/li>\n<li>Veli\u010dina: (D x \u0160 x V) 31 x 20,5 x 16 ~ 25 cm<\/li>\n<li>Te\u017eina: 755 g<\/li>\n<\/ul>\n<p><iframe title=\"Topeak - QuickTrack\u2122\" width=\"800\" height=\"450\" src=\"https:\/\/www.youtube.com\/embed\/IkqwnpOVQh8?start=3&#038;feature=oembed\" frameborder=\"0\" allow=\"accelerometer; autoplay; clipboard-write; encrypted-media; gyroscope; picture-in-picture; web-share\" referrerpolicy=\"strict-origin-when-cross-origin\" allowfullscreen><\/iframe><\/p>\n<\/div>","protected":false},"excerpt":{"rendered":"<p>Kompaktno dizajnirana putna torba za prtlja\u017enik Topeak Rx Trunk Bag DXP.<\/p>","protected":false},"featured_media":19805,"template":"","meta":{"_acf_changed":false,"inline_featured_image":false,"_monsterinsights_skip_tracking":false,"_monsterinsights_sitenote_active":false,"_monsterinsights_sitenote_note":"","_monsterinsights_sitenote_category":0},"product_brand":[1395],"product_cat":[517],"product_tag":[1766,1554,1715,1765,1714],"class_list":{"0":"post-8322","1":"product","2":"type-product","3":"status-publish","4":"has-post-thumbnail","6":"product_brand-topeak","7":"product_cat-torbice","8":"product_tag-rx-trunk-bag-dxp","9":"product_tag-topeak","10":"product_tag-torba-topeak","11":"product_tag-torba-topeak-rx-trunk-bag-dxp","12":"product_tag-torba-za-na-kolo","14":"first","15":"instock","16":"taxable","17":"shipping-taxable","18":"purchasable","19":"product-type-simple"},"acf":[],"aioseo_notices":[],"_links":{"self":[{"href":"https:\/\/ritosa.click.si\/hr\/wp-json\/wp\/v2\/product\/8322","targetHints":{"allow":["GET"]}}],"collection":[{"href":"https:\/\/ritosa.click.si\/hr\/wp-json\/wp\/v2\/product"}],"about":[{"href":"https:\/\/ritosa.click.si\/hr\/wp-json\/wp\/v2\/types\/product"}],"wp:featuredmedia":[{"embeddable":true,"href":"https:\/\/ritosa.click.si\/hr\/wp-json\/wp\/v2\/media\/19805"}],"wp:attachment":[{"href":"https:\/\/ritosa.click.si\/hr\/wp-json\/wp\/v2\/media?parent=8322"}],"wp:term":[{"taxonomy":"product_brand","embeddable":true,"href":"https:\/\/ritosa.click.si\/hr\/wp-json\/wp\/v2\/product_brand?post=8322"},{"taxonomy":"product_cat","embeddable":true,"href":"https:\/\/ritosa.click.si\/hr\/wp-json\/wp\/v2\/product_cat?post=8322"},{"taxonomy":"product_tag","embeddable":true,"href":"https:\/\/ritosa.click.si\/hr\/wp-json\/wp\/v2\/product_tag?post=8322"}],"curies":[{"name":"radni list","href":"https:\/\/api.w.org\/{rel}","templated":true}]}}