{"id":8314,"date":"2018-08-30T09:09:10","date_gmt":"2018-08-30T09:09:10","guid":{"rendered":"https:\/\/ritosa.click.si\/?post_type=product&#038;p=8314"},"modified":"2025-09-25T15:29:09","modified_gmt":"2025-09-25T13:29:09","slug":"torbica-topeak-tourguide-handlebar-bag","status":"publish","type":"product","link":"https:\/\/ritosa.click.si\/hr\/ducan\/biciklizam\/oprema-za-biciklizam\/dodatna-oprema-in-rezervni-deli\/torbice\/torbica-topeak-tourguide-handlebar-bag\/","title":{"rendered":"Topeak TourGuide torba za volan"},"content":{"rendered":"<div class=\"clearfix text-formatted field field--name-body field--type-text-with-summary field--label-hidden field__item\">\n<p>Torba za upravlja\u010d s ru\u010dkom srednje veli\u010dine s QuickClick\u2122 pri\u010dvr\u0161\u0107ivanjem i remenom za rame za jednostavno no\u0161enje. Podstavljeni, podijeljeni glavni pretinac plus prednji patentni zatvara\u010d i dva bo\u010dna d\u017eepa pru\u017eaju izvrsnu organizaciju. Idealna za putovanja, jednodnevne izlete i putovanje na posao. Uklju\u010duje navlaku za ki\u0161u.<\/p>\n<ul>\n<li><strong>DODATNE ZNA\u010cAJKE <\/strong>d\u017eep s prozirnim poklopcem za kartu, remen za rame, ru\u010dka, navlaka za ki\u0161u, 3M\u2122 reflektiraju\u0107a traka, prostor za sigurnosno svjetlo<\/li>\n<li><strong>PRI\u010cVR\u0160\u0106IVANJE TORBE NA UPRAVLJA\u010c <\/strong>QuickClick\u2122 nosa\u010d za upravlja\u010d (FIXER 8)<br \/>\nPrikladno za upravlja\u010de promjera \u00f825,4, \u00f828,6 i \u00f831,8 mm<\/li>\n<li><strong>KAPACITET <\/strong>5 l \/ 305 ci<\/li>\n<li><strong>ORGANIZACIJA <\/strong>Glavni pretinac, prednji d\u017eep s patentnim zatvara\u010dem, dva bo\u010dna d\u017eepa s patentnim zatvara\u010dem, d\u017eep za kartu s prozirnim poklopcem<\/li>\n<li><strong>MATERIJAL <\/strong>Najlon od 1800 \/ 840 deniera<\/li>\n<li><strong>MAKSIMALNI NOSIVOST<\/strong>T 5 kg \/ 11 lb<\/li>\n<li><strong>ZA\u0160TITA <\/strong>Potpuno podstavljeno<\/li>\n<li><strong>DIMENZIJE <\/strong>25,5 x 23 x 18 cm \/ 10&quot; x 9,1&quot; x 7,1&quot;<\/li>\n<li><strong>TE\u017dINA <\/strong>670 g \/ 1,48 lb<\/li>\n<\/ul>\n<\/div>","protected":false},"excerpt":{"rendered":"<p>Topeak TourGuide torba za volan 5L<\/p>","protected":false},"featured_media":8315,"template":"","meta":{"_acf_changed":false,"inline_featured_image":false,"_monsterinsights_skip_tracking":false,"_monsterinsights_sitenote_active":false,"_monsterinsights_sitenote_note":"","_monsterinsights_sitenote_category":0},"product_brand":[1395],"product_cat":[517],"product_tag":[1554,1716,1715,1718,1717],"class_list":{"0":"post-8314","1":"product","2":"type-product","3":"status-publish","4":"has-post-thumbnail","6":"product_brand-topeak","7":"product_cat-torbice","8":"product_tag-topeak","9":"product_tag-topeak-tourguide-handlebar-bag","10":"product_tag-torba-topeak","11":"product_tag-tourguide-handlebar","12":"product_tag-tourguide-handlebar-bag","14":"first","15":"instock","16":"sale","17":"taxable","18":"shipping-taxable","19":"purchasable","20":"product-type-simple"},"acf":[],"aioseo_notices":[],"_links":{"self":[{"href":"https:\/\/ritosa.click.si\/hr\/wp-json\/wp\/v2\/product\/8314","targetHints":{"allow":["GET"]}}],"collection":[{"href":"https:\/\/ritosa.click.si\/hr\/wp-json\/wp\/v2\/product"}],"about":[{"href":"https:\/\/ritosa.click.si\/hr\/wp-json\/wp\/v2\/types\/product"}],"wp:featuredmedia":[{"embeddable":true,"href":"https:\/\/ritosa.click.si\/hr\/wp-json\/wp\/v2\/media\/8315"}],"wp:attachment":[{"href":"https:\/\/ritosa.click.si\/hr\/wp-json\/wp\/v2\/media?parent=8314"}],"wp:term":[{"taxonomy":"product_brand","embeddable":true,"href":"https:\/\/ritosa.click.si\/hr\/wp-json\/wp\/v2\/product_brand?post=8314"},{"taxonomy":"product_cat","embeddable":true,"href":"https:\/\/ritosa.click.si\/hr\/wp-json\/wp\/v2\/product_cat?post=8314"},{"taxonomy":"product_tag","embeddable":true,"href":"https:\/\/ritosa.click.si\/hr\/wp-json\/wp\/v2\/product_tag?post=8314"}],"curies":[{"name":"radni list","href":"https:\/\/api.w.org\/{rel}","templated":true}]}}