{"id":8311,"date":"2018-08-30T08:42:25","date_gmt":"2018-08-30T08:42:25","guid":{"rendered":"https:\/\/ritosa.click.si\/?post_type=product&#038;p=8311"},"modified":"2025-09-26T09:52:01","modified_gmt":"2025-09-26T07:52:01","slug":"potovalna-torba-za-na-prtljaznik-wag-68l","status":"publish","type":"product","link":"https:\/\/ritosa.click.si\/hr\/ducan\/biciklizam\/oprema-za-biciklizam\/dodatna-oprema-in-rezervni-deli\/torbice\/potovalna-torba-za-na-prtljaznik-wag-68l\/","title":{"rendered":"Torba ACID TRUNK 8+7 RILINK"},"content":{"rendered":"<p data-start=\"45\" data-end=\"527\">ACID TRUNK 8+7 RILink olak\u0161ava kupovinu biciklom ili brzo pakiranje za vikend izlet. Ono \u0161to ovu torbu razlikuje od Trunk 8 je njezina pro\u0161irivost zahvaljuju\u0107i bo\u010dnim preklopnim d\u017eepovima. Kompatibilna je sa svim ACID i CUBE bisagama, a dodan je i podesivi remen za rame kako biste torbu mogli lako i prakti\u010dno ponijeti sa sobom. S reflektiraju\u0107im detaljima, mre\u017eastim d\u017eepom i prakti\u010dnom navlakom za ki\u0161u, ACID torba je prakti\u010dna i olak\u0161ava va\u0161e svakodnevne potrebe.<\/p>\n<p data-start=\"529\" data-end=\"543\"><strong data-start=\"529\" data-end=\"543\">Zna\u010dajke:<\/strong><\/p>\n<ul>\n<li data-start=\"547\" data-end=\"563\">navlaka za ki\u0161u<\/li>\n<li data-start=\"566\" data-end=\"597\">kompatibilan s ACID nosa\u010dima prtljage<\/li>\n<li data-start=\"600\" data-end=\"626\">podesivi remen za rame<\/li>\n<li data-start=\"629\" data-end=\"654\">sklopivi bo\u010dni d\u017eepovi<\/li>\n<li data-start=\"657\" data-end=\"675\">reflektiraju\u0107i elementi<\/li>\n<li data-start=\"678\" data-end=\"691\">mre\u017easti d\u017eep<\/li>\n<li data-start=\"694\" data-end=\"715\">materijal: poliester<\/li>\n<li data-start=\"694\" data-end=\"715\">Dimenzije: (D x \u0160 x V) 35 x 23 x 20 cm<\/li>\n<li data-start=\"694\" data-end=\"715\">Volumen: 8 + 7 litara<\/li>\n<\/ul>","protected":false},"excerpt":{"rendered":"<p>ACID TRUNK 8+7 RILINK putna torba za prtlja\u017enik<\/p>","protected":false},"featured_media":19769,"template":"","meta":{"_acf_changed":false,"inline_featured_image":false,"_monsterinsights_skip_tracking":false,"_monsterinsights_sitenote_active":false,"_monsterinsights_sitenote_note":"","_monsterinsights_sitenote_category":0},"product_brand":[1192],"product_cat":[517],"product_tag":[1586,1742,1740,993,1745,1744,914,1714,1743,1741],"class_list":{"0":"post-8311","1":"product","2":"type-product","3":"status-publish","4":"has-post-thumbnail","6":"product_brand-cube","7":"product_cat-torbice","8":"product_tag-acid","9":"product_tag-acid-trunk","10":"product_tag-acid-trunk-87-rilink","11":"product_tag-cube","12":"product_tag-potovalna-torba","13":"product_tag-potovalna-torba-cube","14":"product_tag-torba","15":"product_tag-torba-za-na-kolo","16":"product_tag-torba-za-na-prtljaznik","17":"product_tag-trunk-87-rilink","19":"first","20":"instock","21":"sale","22":"taxable","23":"shipping-taxable","24":"purchasable","25":"product-type-simple"},"acf":[],"aioseo_notices":[],"_links":{"self":[{"href":"https:\/\/ritosa.click.si\/hr\/wp-json\/wp\/v2\/product\/8311","targetHints":{"allow":["GET"]}}],"collection":[{"href":"https:\/\/ritosa.click.si\/hr\/wp-json\/wp\/v2\/product"}],"about":[{"href":"https:\/\/ritosa.click.si\/hr\/wp-json\/wp\/v2\/types\/product"}],"wp:featuredmedia":[{"embeddable":true,"href":"https:\/\/ritosa.click.si\/hr\/wp-json\/wp\/v2\/media\/19769"}],"wp:attachment":[{"href":"https:\/\/ritosa.click.si\/hr\/wp-json\/wp\/v2\/media?parent=8311"}],"wp:term":[{"taxonomy":"product_brand","embeddable":true,"href":"https:\/\/ritosa.click.si\/hr\/wp-json\/wp\/v2\/product_brand?post=8311"},{"taxonomy":"product_cat","embeddable":true,"href":"https:\/\/ritosa.click.si\/hr\/wp-json\/wp\/v2\/product_cat?post=8311"},{"taxonomy":"product_tag","embeddable":true,"href":"https:\/\/ritosa.click.si\/hr\/wp-json\/wp\/v2\/product_tag?post=8311"}],"curies":[{"name":"radni list","href":"https:\/\/api.w.org\/{rel}","templated":true}]}}