{"id":8297,"date":"2018-08-21T12:26:35","date_gmt":"2018-08-21T12:26:35","guid":{"rendered":"https:\/\/ritosa.click.si\/?post_type=product&#038;p=8297"},"modified":"2025-09-26T12:30:03","modified_gmt":"2025-09-26T10:30:03","slug":"trikotna-torbica-za-na-kolo","status":"publish","type":"product","link":"https:\/\/ritosa.click.si\/hr\/ducan\/biciklizam\/oprema-za-biciklizam\/dodatna-oprema-in-rezervni-deli\/torbice\/trikotna-torbica-za-na-kolo\/","title":{"rendered":"Author trokutasta torba"},"content":{"rendered":"<p>Trokutasta torba s patentnim zatvara\u010dem. Mogu\u0107nost monta\u017ee torbe na stra\u017enju ili prednju stranu okvira bicikla. Prakti\u010dni \u0161iroki patentni zatvara\u010d za jednostavno kori\u0161tenje. Torba A-R242 ima zaseban otvor za mobitel.<\/p>\n<p><strong>Zna\u010dajke:<\/strong><\/p>\n<ul>\n<li>Pri\u010dvr\u0161\u0107ivanje \u010di\u010dak trakama<\/li>\n<li>Dimenzije: 290 x 150 x 40 mm<\/li>\n<\/ul>","protected":false},"excerpt":{"rendered":"<p>Author trokutasta torba za okvir bicikla.<\/p>\n<p>&nbsp;<\/p>","protected":false},"featured_media":19815,"template":"","meta":{"_acf_changed":false,"inline_featured_image":false,"_monsterinsights_skip_tracking":false,"_monsterinsights_sitenote_active":false,"_monsterinsights_sitenote_note":"","_monsterinsights_sitenote_category":0},"product_brand":[672],"product_cat":[517],"product_tag":[1466,1711,1769,1768],"class_list":{"0":"post-8297","1":"product","2":"type-product","3":"status-publish","4":"has-post-thumbnail","6":"product_brand-author","7":"product_cat-torbice","8":"product_tag-author","9":"product_tag-torbica","10":"product_tag-torbica-author","11":"product_tag-torbica-trikotna-author","13":"first","14":"instock","15":"sale","16":"taxable","17":"shipping-taxable","18":"purchasable","19":"product-type-simple"},"acf":[],"aioseo_notices":[],"_links":{"self":[{"href":"https:\/\/ritosa.click.si\/hr\/wp-json\/wp\/v2\/product\/8297","targetHints":{"allow":["GET"]}}],"collection":[{"href":"https:\/\/ritosa.click.si\/hr\/wp-json\/wp\/v2\/product"}],"about":[{"href":"https:\/\/ritosa.click.si\/hr\/wp-json\/wp\/v2\/types\/product"}],"wp:featuredmedia":[{"embeddable":true,"href":"https:\/\/ritosa.click.si\/hr\/wp-json\/wp\/v2\/media\/19815"}],"wp:attachment":[{"href":"https:\/\/ritosa.click.si\/hr\/wp-json\/wp\/v2\/media?parent=8297"}],"wp:term":[{"taxonomy":"product_brand","embeddable":true,"href":"https:\/\/ritosa.click.si\/hr\/wp-json\/wp\/v2\/product_brand?post=8297"},{"taxonomy":"product_cat","embeddable":true,"href":"https:\/\/ritosa.click.si\/hr\/wp-json\/wp\/v2\/product_cat?post=8297"},{"taxonomy":"product_tag","embeddable":true,"href":"https:\/\/ritosa.click.si\/hr\/wp-json\/wp\/v2\/product_tag?post=8297"}],"curies":[{"name":"radni list","href":"https:\/\/api.w.org\/{rel}","templated":true}]}}