{"id":8288,"date":"2018-08-21T11:24:11","date_gmt":"2018-08-21T11:24:11","guid":{"rendered":"https:\/\/ritosa.click.si\/?post_type=product&#038;p=8288"},"modified":"2025-09-25T15:00:03","modified_gmt":"2025-09-25T13:00:03","slug":"torbica-topeak-compact-handlebar-bag","status":"publish","type":"product","link":"https:\/\/ritosa.click.si\/hr\/ducan\/biciklizam\/oprema-za-biciklizam\/dodatna-oprema-in-rezervni-deli\/torbice\/torbica-topeak-compact-handlebar-bag\/","title":{"rendered":"Torba Topeak Compact Handlebar Bag"},"content":{"rendered":"<div class=\"std\">\n<ul>\n<li>Materijal: 1800 denier<\/li>\n<li>Maks. nosivost: 5 kg<\/li>\n<li>Kapacitet: 2 l<\/li>\n<li>Veli\u010dina: (D x \u0160 x V) 22 x 13 x 18 cm<\/li>\n<li>Te\u017eina: 470 g<\/li>\n<li class=\"lastItem\">Ostalo: navlaka za ki\u0161u, remen za struk<\/li>\n<\/ul>\n<\/div>","protected":false},"excerpt":{"rendered":"<div class=\"std\">\n<p>Kompaktna torba koja se pri\u010dvr\u0161\u0107uje na upravlja\u010d. Idealna za va\u0161 fotoaparat, kameru, telefon i druge male predmete koje \u017eelite imati pri ruci. Mo\u017ee se nositi oko struka.<\/p>\n<\/div>","protected":false},"featured_media":8289,"template":"","meta":{"_acf_changed":false,"inline_featured_image":false,"_monsterinsights_skip_tracking":false,"_monsterinsights_sitenote_active":false,"_monsterinsights_sitenote_note":"","_monsterinsights_sitenote_category":0},"product_brand":[1395],"product_cat":[517],"product_tag":[1554,1711,1713,1712],"class_list":{"0":"post-8288","1":"product","2":"type-product","3":"status-publish","4":"has-post-thumbnail","6":"product_brand-topeak","7":"product_cat-torbice","8":"product_tag-topeak","9":"product_tag-torbica","10":"product_tag-torbica-topeak","11":"product_tag-torbica-za-na-kolo","13":"first","14":"instock","15":"sale","16":"taxable","17":"shipping-taxable","18":"purchasable","19":"product-type-simple"},"acf":[],"aioseo_notices":[],"_links":{"self":[{"href":"https:\/\/ritosa.click.si\/hr\/wp-json\/wp\/v2\/product\/8288","targetHints":{"allow":["GET"]}}],"collection":[{"href":"https:\/\/ritosa.click.si\/hr\/wp-json\/wp\/v2\/product"}],"about":[{"href":"https:\/\/ritosa.click.si\/hr\/wp-json\/wp\/v2\/types\/product"}],"wp:featuredmedia":[{"embeddable":true,"href":"https:\/\/ritosa.click.si\/hr\/wp-json\/wp\/v2\/media\/8289"}],"wp:attachment":[{"href":"https:\/\/ritosa.click.si\/hr\/wp-json\/wp\/v2\/media?parent=8288"}],"wp:term":[{"taxonomy":"product_brand","embeddable":true,"href":"https:\/\/ritosa.click.si\/hr\/wp-json\/wp\/v2\/product_brand?post=8288"},{"taxonomy":"product_cat","embeddable":true,"href":"https:\/\/ritosa.click.si\/hr\/wp-json\/wp\/v2\/product_cat?post=8288"},{"taxonomy":"product_tag","embeddable":true,"href":"https:\/\/ritosa.click.si\/hr\/wp-json\/wp\/v2\/product_tag?post=8288"}],"curies":[{"name":"radni list","href":"https:\/\/api.w.org\/{rel}","templated":true}]}}