{"id":8263,"date":"2018-08-21T09:30:57","date_gmt":"2018-08-21T09:30:57","guid":{"rendered":"https:\/\/ritosa.click.si\/?post_type=product&#038;p=8263"},"modified":"2025-09-25T15:49:09","modified_gmt":"2025-09-25T13:49:09","slug":"torbica-topeak-aero-wedge-pack-large","status":"publish","type":"product","link":"https:\/\/ritosa.click.si\/hr\/ducan\/biciklizam\/oprema-za-biciklizam\/dodatna-oprema-in-rezervni-deli\/torbice\/torbica-topeak-aero-wedge-pack-large\/","title":{"rendered":"Torba Topeak Aero Wedge Pack LARGE"},"content":{"rendered":"<p>Biciklisti\u010dka torba Topeak Aero Wedge Pack Large nudi puno prostora za pohranu biciklisti\u010dke opreme, grickalica i drugih potrep\u0161tina zahvaljuju\u0107i promi\u0161ljenom dizajnu. Biciklisti\u010dka torba Topeak Aero Wedge opremljena je 3M\u2122 reflektiraju\u0107im elementima koji pove\u0107avaju sigurnost tijekom... <em>cestovni biciklizam<\/em>.<\/p>\n<p><strong>Zna\u010dajke<\/strong><\/p>\n<ul>\n<li><em>Topeak Aero Wedge Pack biciklisti\u010dka torba.<\/em><\/li>\n<li>Gra\u0111evinarstvo <em>biciklisti\u010dke torbe<\/em> omogu\u0107uje jednostavno pode\u0161avanje volumena od 1,48 l do 1,97 l.<\/li>\n<li>Izdr\u017eljivi poliesterski materijal od 1200 deniera.<\/li>\n<li>Unutra\u0161njost s brojnim d\u017eepovima i ladicama omogu\u0107uje dobru organizaciju <em>oprema <\/em>i <em>alati za biciklizam<\/em>.<\/li>\n<li>Najlonske trake.<\/li>\n<li>Prikladno za promjer <em>nosa\u010di sjedala<\/em> od 27,2 mm do 34,9 mm.<\/li>\n<li>Reflektiraju\u0107i elementi.<\/li>\n<li>Petlja za pri\u010dvr\u0161\u0107ivanje lampica.<\/li>\n<li>Jednostavno se postavlja na sjedalo.<\/li>\n<li>Volumen od 1,48 l do 1,97 l.<\/li>\n<li>Dimenzije: 23 x 14 x 13 cm.<\/li>\n<li>Te\u017eina: 165 g.<\/li>\n<\/ul>","protected":false},"excerpt":{"rendered":"<p>Topeak Aero Wedge Large torba za bicikl mo\u017ee se pohvaliti dobro osmi\u0161ljenim dizajnom koji nudi dovoljno prostora za pohranu opreme, alata i ostalih potrep\u0161tina.<\/p>","protected":false},"featured_media":8264,"template":"","meta":{"_acf_changed":false,"inline_featured_image":false,"_monsterinsights_skip_tracking":false,"_monsterinsights_sitenote_active":false,"_monsterinsights_sitenote_note":"","_monsterinsights_sitenote_category":0},"product_brand":[1395],"product_cat":[517],"product_tag":[1721,1723,1554,1720,1722,1713],"class_list":{"0":"post-8263","1":"product","2":"type-product","3":"status-publish","4":"has-post-thumbnail","6":"product_brand-topeak","7":"product_cat-torbice","8":"product_tag-aero-wedge-pack","9":"product_tag-aero-wedge-pack-large","10":"product_tag-topeak","11":"product_tag-topeak-aero-wedge-pack","12":"product_tag-topeak-aero-wedge-pack-large","13":"product_tag-torbica-topeak","15":"first","16":"instock","17":"sale","18":"taxable","19":"shipping-taxable","20":"purchasable","21":"product-type-simple"},"acf":[],"aioseo_notices":[],"_links":{"self":[{"href":"https:\/\/ritosa.click.si\/hr\/wp-json\/wp\/v2\/product\/8263","targetHints":{"allow":["GET"]}}],"collection":[{"href":"https:\/\/ritosa.click.si\/hr\/wp-json\/wp\/v2\/product"}],"about":[{"href":"https:\/\/ritosa.click.si\/hr\/wp-json\/wp\/v2\/types\/product"}],"wp:featuredmedia":[{"embeddable":true,"href":"https:\/\/ritosa.click.si\/hr\/wp-json\/wp\/v2\/media\/8264"}],"wp:attachment":[{"href":"https:\/\/ritosa.click.si\/hr\/wp-json\/wp\/v2\/media?parent=8263"}],"wp:term":[{"taxonomy":"product_brand","embeddable":true,"href":"https:\/\/ritosa.click.si\/hr\/wp-json\/wp\/v2\/product_brand?post=8263"},{"taxonomy":"product_cat","embeddable":true,"href":"https:\/\/ritosa.click.si\/hr\/wp-json\/wp\/v2\/product_cat?post=8263"},{"taxonomy":"product_tag","embeddable":true,"href":"https:\/\/ritosa.click.si\/hr\/wp-json\/wp\/v2\/product_tag?post=8263"}],"curies":[{"name":"radni list","href":"https:\/\/api.w.org\/{rel}","templated":true}]}}