{"id":8257,"date":"2018-08-21T08:17:17","date_gmt":"2018-08-21T08:17:17","guid":{"rendered":"https:\/\/ritosa.click.si\/?post_type=product&#038;p=8257"},"modified":"2025-09-25T16:09:42","modified_gmt":"2025-09-25T14:09:42","slug":"torbica-specialized-seat-pack-m","status":"publish","type":"product","link":"https:\/\/ritosa.click.si\/hr\/ducan\/biciklizam\/oprema-za-biciklizam\/dodatna-oprema-in-rezervni-deli\/torbice\/torbica-specialized-seat-pack-m\/","title":{"rendered":"Specialized Seat Pack M torba"},"content":{"rendered":"<p>S dimenzijama 9x5x16 cm, Specialized torba omogu\u0107it \u0107e vam da ponesete najva\u017enije stvari sa sobom na putovanje. Pri\u010dvrstite torbu na sjedalo bicikla i putovanje mo\u017ee po\u010deti!<\/p>","protected":false},"excerpt":{"rendered":"<p>Specialized Seat Pack MEDIUM torba<\/p>","protected":false},"featured_media":8260,"template":"","meta":{"_acf_changed":false,"inline_featured_image":false},"product_brand":[673],"product_cat":[517],"product_tag":[1731,1589,1732,1730,1711,1733],"class_list":{"0":"post-8257","1":"product","2":"type-product","3":"status-publish","4":"has-post-thumbnail","6":"product_brand-specialized","7":"product_cat-torbice","8":"product_tag-seat-pack-medium","9":"product_tag-specialized","10":"product_tag-specialized-seat-pack","11":"product_tag-specialized-seat-pack-medium","12":"product_tag-torbica","13":"product_tag-torbica-specialized","14":"pa_barva-rdeca","15":"pa_barva-siva","17":"first","18":"instock","19":"sale","20":"taxable","21":"shipping-taxable","22":"purchasable","23":"product-type-variable"},"acf":[],"_links":{"self":[{"href":"https:\/\/ritosa.click.si\/hr\/wp-json\/wp\/v2\/product\/8257","targetHints":{"allow":["GET"]}}],"collection":[{"href":"https:\/\/ritosa.click.si\/hr\/wp-json\/wp\/v2\/product"}],"about":[{"href":"https:\/\/ritosa.click.si\/hr\/wp-json\/wp\/v2\/types\/product"}],"wp:featuredmedia":[{"embeddable":true,"href":"https:\/\/ritosa.click.si\/hr\/wp-json\/wp\/v2\/media\/8260"}],"wp:attachment":[{"href":"https:\/\/ritosa.click.si\/hr\/wp-json\/wp\/v2\/media?parent=8257"}],"wp:term":[{"taxonomy":"product_brand","embeddable":true,"href":"https:\/\/ritosa.click.si\/hr\/wp-json\/wp\/v2\/product_brand?post=8257"},{"taxonomy":"product_cat","embeddable":true,"href":"https:\/\/ritosa.click.si\/hr\/wp-json\/wp\/v2\/product_cat?post=8257"},{"taxonomy":"product_tag","embeddable":true,"href":"https:\/\/ritosa.click.si\/hr\/wp-json\/wp\/v2\/product_tag?post=8257"}],"curies":[{"name":"radni list","href":"https:\/\/api.w.org\/{rel}","templated":true}]}}