{"id":8201,"date":"2018-07-31T10:18:50","date_gmt":"2018-07-31T10:18:50","guid":{"rendered":"https:\/\/ritosa.click.si\/?post_type=product&#038;p=8201"},"modified":"2026-03-27T16:54:46","modified_gmt":"2026-03-27T15:54:46","slug":"enska-majica-specialized-baci","status":"publish","type":"product","link":"https:\/\/ritosa.click.si\/hr\/ducan\/biciklizam\/oprema-za-biciklizam\/kolesarska-oblacila\/enska-oblacila\/zenske-majice\/enska-majica-specialized-baci\/","title":{"rendered":"\u017denska majica Ziener Nelenia-Z"},"content":{"rendered":"<p>Zna\u010dajke:<\/p>\n<ul>\n<li data-section-id=\"n0iuzd\" data-start=\"132\" data-end=\"160\">Polovi\u010dni patentni zatvara\u010d sprijeda<\/li>\n<li data-section-id=\"1rnighk\" data-start=\"161\" data-end=\"182\">Tri stra\u017enja d\u017eepa<\/li>\n<li data-section-id=\"21qkwj\" data-start=\"183\" data-end=\"201\">Elasti\u010dni \u0161avovi<\/li>\n<li data-section-id=\"14yyi08\" data-start=\"202\" data-end=\"240\">Mre\u017easti umetci za dobru ventilaciju<\/li>\n<li data-section-id=\"1i0iyig\" data-start=\"241\" data-end=\"271\">Udoban, elasti\u010dan materijal<\/li>\n<li data-section-id=\"1bw66yf\" data-start=\"297\" data-end=\"342\">Grip Control \u2013 silikonski premaz na rubu<\/li>\n<li data-section-id=\"joboeb\" data-start=\"343\" data-end=\"360\">Brzo su\u0161enje<\/li>\n<li data-section-id=\"1u1jotq\" data-start=\"361\" data-end=\"392\">Regular fit (klasi\u010den kroj)<\/li>\n<\/ul>","protected":false},"excerpt":{"rendered":"<p>Funkcionalna \u017eenska biciklisti\u010dka majica Ziener Nelenia-Z s polovi\u010dnim patentnim zatvara\u010dem sprijeda.<\/p>","protected":false},"featured_media":22535,"template":"","meta":{"_acf_changed":false,"inline_featured_image":false,"_monsterinsights_skip_tracking":false,"_monsterinsights_sitenote_active":false,"_monsterinsights_sitenote_note":"","_monsterinsights_sitenote_category":0},"product_brand":[682],"product_cat":[625],"product_tag":[1199],"class_list":{"0":"post-8201","1":"product","2":"type-product","3":"status-publish","4":"has-post-thumbnail","6":"product_brand-ziener","7":"product_cat-zenske-majice","8":"product_tag-zenske","9":"pa_velikost-742","10":"pa_velikost-766","12":"first","13":"instock","14":"taxable","15":"shipping-taxable","16":"purchasable","17":"product-type-variable"},"acf":[],"aioseo_notices":[],"_links":{"self":[{"href":"https:\/\/ritosa.click.si\/hr\/wp-json\/wp\/v2\/product\/8201","targetHints":{"allow":["GET"]}}],"collection":[{"href":"https:\/\/ritosa.click.si\/hr\/wp-json\/wp\/v2\/product"}],"about":[{"href":"https:\/\/ritosa.click.si\/hr\/wp-json\/wp\/v2\/types\/product"}],"wp:featuredmedia":[{"embeddable":true,"href":"https:\/\/ritosa.click.si\/hr\/wp-json\/wp\/v2\/media\/22535"}],"wp:attachment":[{"href":"https:\/\/ritosa.click.si\/hr\/wp-json\/wp\/v2\/media?parent=8201"}],"wp:term":[{"taxonomy":"product_brand","embeddable":true,"href":"https:\/\/ritosa.click.si\/hr\/wp-json\/wp\/v2\/product_brand?post=8201"},{"taxonomy":"product_cat","embeddable":true,"href":"https:\/\/ritosa.click.si\/hr\/wp-json\/wp\/v2\/product_cat?post=8201"},{"taxonomy":"product_tag","embeddable":true,"href":"https:\/\/ritosa.click.si\/hr\/wp-json\/wp\/v2\/product_tag?post=8201"}],"curies":[{"name":"radni list","href":"https:\/\/api.w.org\/{rel}","templated":true}]}}