{"id":8189,"date":"2018-07-30T14:41:44","date_gmt":"2018-07-30T14:41:44","guid":{"rendered":"https:\/\/ritosa.click.si\/?post_type=product&#038;p=8189"},"modified":"2025-06-23T15:21:13","modified_gmt":"2025-06-23T13:21:13","slug":"moski-protektor-alpina-jsp-3-0","status":"publish","type":"product","link":"https:\/\/ritosa.click.si\/hr\/ducan\/skijanje\/ostali-zimski-sporti\/moski-protektor-alpina-jsp-3-0\/","title":{"rendered":"Mu\u0161ki \u0161titnik Alpina JSP 3.0"},"content":{"rendered":"<p>\u0160titnik za le\u0111a je vrlo lagan, elasti\u010dan, prozra\u010dan i udoban za no\u0161enje i bezbri\u017enu zabavu na snijegu. Kombinacija mekog vanjskog materijala i elasti\u010dnih trapezoidnih traka osigurava najbolju regulaciju temperature, optimalnu raspodjelu sile i udobno no\u0161enje bez klizanja. Vi\u0161eslojna i fleksibilna pjenasta podloga za le\u0111a izuzetno dobro \u0161titi kralje\u017enicu. Osim toga, podloga daje \u0161titniku fleksibilnost i stabilnost istovremeno, bez klizanja i ograni\u010davanja kretanja.<br \/> Pjena u za\u0161titniku ostaje fleksibilna \u010dak i na hladno\u0107i i zadovoljava standard EN 1621-2, razina 1.<\/p>","protected":false},"excerpt":{"rendered":"<div class=\"large-12 columns\">\n<div class=\"entry-content\" id=\"section-description\">\n<p>\u0160titnik za le\u0111a je vrlo lagan, elasti\u010dan, prozra\u010dan i udoban za no\u0161enje za bezbri\u017enu zabavu na snijegu. Kombinacija mekog vanjskog materijala i elasti\u010dnih trapezoidnih traka osigurava najbolju regulaciju temperature, optimalnu raspodjelu sile i udobno no\u0161enje bez klizanja.<\/p>\n<\/div>\n<\/div>","protected":false},"featured_media":8192,"template":"","meta":{"_acf_changed":false,"inline_featured_image":false},"product_brand":[678],"product_cat":[513],"product_tag":[1200],"class_list":{"0":"post-8189","1":"product","2":"type-product","3":"status-publish","4":"has-post-thumbnail","6":"product_brand-alpina","7":"product_cat-ostali-zimski-sporti","8":"product_tag-moski","9":"pa_velikost-l","10":"pa_velikost-xl","12":"first","13":"onbackorder","14":"sale","15":"taxable","16":"shipping-taxable","17":"purchasable","18":"product-type-variable"},"acf":[],"_links":{"self":[{"href":"https:\/\/ritosa.click.si\/hr\/wp-json\/wp\/v2\/product\/8189","targetHints":{"allow":["GET"]}}],"collection":[{"href":"https:\/\/ritosa.click.si\/hr\/wp-json\/wp\/v2\/product"}],"about":[{"href":"https:\/\/ritosa.click.si\/hr\/wp-json\/wp\/v2\/types\/product"}],"wp:featuredmedia":[{"embeddable":true,"href":"https:\/\/ritosa.click.si\/hr\/wp-json\/wp\/v2\/media\/8192"}],"wp:attachment":[{"href":"https:\/\/ritosa.click.si\/hr\/wp-json\/wp\/v2\/media?parent=8189"}],"wp:term":[{"taxonomy":"product_brand","embeddable":true,"href":"https:\/\/ritosa.click.si\/hr\/wp-json\/wp\/v2\/product_brand?post=8189"},{"taxonomy":"product_cat","embeddable":true,"href":"https:\/\/ritosa.click.si\/hr\/wp-json\/wp\/v2\/product_cat?post=8189"},{"taxonomy":"product_tag","embeddable":true,"href":"https:\/\/ritosa.click.si\/hr\/wp-json\/wp\/v2\/product_tag?post=8189"}],"curies":[{"name":"radni list","href":"https:\/\/api.w.org\/{rel}","templated":true}]}}