{"id":8184,"date":"2018-07-30T14:23:00","date_gmt":"2018-07-30T14:23:00","guid":{"rendered":"https:\/\/ritosa.click.si\/?post_type=product&#038;p=8184"},"modified":"2026-03-27T17:39:37","modified_gmt":"2026-03-27T16:39:37","slug":"otroski-protektor-alpina-jsp-3-0","status":"publish","type":"product","link":"https:\/\/ritosa.click.si\/hr\/ducan\/biciklizam\/oprema-za-biciklizam\/kolesarska-oblacila\/otroska-oblacila\/otroski-protektor-alpina-jsp-3-0\/","title":{"rendered":"Dje\u010dji \u0161titnik Alpina JSP 3.0"},"content":{"rendered":"<p><span style=\"color: #000000\">VELI\u010cINE 128\/134 ili 140\/146<\/span><\/p>\n<p><span style=\"color: #000000\">Vi\u0161eslojna i fleksibilna pjenasta podloga za le\u0111a pru\u017ea izvrsnu za\u0161titu kralje\u017enice. Osim toga, podloga daje \u0161titniku fleksibilnost i stabilnost bez klizanja ili ograni\u010davanja pokreta.<br \/>\nPjena u za\u0161titniku ostaje fleksibilna \u010dak i na hladno\u0107i i zadovoljava standard EN 1621-2, razina 1.<\/span><\/p>","protected":false},"excerpt":{"rendered":"<p>\u0160titnik za le\u0111a je vrlo lagan, elasti\u010dan, prozra\u010dan i udoban za no\u0161enje za bezbri\u017enu zabavu na snijegu. Kombinacija mekog vanjskog materijala i elasti\u010dnih trapezoidnih traka osigurava najbolju regulaciju temperature, optimalnu raspodjelu sile i udobno no\u0161enje bez klizanja.<\/p>","protected":false},"featured_media":8185,"template":"","meta":{"_acf_changed":false,"inline_featured_image":false},"product_brand":[678],"product_cat":[513,628],"product_tag":[1198],"class_list":{"0":"post-8184","1":"product","2":"type-product","3":"status-publish","4":"has-post-thumbnail","6":"product_brand-alpina","7":"product_cat-ostali-zimski-sporti","8":"product_cat-otroska-oblacila","9":"product_tag-otroci","11":"first","12":"onbackorder","13":"sale","14":"taxable","15":"shipping-taxable","16":"purchasable","17":"product-type-simple"},"acf":[],"_links":{"self":[{"href":"https:\/\/ritosa.click.si\/hr\/wp-json\/wp\/v2\/product\/8184","targetHints":{"allow":["GET"]}}],"collection":[{"href":"https:\/\/ritosa.click.si\/hr\/wp-json\/wp\/v2\/product"}],"about":[{"href":"https:\/\/ritosa.click.si\/hr\/wp-json\/wp\/v2\/types\/product"}],"wp:featuredmedia":[{"embeddable":true,"href":"https:\/\/ritosa.click.si\/hr\/wp-json\/wp\/v2\/media\/8185"}],"wp:attachment":[{"href":"https:\/\/ritosa.click.si\/hr\/wp-json\/wp\/v2\/media?parent=8184"}],"wp:term":[{"taxonomy":"product_brand","embeddable":true,"href":"https:\/\/ritosa.click.si\/hr\/wp-json\/wp\/v2\/product_brand?post=8184"},{"taxonomy":"product_cat","embeddable":true,"href":"https:\/\/ritosa.click.si\/hr\/wp-json\/wp\/v2\/product_cat?post=8184"},{"taxonomy":"product_tag","embeddable":true,"href":"https:\/\/ritosa.click.si\/hr\/wp-json\/wp\/v2\/product_tag?post=8184"}],"curies":[{"name":"radni list","href":"https:\/\/api.w.org\/{rel}","templated":true}]}}