{"id":8178,"date":"2018-07-30T14:16:26","date_gmt":"2018-07-30T14:16:26","guid":{"rendered":"https:\/\/ritosa.click.si\/?post_type=product&#038;p=8178"},"modified":"2025-10-23T17:07:26","modified_gmt":"2025-10-23T15:07:26","slug":"tofit-cereda-jakna","status":"publish","type":"product","link":"https:\/\/ritosa.click.si\/hr\/ducan\/biciklizam\/oprema-za-biciklizam\/kolesarska-oblacila\/enska-oblacila\/zenske-jakne\/tofit-cereda-jakna\/","title":{"rendered":"Jakna TOFIT Cereda"},"content":{"rendered":"<p><span class=\"Y2IQFc\" lang=\"sl\" xml:lang=\"sl\">Otkrijte na\u0161u Cereda zimsku jaknu, neophodan odjevni predmet koji kombinira jednostavnost i udobnost. Izra\u0111ena od vanjskog poliestera i mikrovlakana, te podstavljena reljefnim flisom iznutra, ova jakna osigurava konstantnu tjelesnu temperaturu tijekom dugih zimskih izleta, a istovremeno osigurava izvrsnu prozra\u010dnost. Sredi\u0161nji YKK patentni zatvara\u010d dodaje prakti\u010dnost i izdr\u017eljivost. Na stra\u017enjoj strani prona\u0107i \u0107ete tri prostrana d\u017eepa, zavr\u0161ena odgovaraju\u0107im ovratnikom, dok je sredi\u0161nji YKK d\u017eep s patentnim zatvara\u010dem dizajniran za va\u0161e klju\u010deve ili dragocjenosti. Prisutnost reflektiraju\u0107e mre\u017eice pove\u0107ava sigurnost u prometu. Visoki, mekani ovratnik iznutra dodaje da\u0161ak udobnosti i topline. Zagrlite zimu sa stilom i funkcionalno\u0161\u0107u.<\/span><\/p>","protected":false},"excerpt":{"rendered":"<p>Cereda zimska jakna koja spaja jednostavnost i udobnost.<\/p>","protected":false},"featured_media":8180,"template":"","meta":{"_acf_changed":false,"inline_featured_image":false},"product_brand":[1975],"product_cat":[626],"product_tag":[1977,1976,1979,1978,1980,1199],"class_list":{"0":"post-8178","1":"product","2":"type-product","3":"status-publish","4":"has-post-thumbnail","6":"product_brand-tofit","7":"product_cat-zenske-jakne","8":"product_tag-jakna-tofit","9":"product_tag-jakna-tofit-cereda","10":"product_tag-tofit","11":"product_tag-tofit-cereda","12":"product_tag-zenska-kolesarska-jakna-tofit-cereda","13":"product_tag-zenske","14":"pa_velikost-l","15":"pa_velikost-xl","17":"first","18":"instock","19":"sale","20":"taxable","21":"shipping-taxable","22":"purchasable","23":"product-type-variable"},"acf":[],"_links":{"self":[{"href":"https:\/\/ritosa.click.si\/hr\/wp-json\/wp\/v2\/product\/8178","targetHints":{"allow":["GET"]}}],"collection":[{"href":"https:\/\/ritosa.click.si\/hr\/wp-json\/wp\/v2\/product"}],"about":[{"href":"https:\/\/ritosa.click.si\/hr\/wp-json\/wp\/v2\/types\/product"}],"wp:featuredmedia":[{"embeddable":true,"href":"https:\/\/ritosa.click.si\/hr\/wp-json\/wp\/v2\/media\/8180"}],"wp:attachment":[{"href":"https:\/\/ritosa.click.si\/hr\/wp-json\/wp\/v2\/media?parent=8178"}],"wp:term":[{"taxonomy":"product_brand","embeddable":true,"href":"https:\/\/ritosa.click.si\/hr\/wp-json\/wp\/v2\/product_brand?post=8178"},{"taxonomy":"product_cat","embeddable":true,"href":"https:\/\/ritosa.click.si\/hr\/wp-json\/wp\/v2\/product_cat?post=8178"},{"taxonomy":"product_tag","embeddable":true,"href":"https:\/\/ritosa.click.si\/hr\/wp-json\/wp\/v2\/product_tag?post=8178"}],"curies":[{"name":"radni list","href":"https:\/\/api.w.org\/{rel}","templated":true}]}}