{"id":8151,"date":"2018-07-25T18:13:41","date_gmt":"2018-07-25T18:13:41","guid":{"rendered":"https:\/\/ritosa.click.si\/?post_type=product&#038;p=8151"},"modified":"2025-09-26T11:25:35","modified_gmt":"2025-09-26T09:25:35","slug":"nosilec-za-telefon-celly-easybike","status":"publish","type":"product","link":"https:\/\/ritosa.click.si\/hr\/ducan\/biciklizam\/oprema-za-biciklizam\/dodatna-oprema-in-rezervni-deli\/torbice\/nosilec-za-telefon-celly-easybike\/","title":{"rendered":"Dr\u017ea\u010d za telefon Celly Easybike"},"content":{"rendered":"<p>Celly Easybike je nosa\u010d za bicikl izra\u0111en od mekog silikona. Fleksibilan materijal omogu\u0107uje savr\u0161eno pristajanje i dr\u017eanje va\u0161eg pametnog telefona. Nosa\u010d mo\u017eete koristiti za svakodnevnu vo\u017enju biciklom ili za sportske aktivnosti.<\/p>\n<p>Tehni\u010dke zna\u010dajke:<\/p>\n<ul>\n<li>univerzalni nosa\u010d za bicikle<\/li>\n<li>materijal: silikon<\/li>\n<li>veli\u010dina: 162 x 78 mm<\/li>\n<li>vrhunska kvaliteta i jednostavno kori\u0161tenje<\/li>\n<\/ul>\n<p><a href=\"https:\/\/www.youtube.com\/watch?time_continue=29&amp;v=6BRIu_nPR2s\">https:\/\/www.youtube.com\/watch?time_continue=29&amp;v=6BRIu_nPR2s<\/a><\/p>","protected":false},"excerpt":{"rendered":"<p>Fantasti\u010dan dr\u017ea\u010d za telefon na upravlja\u010du bicikla u crnoj boji<\/p>","protected":false},"featured_media":8153,"template":"","meta":{"_acf_changed":false,"inline_featured_image":false,"_monsterinsights_skip_tracking":false,"_monsterinsights_sitenote_active":false,"_monsterinsights_sitenote_note":"","_monsterinsights_sitenote_category":0},"product_brand":[],"product_cat":[517],"product_tag":[1760,1757,1759,1758,1761],"class_list":{"0":"post-8151","1":"product","2":"type-product","3":"status-publish","4":"has-post-thumbnail","6":"product_cat-torbice","7":"product_tag-celly-easybike","8":"product_tag-nosilec-telefona","9":"product_tag-nosilec-telefona-za-na-kolo","10":"product_tag-nosilec-telefona-za-na-krmilo","11":"product_tag-nosilec-za-telefon","12":"pa_barva-crna","14":"first","15":"instock","16":"sale","17":"taxable","18":"shipping-taxable","19":"purchasable","20":"product-type-simple"},"acf":[],"aioseo_notices":[],"_links":{"self":[{"href":"https:\/\/ritosa.click.si\/hr\/wp-json\/wp\/v2\/product\/8151","targetHints":{"allow":["GET"]}}],"collection":[{"href":"https:\/\/ritosa.click.si\/hr\/wp-json\/wp\/v2\/product"}],"about":[{"href":"https:\/\/ritosa.click.si\/hr\/wp-json\/wp\/v2\/types\/product"}],"wp:featuredmedia":[{"embeddable":true,"href":"https:\/\/ritosa.click.si\/hr\/wp-json\/wp\/v2\/media\/8153"}],"wp:attachment":[{"href":"https:\/\/ritosa.click.si\/hr\/wp-json\/wp\/v2\/media?parent=8151"}],"wp:term":[{"taxonomy":"product_brand","embeddable":true,"href":"https:\/\/ritosa.click.si\/hr\/wp-json\/wp\/v2\/product_brand?post=8151"},{"taxonomy":"product_cat","embeddable":true,"href":"https:\/\/ritosa.click.si\/hr\/wp-json\/wp\/v2\/product_cat?post=8151"},{"taxonomy":"product_tag","embeddable":true,"href":"https:\/\/ritosa.click.si\/hr\/wp-json\/wp\/v2\/product_tag?post=8151"}],"curies":[{"name":"radni list","href":"https:\/\/api.w.org\/{rel}","templated":true}]}}