{"id":8141,"date":"2018-07-24T12:28:27","date_gmt":"2018-07-24T12:28:27","guid":{"rendered":"https:\/\/ritosa.click.si\/?post_type=product&#038;p=8141"},"modified":"2026-03-23T12:25:58","modified_gmt":"2026-03-23T11:25:58","slug":"portna-ocala-bliz-hybrid","status":"publish","type":"product","link":"https:\/\/ritosa.click.si\/hr\/ducan\/biciklizam\/oprema-za-biciklizam\/kolesarska-ocala\/portna-ocala-bliz-hybrid\/","title":{"rendered":"Sportske nao\u010dale BLIZ HYBRID"},"content":{"rendered":"<p>Hibrid je rezultat godina usavr\u0161avanja i finog pode\u0161avanja. Od svog lansiranja, Hybrid je brzo postao favorit na biciklisti\u010dkoj sceni, voljen i od rekreativnih voza\u010da i od elitnih timova. Vi\u0161i okvir, manji otpor i vrhunske performanse. Naravno, Hybrid nije samo za biciklizam - to je vrlo prilagodljiv model koji je tako\u0111er odli\u010dan izbor za druge multi-sportske aktivnosti. Testiran, dokazan i razvijen - Hybrid je o\u010diti izbor za svakoga tko od svoje opreme zahtijeva najvi\u0161e.<\/p>\n<p><strong>Svojstva le\u0107e<\/strong><br \/>\nHibrid je opremljen Hydro Lens Technology\u2122. Le\u0107a je izra\u0111ena od neuni\u0161tivog X-PC materijala visoke opti\u010dke kvalitete, \u0161to osigurava jasnu i o\u0161tru sliku u raznim vremenskim uvjetima. Uz glavnu le\u0107u, uklju\u010dene su dvije dodatne le\u0107e: jedna prozirna i jedna kontrastna le\u0107a. Le\u0107a nudi potpunu UV za\u0161titu, minimalno lom svjetlosti, za\u0161titu od ogrebotina i hidrofobna svojstva.<\/p>\n<p><strong>Materijali<\/strong><br \/>\nBudu\u0107i da je Hybrid izra\u0111en od Grilamida TR90, uspjeli smo zna\u010dajno smanjiti te\u017einu. Vrlo zna\u010dajno. Ispod magi\u010dne granice \u2013 Hybrid te\u017ei samo 30 grama. Grilamid TR90 ima prednost \u0161to je udoban za no\u0161enje i na vru\u0107em suncu i na jakoj hladno\u0107i.<\/p>\n<p><strong>Mogu\u0107nosti prilagodbe<\/strong><br \/>\nBudu\u0107i da ne postoje dvije potpuno iste glave, Hybrid je dizajniran s podesivim dijelom za nos i podesivim vrhovima ru\u010dki. Ne\u0107ete imati problema s pronala\u017eenjem savr\u0161enog pristajanja. Le\u0107u mo\u017eete jednostavno promijeniti jer Hybrid uklju\u010duje 2 dodatne le\u0107e - jednu prozirnu i jednu kontrastnu - kako bi se prilagodio svim vremenskim uvjetima.<\/p>","protected":false},"excerpt":{"rendered":"<p>BLIZ HYBRID sportske sun\u010dane nao\u010dale s le\u0107ama: dimljene + rezervne le\u0107e naran\u010daste i prozirne<\/p>","protected":false},"featured_media":8142,"template":"","meta":{"_acf_changed":false,"inline_featured_image":false,"_monsterinsights_skip_tracking":false,"_monsterinsights_sitenote_active":false,"_monsterinsights_sitenote_note":"","_monsterinsights_sitenote_category":0},"product_brand":[2053],"product_cat":[526],"product_tag":[2055,2033,2036,2056,2054],"class_list":{"0":"post-8141","1":"product","2":"type-product","3":"status-publish","4":"has-post-thumbnail","6":"product_brand-bliz","7":"product_cat-kolesarska-ocala","8":"product_tag-bliz-hybrid","9":"product_tag-kolesarska-ocala","10":"product_tag-sportna-ocala","11":"product_tag-sportna-ocala-bliz","12":"product_tag-sportna-ocala-bliz-hybrid","14":"first","15":"instock","16":"sale","17":"taxable","18":"shipping-taxable","19":"purchasable","20":"product-type-simple"},"acf":[],"aioseo_notices":[],"_links":{"self":[{"href":"https:\/\/ritosa.click.si\/hr\/wp-json\/wp\/v2\/product\/8141","targetHints":{"allow":["GET"]}}],"collection":[{"href":"https:\/\/ritosa.click.si\/hr\/wp-json\/wp\/v2\/product"}],"about":[{"href":"https:\/\/ritosa.click.si\/hr\/wp-json\/wp\/v2\/types\/product"}],"wp:featuredmedia":[{"embeddable":true,"href":"https:\/\/ritosa.click.si\/hr\/wp-json\/wp\/v2\/media\/8142"}],"wp:attachment":[{"href":"https:\/\/ritosa.click.si\/hr\/wp-json\/wp\/v2\/media?parent=8141"}],"wp:term":[{"taxonomy":"product_brand","embeddable":true,"href":"https:\/\/ritosa.click.si\/hr\/wp-json\/wp\/v2\/product_brand?post=8141"},{"taxonomy":"product_cat","embeddable":true,"href":"https:\/\/ritosa.click.si\/hr\/wp-json\/wp\/v2\/product_cat?post=8141"},{"taxonomy":"product_tag","embeddable":true,"href":"https:\/\/ritosa.click.si\/hr\/wp-json\/wp\/v2\/product_tag?post=8141"}],"curies":[{"name":"radni list","href":"https:\/\/api.w.org\/{rel}","templated":true}]}}