{"id":8135,"date":"2018-07-24T11:47:32","date_gmt":"2018-07-24T11:47:32","guid":{"rendered":"https:\/\/ritosa.click.si\/?post_type=product&#038;p=8135"},"modified":"2026-03-27T17:47:13","modified_gmt":"2026-03-27T16:47:13","slug":"soncna-ocala-alpina-flexxy-kids-girl","status":"publish","type":"product","link":"https:\/\/ritosa.click.si\/hr\/ducan\/biciklizam\/oprema-za-biciklizam\/kolesarska-ocala\/soncna-ocala-alpina-flexxy-kids-girl\/","title":{"rendered":"Alpina Flexxy dje\u010dje sun\u010dane nao\u010dale"},"content":{"rendered":"","protected":false},"excerpt":{"rendered":"<p>Nao\u010dale FLEXXY KIDS posebno su razvijene za djecu u dobi od 3 do 6 godina. Imaju fleksibilan okvir, \u0161to ih \u010dini jednostavnim za kori\u0161tenje u bilo kojoj aktivnosti. Djelomi\u010dno gumirana povr\u0161ina \u010dini ih vrlo udobnima za no\u0161enje. Le\u0107e imaju kerami\u010dki premaz koji je otporan na lomljenje i nudi 100% UV za\u0161titu.<\/p>","protected":false},"featured_media":8136,"template":"","meta":{"_acf_changed":false,"inline_featured_image":false},"product_brand":[678],"product_cat":[526],"product_tag":[1126,2017,2018,1201,2019,2016,2015],"class_list":{"0":"post-8135","1":"product","2":"type-product","3":"status-publish","4":"has-post-thumbnail","6":"product_brand-alpina","7":"product_cat-kolesarska-ocala","8":"product_tag-alpina-2","9":"product_tag-alpina-flexxy-kids","10":"product_tag-flexxy-kids","11":"product_tag-outlet","12":"product_tag-soncna-ocala","13":"product_tag-soncna-ocala-alpina","14":"product_tag-soncna-ocala-alpina-flexxy-kids","16":"first","17":"instock","18":"sale","19":"taxable","20":"shipping-taxable","21":"purchasable","22":"product-type-simple"},"acf":[],"_links":{"self":[{"href":"https:\/\/ritosa.click.si\/hr\/wp-json\/wp\/v2\/product\/8135","targetHints":{"allow":["GET"]}}],"collection":[{"href":"https:\/\/ritosa.click.si\/hr\/wp-json\/wp\/v2\/product"}],"about":[{"href":"https:\/\/ritosa.click.si\/hr\/wp-json\/wp\/v2\/types\/product"}],"wp:featuredmedia":[{"embeddable":true,"href":"https:\/\/ritosa.click.si\/hr\/wp-json\/wp\/v2\/media\/8136"}],"wp:attachment":[{"href":"https:\/\/ritosa.click.si\/hr\/wp-json\/wp\/v2\/media?parent=8135"}],"wp:term":[{"taxonomy":"product_brand","embeddable":true,"href":"https:\/\/ritosa.click.si\/hr\/wp-json\/wp\/v2\/product_brand?post=8135"},{"taxonomy":"product_cat","embeddable":true,"href":"https:\/\/ritosa.click.si\/hr\/wp-json\/wp\/v2\/product_cat?post=8135"},{"taxonomy":"product_tag","embeddable":true,"href":"https:\/\/ritosa.click.si\/hr\/wp-json\/wp\/v2\/product_tag?post=8135"}],"curies":[{"name":"radni list","href":"https:\/\/api.w.org\/{rel}","templated":true}]}}