{"id":8093,"date":"2018-07-04T15:53:45","date_gmt":"2018-07-04T15:53:45","guid":{"rendered":"https:\/\/ritosa.click.si\/?post_type=product&#038;p=8093"},"modified":"2026-03-30T09:03:06","modified_gmt":"2026-03-30T07:03:06","slug":"elektricni-skuter-invacare-colibri-18v","status":"publish","type":"product","link":"https:\/\/ritosa.click.si\/hr\/ducan\/invalidski-pripomocki\/vozicki-in-skuterji\/elektricni-skuter-invacare-colibri-18v\/","title":{"rendered":"Elektri\u010dni romobil Invacare Colibri 18V"},"content":{"rendered":"<p>Zna\u010dajke:<\/p>\n<ul>\n<li data-section-id=\"1et2dq3\" data-start=\"354\" data-end=\"466\">Opcionalni ve\u0107i kota\u010di i baterija: S njima korisnici mogu lako putovati po neravnom terenu.<\/li>\n<li data-section-id=\"11ypud3\" data-start=\"612\" data-end=\"731\">Jednostavno rastavljanje: Ugra\u0111eni sustav Invacare LiteLock\u2122 omogu\u0107uje jednostavno rastavljanje bez upotrebe alata.<\/li>\n<li data-section-id=\"1g8zmmf\" data-start=\"732\" data-end=\"883\">Pove\u0107ana udobnost: Mekano tapecirano sjedalo pru\u017ea udobnu vo\u017enju, a opcionalni komplet ovjesa sjedala \u201ceasy fit\u201d dodatno pove\u0107ava udobnost.<\/li>\n<li data-section-id=\"1rip7lf\" data-start=\"884\" data-end=\"998\">Izdr\u017eljivost: Colibri je izra\u0111en od materijala visokog standarda koji osiguravaju dug vijek trajanja.<\/li>\n<\/ul>\n<p>Tehni\u010dki podaci:<\/p>\n<ul>\n<li>\u0160irina sjedala: 400 mm<\/li>\n<li>Visina sjedala: podesiva od 370 \u2013 420 mm<\/li>\n<li>\u0160irina: 505 mm<\/li>\n<li>Duljina: 1010 mm<\/li>\n<li>Te\u017eina: 49 kg<\/li>\n<li>Maksimalna te\u017eina voza\u010da: 136 kg<\/li>\n<li>Baterija: 2 x 18 Ah<\/li>\n<li>Autonomija: 16 km<\/li>\n<li>Maksimalna brzina: 8 km\/h<\/li>\n<\/ul>","protected":false},"excerpt":{"rendered":"<p>Elektri\u010dni skuter Invacare Colibri je stabilan, pouzdan i jednostavan za kori\u0161tenje, prikladan za starije osobe, osobe s invaliditetom i sve koji se brzo umore. Kompaktni dizajn omogu\u0107uje izvrsnu manevriranje \u010dak i u uskim prostorima, dok mekano tapecirano sjedalo i opcionalni sustav ovjesa pru\u017eaju udobnu vo\u017enju. Jednostavno se rastavlja zahvaljuju\u0107i sustavu LiteLock, \u0161to omogu\u0107uje lak transport u prtlja\u017eniku automobila.<\/p>","protected":false},"featured_media":22515,"template":"","meta":{"_acf_changed":false,"inline_featured_image":false},"product_brand":[686],"product_cat":[543],"product_tag":[2274,2287,2289,2288],"class_list":{"0":"post-8093","1":"product","2":"type-product","3":"status-publish","4":"has-post-thumbnail","6":"product_brand-invacare","7":"product_cat-vozicki-in-skuterji","8":"product_tag-invacare","9":"product_tag-invacare-elektricni-skuterji","10":"product_tag-invacare-skuter","11":"product_tag-skuter","12":"pa_barva-modra","13":"pa_barva-rdeca","14":"pa_barva-zelena","16":"first","17":"onbackorder","18":"sale","19":"taxable","20":"shipping-taxable","21":"purchasable","22":"product-type-variable"},"acf":[],"_links":{"self":[{"href":"https:\/\/ritosa.click.si\/hr\/wp-json\/wp\/v2\/product\/8093","targetHints":{"allow":["GET"]}}],"collection":[{"href":"https:\/\/ritosa.click.si\/hr\/wp-json\/wp\/v2\/product"}],"about":[{"href":"https:\/\/ritosa.click.si\/hr\/wp-json\/wp\/v2\/types\/product"}],"wp:featuredmedia":[{"embeddable":true,"href":"https:\/\/ritosa.click.si\/hr\/wp-json\/wp\/v2\/media\/22515"}],"wp:attachment":[{"href":"https:\/\/ritosa.click.si\/hr\/wp-json\/wp\/v2\/media?parent=8093"}],"wp:term":[{"taxonomy":"product_brand","embeddable":true,"href":"https:\/\/ritosa.click.si\/hr\/wp-json\/wp\/v2\/product_brand?post=8093"},{"taxonomy":"product_cat","embeddable":true,"href":"https:\/\/ritosa.click.si\/hr\/wp-json\/wp\/v2\/product_cat?post=8093"},{"taxonomy":"product_tag","embeddable":true,"href":"https:\/\/ritosa.click.si\/hr\/wp-json\/wp\/v2\/product_tag?post=8093"}],"curies":[{"name":"radni list","href":"https:\/\/api.w.org\/{rel}","templated":true}]}}