{"id":8081,"date":"2018-07-04T13:37:20","date_gmt":"2018-07-04T13:37:20","guid":{"rendered":"https:\/\/ritosa.click.si\/?post_type=product&#038;p=8081"},"modified":"2026-03-30T09:03:06","modified_gmt":"2026-03-30T07:03:06","slug":"elektricni-skuter-invacare-orion-pro","status":"publish","type":"product","link":"https:\/\/ritosa.click.si\/hr\/ducan\/invalidski-pripomocki\/vozicki-in-skuterji\/elektricni-skuter-invacare-orion-pro\/","title":{"rendered":"Elektri\u010dni skuter Invacare Orion Pro"},"content":{"rendered":"<p>Zna\u010dajke:<\/p>\n<ul>\n<li>Podesivi nagib upravlja\u010da<\/li>\n<li>Ergonomski oblik upravlja\u010da<\/li>\n<li>Ru\u010dna ko\u010dnica i ko\u010dnica motora<\/li>\n<li>Ko\u010diona svjetla<\/li>\n<li>Automatsko smanjenje brzine pri skretanju<\/li>\n<\/ul>\n<p>Tehni\u010dki podaci:<\/p>\n<ul>\n<li>\u0160irina sjedala: 510 mm<\/li>\n<li>Visina sjedala: podesiva od 440 do 510 mm<\/li>\n<li>\u0160irina: 665 mm<\/li>\n<li>Duljina: 1320 mm<\/li>\n<li>Te\u017eina: 136 kg<\/li>\n<li>Najte\u017ea komponenta: 62 kg<\/li>\n<li>Maksimalna te\u017eina voza\u010da: 160 kg<\/li>\n<li>Baterija: 2 x 12V\/75Ah<\/li>\n<li>Motora: 550 W<\/li>\n<li>Autonomija: 55 km<\/li>\n<li>Maksimalna brzina: 15 km\/h<\/li>\n<\/ul>","protected":false},"excerpt":{"rendered":"<p>Invalidski skuter Orion Pro poznatog proizvo\u0111a\u010da <span class=\"hover:entity-accent entity-underline inline cursor-pointer align-baseline\"><span class=\"whitespace-normal\">Invacare<\/span><\/span>\u00a0pru\u017ea stabilnost, izdr\u017eljivost i vrhunski komfor, dizajniran je za sve koji imaju pote\u0161ko\u0107e pri hodanju, brzo se umaraju ili trebaju dodatnu podr\u0161ku u svakodnevnom kretanju. Izvrsna je opcija za starije osobe i invalide koji \u017eele zadr\u017eati samostalnost i aktivan \u017eivot. Pogodan je za kori\u0161tenje i u zatvorenom i na otvorenom.<\/p>\n<p>&nbsp;<\/p>","protected":false},"featured_media":21978,"template":"","meta":{"_acf_changed":false,"inline_featured_image":false,"_monsterinsights_skip_tracking":false,"_monsterinsights_sitenote_active":false,"_monsterinsights_sitenote_note":"","_monsterinsights_sitenote_category":0},"product_brand":[686],"product_cat":[543],"product_tag":[2273,2274],"class_list":{"0":"post-8081","1":"product","2":"type-product","3":"status-publish","4":"has-post-thumbnail","6":"product_brand-invacare","7":"product_cat-vozicki-in-skuterji","8":"product_tag-elekticni-skuter-invacare","9":"product_tag-invacare","10":"pa_barva-rdeca","11":"pa_barva-srebrna","13":"first","14":"instock","15":"sale","16":"taxable","17":"shipping-taxable","18":"purchasable","19":"product-type-variable"},"acf":[],"aioseo_notices":[],"_links":{"self":[{"href":"https:\/\/ritosa.click.si\/hr\/wp-json\/wp\/v2\/product\/8081","targetHints":{"allow":["GET"]}}],"collection":[{"href":"https:\/\/ritosa.click.si\/hr\/wp-json\/wp\/v2\/product"}],"about":[{"href":"https:\/\/ritosa.click.si\/hr\/wp-json\/wp\/v2\/types\/product"}],"wp:featuredmedia":[{"embeddable":true,"href":"https:\/\/ritosa.click.si\/hr\/wp-json\/wp\/v2\/media\/21978"}],"wp:attachment":[{"href":"https:\/\/ritosa.click.si\/hr\/wp-json\/wp\/v2\/media?parent=8081"}],"wp:term":[{"taxonomy":"product_brand","embeddable":true,"href":"https:\/\/ritosa.click.si\/hr\/wp-json\/wp\/v2\/product_brand?post=8081"},{"taxonomy":"product_cat","embeddable":true,"href":"https:\/\/ritosa.click.si\/hr\/wp-json\/wp\/v2\/product_cat?post=8081"},{"taxonomy":"product_tag","embeddable":true,"href":"https:\/\/ritosa.click.si\/hr\/wp-json\/wp\/v2\/product_tag?post=8081"}],"curies":[{"name":"radni list","href":"https:\/\/api.w.org\/{rel}","templated":true}]}}