{"id":8068,"date":"2018-07-04T12:47:39","date_gmt":"2018-07-04T12:47:39","guid":{"rendered":"https:\/\/ritosa.click.si\/?post_type=product&#038;p=8068"},"modified":"2026-03-30T09:03:07","modified_gmt":"2026-03-30T07:03:07","slug":"elektricni-skuter-invacare-orion-metro","status":"publish","type":"product","link":"https:\/\/ritosa.click.si\/hr\/ducan\/invalidski-pripomocki\/vozicki-in-skuterji\/elektricni-skuter-invacare-orion-metro\/","title":{"rendered":"Elektri\u010dni skuter Invacare Orion Metro"},"content":{"rendered":"<p>Zna\u010dajke:<\/p>\n<ul>\n<li>Podesivi nagib upravlja\u010da<\/li>\n<li>Ergonomski oblik upravlja\u010da<\/li>\n<li>Ru\u010dna ko\u010dnica i ko\u010dnica motora<\/li>\n<li>Ko\u010diona svjetla<\/li>\n<li>Automatsko smanjenje brzine pri skretanju<\/li>\n<\/ul>\n<p>Tehni\u010dki podaci:<\/p>\n<ul>\n<li>\u0160irina sjedala: 510 mm<\/li>\n<li>Visina sjedala: podesiva od 440 do 510 mm<\/li>\n<li>\u0160irina: 665 mm<\/li>\n<li>Dol\u017eina: 1270 mm<\/li>\n<li>Te\u017eina: 110 kg<\/li>\n<li>Najte\u017ea komponenta: 57 kg<\/li>\n<li>Maksimalna te\u017eina voza\u010da: 136 kg<\/li>\n<li>Baterija: 2 x 12V\/40Ah<\/li>\n<li>Autonomija: 35 km<\/li>\n<li>Maksimalna brzina: 10 km\/h<\/li>\n<\/ul>","protected":false},"excerpt":{"rendered":"<p>Invalidski skuter Orion Metro proizvo\u0111a\u010da <span class=\"hover:entity-accent entity-underline inline cursor-pointer align-baseline\"><span class=\"whitespace-normal\">Invacare<\/span><\/span> Povezuje naprednu tehnologiju, sigurnosne funkcije i jednostavnu upotrebu. Dizajniran je za korisnike koji \u017eele pouzdanu, udobnu i sigurnu mobilnost, kako u urbanim sredinama, tako i na du\u017eim putovanjima.<\/p>","protected":false},"featured_media":22504,"template":"","meta":{"_acf_changed":false,"inline_featured_image":false},"product_brand":[686],"product_cat":[543],"product_tag":[],"class_list":{"0":"post-8068","1":"product","2":"type-product","3":"status-publish","4":"has-post-thumbnail","6":"product_brand-invacare","7":"product_cat-vozicki-in-skuterji","8":"pa_barva-rdeca","9":"pa_barva-srebrna","11":"first","12":"instock","13":"sale","14":"taxable","15":"shipping-taxable","16":"purchasable","17":"product-type-variable"},"acf":[],"_links":{"self":[{"href":"https:\/\/ritosa.click.si\/hr\/wp-json\/wp\/v2\/product\/8068","targetHints":{"allow":["GET"]}}],"collection":[{"href":"https:\/\/ritosa.click.si\/hr\/wp-json\/wp\/v2\/product"}],"about":[{"href":"https:\/\/ritosa.click.si\/hr\/wp-json\/wp\/v2\/types\/product"}],"wp:featuredmedia":[{"embeddable":true,"href":"https:\/\/ritosa.click.si\/hr\/wp-json\/wp\/v2\/media\/22504"}],"wp:attachment":[{"href":"https:\/\/ritosa.click.si\/hr\/wp-json\/wp\/v2\/media?parent=8068"}],"wp:term":[{"taxonomy":"product_brand","embeddable":true,"href":"https:\/\/ritosa.click.si\/hr\/wp-json\/wp\/v2\/product_brand?post=8068"},{"taxonomy":"product_cat","embeddable":true,"href":"https:\/\/ritosa.click.si\/hr\/wp-json\/wp\/v2\/product_cat?post=8068"},{"taxonomy":"product_tag","embeddable":true,"href":"https:\/\/ritosa.click.si\/hr\/wp-json\/wp\/v2\/product_tag?post=8068"}],"curies":[{"name":"radni list","href":"https:\/\/api.w.org\/{rel}","templated":true}]}}