{"id":8064,"date":"2018-07-04T12:45:05","date_gmt":"2018-07-04T12:45:05","guid":{"rendered":"https:\/\/ritosa.click.si\/?post_type=product&#038;p=8064"},"modified":"2026-03-30T09:03:07","modified_gmt":"2026-03-30T07:03:07","slug":"elektricni-skuter-invacare-leo-2","status":"publish","type":"product","link":"https:\/\/ritosa.click.si\/hr\/ducan\/invalidski-pripomocki\/vozicki-in-skuterji\/elektricni-skuter-invacare-leo-2\/","title":{"rendered":"Elektri\u010dni skuter Invacare Leo"},"content":{"rendered":"<p>Zna\u010dajke:<\/p>\n<ul>\n<li>Ograni\u010deno kretanje upravlja\u010da: Korisnici mogu lako prilagoditi upravlja\u010d svojim potrebama.<\/li>\n<li>Udobno sjedi\u0161te: Funkcija rotiraju\u0107eg sjedala i klizne vodilice osiguravaju optimalan polo\u017eaj sjedenja.<\/li>\n<li>Dvostupanjska poluga za odspajanje: Ova funkcija sprje\u010dava nenamjerno slobodno kotrljanje skutera.<\/li>\n<li>Ugra\u0111eni za\u0161titni blatobrani: \u0160tite elektroniku i pogonski sklop od prljav\u0161tine i vode.<\/li>\n<li>Punjenje van skutera: Baterije se mogu jednostavno ukloniti i napuniti pomo\u0107u vanjskog punja\u010da.<\/li>\n<li>Stra\u017enja ko\u010diona svjetla: Upozoravaju druge da skuter usporava, sprje\u010davaju\u0107i sudare.<\/li>\n<\/ul>\n<p>Tehni\u010dki podaci:<\/p>\n<ul>\n<li>Te\u017eina: 83 kg<\/li>\n<li>Te\u017eina bez baterije: 59 kg<\/li>\n<li>\u0160irina sjedala: 410 mm<\/li>\n<li>Visina sjedala: podesiva od 460 do 560 mm<\/li>\n<li>\u0160irina: 590 mm<\/li>\n<li>Duljina: 1220 mm<\/li>\n<li>Maksimalna te\u017eina voza\u010da: 136 kg<\/li>\n<li>Baterija: 2 x 12V 36 Ah<\/li>\n<li>Autonomija: 38 km<\/li>\n<li>Maksimalna brzina: 8 km\/h<\/li>\n<\/ul>","protected":false},"excerpt":{"rendered":"<p>Invacare Leo je siguran i pouzdan invalidski skuter, dizajniran za osobe koje \u017eele neovisnost i slobodu. Sigurnost je klju\u010dna zna\u010dajka Leoa, a istovremeno ima atraktivan sportski izgled.<\/p>","protected":false},"featured_media":22506,"template":"","meta":{"_acf_changed":false,"inline_featured_image":false},"product_brand":[686],"product_cat":[543],"product_tag":[],"class_list":{"0":"post-8064","1":"product","2":"type-product","3":"status-publish","4":"has-post-thumbnail","6":"product_brand-invacare","7":"product_cat-vozicki-in-skuterji","9":"first","10":"onbackorder","11":"sale","12":"taxable","13":"shipping-taxable","14":"purchasable","15":"product-type-simple"},"acf":[],"_links":{"self":[{"href":"https:\/\/ritosa.click.si\/hr\/wp-json\/wp\/v2\/product\/8064","targetHints":{"allow":["GET"]}}],"collection":[{"href":"https:\/\/ritosa.click.si\/hr\/wp-json\/wp\/v2\/product"}],"about":[{"href":"https:\/\/ritosa.click.si\/hr\/wp-json\/wp\/v2\/types\/product"}],"wp:featuredmedia":[{"embeddable":true,"href":"https:\/\/ritosa.click.si\/hr\/wp-json\/wp\/v2\/media\/22506"}],"wp:attachment":[{"href":"https:\/\/ritosa.click.si\/hr\/wp-json\/wp\/v2\/media?parent=8064"}],"wp:term":[{"taxonomy":"product_brand","embeddable":true,"href":"https:\/\/ritosa.click.si\/hr\/wp-json\/wp\/v2\/product_brand?post=8064"},{"taxonomy":"product_cat","embeddable":true,"href":"https:\/\/ritosa.click.si\/hr\/wp-json\/wp\/v2\/product_cat?post=8064"},{"taxonomy":"product_tag","embeddable":true,"href":"https:\/\/ritosa.click.si\/hr\/wp-json\/wp\/v2\/product_tag?post=8064"}],"curies":[{"name":"radni list","href":"https:\/\/api.w.org\/{rel}","templated":true}]}}