{"id":8049,"date":"2018-07-03T10:14:09","date_gmt":"2018-07-03T10:14:09","guid":{"rendered":"https:\/\/ritosa.click.si\/?post_type=product&#038;p=8049"},"modified":"2026-03-12T12:55:21","modified_gmt":"2026-03-12T11:55:21","slug":"kolesarski-cevlji-shimano-sh-xc300","status":"publish","type":"product","link":"https:\/\/ritosa.click.si\/hr\/ducan\/biciklizam\/oprema-za-biciklizam\/kolesarski-cevlji\/kolesarski-cevlji-shimano-sh-xc300\/","title":{"rendered":"Biciklisti\u010dke cipele SHIMANO SH-XC300"},"content":{"rendered":"<ul>\n<li>SH-XC300 su visokokvalitetne XC biciklisti\u010dke cipele: Uklju\u010duju tehnologije preuzete iz na\u0161ih vrhunskih modela.<\/li>\n<li>Osje\u0107aj poput rukavice: Omotavaju\u0107i gornji dizajn za iznimnu udobnost i osje\u0107aj tijekom vo\u017enje<\/li>\n<li>Stabilna platforma za pedaliranje: Niska visina potplata i \u010dvrsto prianjanje stabiliziraju stopalo za optimalnu u\u010dinkovitost<\/li>\n<li>Prianjaju\u0107i gumeni potplat: Gumeni potplat za bolje prianjanje kada niste na biciklu<\/li>\n<li>Kompatibilno s SPD kopa\u010dkama: Radi s ve\u0107inom brdskih i gradskih bicikala<\/li>\n<li>Plo\u010dice se prodaju zasebno<\/li>\n<\/ul>","protected":false},"excerpt":{"rendered":"<div class=\"copy\">XC300 uklju\u010duje mnoge tehnologije iz na\u0161ih vrhunskih XC i cestovnih biciklisti\u010dkih cipela, nude\u0107i izvrstan omjer cijene i performansi - savr\u0161ene cipele za XC vo\u017enju i utrke. U kombinaciji s prianjanjem poput rukavice i gumenim potplatom s izvrsnim prianjanjem, udobne su i u\u010dinkovite i na biciklu i izvan njega.<\/div>","protected":false},"featured_media":8052,"template":"","meta":{"_acf_changed":false,"inline_featured_image":false},"product_brand":[1189],"product_cat":[549],"product_tag":[1780,1787,1786,1795,1794,1796],"class_list":{"0":"post-8049","1":"product","2":"type-product","3":"status-publish","4":"has-post-thumbnail","6":"product_brand-shimano","7":"product_cat-kolesarski-cevlji","8":"product_tag-cevlji","9":"product_tag-kolesarski-cevlji","10":"product_tag-kolesarski-cevlji-shimano","11":"product_tag-kolesarski-cevlji-shimano-sh-xc300","12":"product_tag-shimano","13":"product_tag-shimano-sh-xc300","14":"pa_velikost-43-2","15":"pa_velikost-766","16":"pa_velikost-773","18":"first","19":"instock","20":"sale","21":"taxable","22":"shipping-taxable","23":"purchasable","24":"product-type-variable"},"acf":[],"_links":{"self":[{"href":"https:\/\/ritosa.click.si\/hr\/wp-json\/wp\/v2\/product\/8049","targetHints":{"allow":["GET"]}}],"collection":[{"href":"https:\/\/ritosa.click.si\/hr\/wp-json\/wp\/v2\/product"}],"about":[{"href":"https:\/\/ritosa.click.si\/hr\/wp-json\/wp\/v2\/types\/product"}],"wp:featuredmedia":[{"embeddable":true,"href":"https:\/\/ritosa.click.si\/hr\/wp-json\/wp\/v2\/media\/8052"}],"wp:attachment":[{"href":"https:\/\/ritosa.click.si\/hr\/wp-json\/wp\/v2\/media?parent=8049"}],"wp:term":[{"taxonomy":"product_brand","embeddable":true,"href":"https:\/\/ritosa.click.si\/hr\/wp-json\/wp\/v2\/product_brand?post=8049"},{"taxonomy":"product_cat","embeddable":true,"href":"https:\/\/ritosa.click.si\/hr\/wp-json\/wp\/v2\/product_cat?post=8049"},{"taxonomy":"product_tag","embeddable":true,"href":"https:\/\/ritosa.click.si\/hr\/wp-json\/wp\/v2\/product_tag?post=8049"}],"curies":[{"name":"radni list","href":"https:\/\/api.w.org\/{rel}","templated":true}]}}