{"id":7779,"date":"2017-06-29T10:47:46","date_gmt":"2017-06-29T10:47:46","guid":{"rendered":"https:\/\/ritosa.click.si\/?post_type=product&#038;p=7779"},"modified":"2026-04-03T17:19:56","modified_gmt":"2026-04-03T15:19:56","slug":"enske-kolesarske-rokavice-specialized-bg-grail-long-finger","status":"publish","type":"product","link":"https:\/\/ritosa.click.si\/hr\/ducan\/biciklizam\/oprema-za-biciklizam\/kolesarske-rokavice\/enske-kolesarske-rokavice\/enske-kolesarske-rokavice-specialized-bg-grail-long-finger\/","title":{"rendered":"Biciklisti\u010dke rukavice Ziener CRISSI-Z"},"content":{"rendered":"<p>Funkcionalne \u017eenske biciklisti\u010dke rukavice ZIENER CRISSI-Z LADY imaju sportski dizajniran dlan s GEL podstavom za maksimalnu udobnost na upravlja\u010du. Izdr\u017eljiv, ko\u017ei sli\u010dan materijal dlana s prozra\u010dnim svojstvima pru\u017ea izvrstan osje\u0107aj prianjanja. Stra\u017enja strana izra\u0111ena je od ECONYL\u00ae pre\u0111e, regeneriranog najlona. Udobni COMFORT WRIST zavr\u0161etak i \u010di\u010dak zatvaranje s obrubom oko o\u0161trog ruba osiguravaju savr\u0161eno pristajanje. Integrirani jezi\u010dci omogu\u0107uju brzo i jednostavno skidanje rukavica. Upotreba upijaju\u0107eg materijala na palcu olak\u0161ava brisanje znoja tijekom vo\u017enje.<\/p>","protected":false},"excerpt":{"rendered":"<p>Biciklisti\u010dke rukavice Ziener CRISSI-Z<\/p>","protected":false},"featured_media":22669,"template":"","meta":{"_acf_changed":false,"inline_featured_image":false,"_monsterinsights_skip_tracking":false,"_monsterinsights_sitenote_active":false,"_monsterinsights_sitenote_note":"","_monsterinsights_sitenote_category":0},"product_brand":[682],"product_cat":[582],"product_tag":[1199],"class_list":{"0":"post-7779","1":"product","2":"type-product","3":"status-publish","4":"has-post-thumbnail","6":"product_brand-ziener","7":"product_cat-enske-kolesarske-rokavice","8":"product_tag-zenske","9":"pa_velikost-798","10":"pa_velikost-7-5","11":"pa_velikost-799","12":"pa_velikost-8-5","14":"first","15":"instock","16":"sale","17":"taxable","18":"shipping-taxable","19":"purchasable","20":"product-type-variable"},"acf":[],"aioseo_notices":[],"_links":{"self":[{"href":"https:\/\/ritosa.click.si\/hr\/wp-json\/wp\/v2\/product\/7779","targetHints":{"allow":["GET"]}}],"collection":[{"href":"https:\/\/ritosa.click.si\/hr\/wp-json\/wp\/v2\/product"}],"about":[{"href":"https:\/\/ritosa.click.si\/hr\/wp-json\/wp\/v2\/types\/product"}],"wp:featuredmedia":[{"embeddable":true,"href":"https:\/\/ritosa.click.si\/hr\/wp-json\/wp\/v2\/media\/22669"}],"wp:attachment":[{"href":"https:\/\/ritosa.click.si\/hr\/wp-json\/wp\/v2\/media?parent=7779"}],"wp:term":[{"taxonomy":"product_brand","embeddable":true,"href":"https:\/\/ritosa.click.si\/hr\/wp-json\/wp\/v2\/product_brand?post=7779"},{"taxonomy":"product_cat","embeddable":true,"href":"https:\/\/ritosa.click.si\/hr\/wp-json\/wp\/v2\/product_cat?post=7779"},{"taxonomy":"product_tag","embeddable":true,"href":"https:\/\/ritosa.click.si\/hr\/wp-json\/wp\/v2\/product_tag?post=7779"}],"curies":[{"name":"radni list","href":"https:\/\/api.w.org\/{rel}","templated":true}]}}