{"id":7776,"date":"2017-06-29T10:33:54","date_gmt":"2017-06-29T10:33:54","guid":{"rendered":"https:\/\/ritosa.click.si\/?post_type=product&#038;p=7776"},"modified":"2025-10-21T11:42:19","modified_gmt":"2025-10-21T09:42:19","slug":"specialized-sl-comp-2","status":"publish","type":"product","link":"https:\/\/ritosa.click.si\/hr\/ducan\/biciklizam\/oprema-za-biciklizam\/kolesarske-rokavice\/enske-kolesarske-rokavice\/specialized-sl-comp-2\/","title":{"rendered":"Biciklisti\u010dke rukavice Specialized SL Comp"},"content":{"rendered":"<p><strong>Zna\u010dajke:<\/strong><\/p>\n<ul>\n<li>Body Geometry Gel tehnologija smanjuje utrnulost dlana smanjenjem pritiska na osjetljivi ulnarni \u017eivac<\/li>\n<li>Nisko pjenasto punjenje na drugim klju\u010dnim podru\u010djima za dodatnu udobnost<\/li>\n<li>Mre\u017easti prozor na dlanu pobolj\u0161ava hla\u0111enje i sprje\u010dava da znoj utje\u010de na prianjanje<\/li>\n<li>Clarino\u00ae dlan za bolji osje\u0107aj na upravlja\u010du i izdr\u017eljivost<\/li>\n<li>Upijaju\u0107a mikrovlakna na palcu za brisanje znoja<\/li>\n<li>Zglob bez remena ili \u010di\u010dka za izvrsnu spretnost zgloba<\/li>\n<\/ul>","protected":false},"excerpt":{"rendered":"<p>Udobne rukavice za sve bicikliste koji su gotovo svaki dan na biciklu. Rukavice se dobro pona\u0161aju u svim vremenskim uvjetima i na bilo kojem terenu. Dobro podstavljeni dlan i izvrsna ventilacija atributi su koji ove rukavice \u010dine tako svestranim.<\/p>","protected":false},"featured_media":7778,"template":"","meta":{"_acf_changed":false,"inline_featured_image":false},"product_brand":[673],"product_cat":[582],"product_tag":[1862,1826,1829,1860,1861],"class_list":{"0":"post-7776","1":"product","2":"type-product","3":"status-publish","4":"has-post-thumbnail","6":"product_brand-specialized","7":"product_cat-enske-kolesarske-rokavice","8":"product_tag-bike-gloves-specialized-sl-comp","9":"product_tag-kolesarske-rokavice","10":"product_tag-kolesarske-rokavice-specialized","11":"product_tag-kolesarske-rokavice-specialized-sl-comp","12":"product_tag-specialized-sl-comp","13":"pa_velikost-s","15":"first","16":"instock","17":"sale","18":"taxable","19":"shipping-taxable","20":"purchasable","21":"product-type-variable"},"acf":[],"_links":{"self":[{"href":"https:\/\/ritosa.click.si\/hr\/wp-json\/wp\/v2\/product\/7776","targetHints":{"allow":["GET"]}}],"collection":[{"href":"https:\/\/ritosa.click.si\/hr\/wp-json\/wp\/v2\/product"}],"about":[{"href":"https:\/\/ritosa.click.si\/hr\/wp-json\/wp\/v2\/types\/product"}],"wp:featuredmedia":[{"embeddable":true,"href":"https:\/\/ritosa.click.si\/hr\/wp-json\/wp\/v2\/media\/7778"}],"wp:attachment":[{"href":"https:\/\/ritosa.click.si\/hr\/wp-json\/wp\/v2\/media?parent=7776"}],"wp:term":[{"taxonomy":"product_brand","embeddable":true,"href":"https:\/\/ritosa.click.si\/hr\/wp-json\/wp\/v2\/product_brand?post=7776"},{"taxonomy":"product_cat","embeddable":true,"href":"https:\/\/ritosa.click.si\/hr\/wp-json\/wp\/v2\/product_cat?post=7776"},{"taxonomy":"product_tag","embeddable":true,"href":"https:\/\/ritosa.click.si\/hr\/wp-json\/wp\/v2\/product_tag?post=7776"}],"curies":[{"name":"radni list","href":"https:\/\/api.w.org\/{rel}","templated":true}]}}