{"id":7769,"date":"2017-06-29T10:20:35","date_gmt":"2017-06-29T10:20:35","guid":{"rendered":"https:\/\/ritosa.click.si\/?post_type=product&#038;p=7769"},"modified":"2026-04-03T17:00:21","modified_gmt":"2026-04-03T15:00:21","slug":"specialized-bg-grail-2","status":"publish","type":"product","link":"https:\/\/ritosa.click.si\/hr\/ducan\/biciklizam\/oprema-za-biciklizam\/kolesarske-rokavice\/enske-kolesarske-rokavice\/specialized-bg-grail-2\/","title":{"rendered":"Biciklisti\u010dke rukavice Ziener CIMEA-Z"},"content":{"rendered":"<p>\u017denske biciklisti\u010dke rukavice kratkih prstiju ZIENER CIMEA-Z LADY imaju integrirane jezi\u010dke za brzo i jednostavno skidanje rukavica. Posebno oblikovan dio za palac sprje\u010dava pritisak na ko\u017eu, a uporaba posebno upijaju\u0107eg materijala na palcu olak\u0161ava brisanje znoja. Izdr\u017eljiv, ko\u017ei sli\u010dan materijal dlana AMARA s prozra\u010dnim svojstvima dr\u017ei ruke suhim i tijekom dugih vo\u017enji. Dlan je potpuno podstavljen za dodatnu udobnost.<\/p>","protected":false},"excerpt":{"rendered":"<p>Biciklisti\u010dke rukavice Ziener CIMEA-Z<\/p>","protected":false},"featured_media":22664,"template":"","meta":{"_acf_changed":false,"inline_featured_image":false,"_monsterinsights_skip_tracking":false,"_monsterinsights_sitenote_active":false,"_monsterinsights_sitenote_note":"","_monsterinsights_sitenote_category":0},"product_brand":[682],"product_cat":[582],"product_tag":[],"class_list":{"0":"post-7769","1":"product","2":"type-product","3":"status-publish","4":"has-post-thumbnail","6":"product_brand-ziener","7":"product_cat-enske-kolesarske-rokavice","8":"pa_velikost-798","9":"pa_velikost-7-5","10":"pa_velikost-799","11":"pa_velikost-8-5","13":"first","14":"instock","15":"sale","16":"taxable","17":"shipping-taxable","18":"purchasable","19":"product-type-variable"},"acf":[],"aioseo_notices":[],"_links":{"self":[{"href":"https:\/\/ritosa.click.si\/hr\/wp-json\/wp\/v2\/product\/7769","targetHints":{"allow":["GET"]}}],"collection":[{"href":"https:\/\/ritosa.click.si\/hr\/wp-json\/wp\/v2\/product"}],"about":[{"href":"https:\/\/ritosa.click.si\/hr\/wp-json\/wp\/v2\/types\/product"}],"wp:featuredmedia":[{"embeddable":true,"href":"https:\/\/ritosa.click.si\/hr\/wp-json\/wp\/v2\/media\/22664"}],"wp:attachment":[{"href":"https:\/\/ritosa.click.si\/hr\/wp-json\/wp\/v2\/media?parent=7769"}],"wp:term":[{"taxonomy":"product_brand","embeddable":true,"href":"https:\/\/ritosa.click.si\/hr\/wp-json\/wp\/v2\/product_brand?post=7769"},{"taxonomy":"product_cat","embeddable":true,"href":"https:\/\/ritosa.click.si\/hr\/wp-json\/wp\/v2\/product_cat?post=7769"},{"taxonomy":"product_tag","embeddable":true,"href":"https:\/\/ritosa.click.si\/hr\/wp-json\/wp\/v2\/product_tag?post=7769"}],"curies":[{"name":"radni list","href":"https:\/\/api.w.org\/{rel}","templated":true}]}}