{"id":7766,"date":"2017-06-29T10:14:50","date_gmt":"2017-06-29T10:14:50","guid":{"rendered":"https:\/\/ritosa.click.si\/?post_type=product&#038;p=7766"},"modified":"2025-10-21T11:27:58","modified_gmt":"2025-10-21T09:27:58","slug":"specialized-bg-grail","status":"publish","type":"product","link":"https:\/\/ritosa.click.si\/hr\/ducan\/biciklizam\/oprema-za-biciklizam\/kolesarske-rokavice\/enske-kolesarske-rokavice\/specialized-bg-grail\/","title":{"rendered":"Biciklisti\u010dke rukavice Specialized BG GRAIL"},"content":{"rendered":"<p><strong>Zna\u010dajke:\u00a0<\/strong><\/p>\n<ul>\n<li>Gel Equalizer\u2122 stvara ravnu povr\u0161inu na dlanu<\/li>\n<li>Microwipe\u2122 upijaju\u0107a tkanina na palcu za brisanje znoja<\/li>\n<li>Minimalisti\u010dki oblik suze za dobar osje\u0107aj u dlanu<\/li>\n<li>Oblik zglobova olak\u0161ava obuvanje i ne ometa kretanje tijekom vo\u017enje<\/li>\n<li>Rastezljiva i izdr\u017eljiva mre\u017easta tkanina na gornjem dijelu je mekana i vrlo prozra\u010dna<\/li>\n<li>Sinteti\u010dka ko\u017ea je mekana i izdr\u017eljiva<\/li>\n<li>\u0160titi osjetljive \u017eivce i arterije u sredini dlana<\/li>\n<li>Sastav: Gornji dio: 60% poliester, 28% poliamid, 12% elastan; Dlan: 49% poliamid, 28% poliuretan, 11% polipropilen, 1% elastan<\/li>\n<\/ul>","protected":false},"excerpt":{"rendered":"<p>Specialized BG Grail cestovne rukavice s BG tehnologijom pru\u017eaju maksimalnu udobnost na dugim vo\u017enjama i savr\u0161eno pristaju va\u0161im dlanovima.<\/p>","protected":false},"featured_media":7768,"template":"","meta":{"_acf_changed":false,"inline_featured_image":false},"product_brand":[673],"product_cat":[582],"product_tag":[1826,1829,1858,1859],"class_list":{"0":"post-7766","1":"product","2":"type-product","3":"status-publish","4":"has-post-thumbnail","6":"product_brand-specialized","7":"product_cat-enske-kolesarske-rokavice","8":"product_tag-kolesarske-rokavice","9":"product_tag-kolesarske-rokavice-specialized","10":"product_tag-kolesarske-rokavice-specialized-bg-grail","11":"product_tag-specialized-bg-grail","12":"pa_velikost-m","14":"first","15":"instock","16":"sale","17":"taxable","18":"shipping-taxable","19":"purchasable","20":"product-type-variable"},"acf":[],"_links":{"self":[{"href":"https:\/\/ritosa.click.si\/hr\/wp-json\/wp\/v2\/product\/7766","targetHints":{"allow":["GET"]}}],"collection":[{"href":"https:\/\/ritosa.click.si\/hr\/wp-json\/wp\/v2\/product"}],"about":[{"href":"https:\/\/ritosa.click.si\/hr\/wp-json\/wp\/v2\/types\/product"}],"wp:featuredmedia":[{"embeddable":true,"href":"https:\/\/ritosa.click.si\/hr\/wp-json\/wp\/v2\/media\/7768"}],"wp:attachment":[{"href":"https:\/\/ritosa.click.si\/hr\/wp-json\/wp\/v2\/media?parent=7766"}],"wp:term":[{"taxonomy":"product_brand","embeddable":true,"href":"https:\/\/ritosa.click.si\/hr\/wp-json\/wp\/v2\/product_brand?post=7766"},{"taxonomy":"product_cat","embeddable":true,"href":"https:\/\/ritosa.click.si\/hr\/wp-json\/wp\/v2\/product_cat?post=7766"},{"taxonomy":"product_tag","embeddable":true,"href":"https:\/\/ritosa.click.si\/hr\/wp-json\/wp\/v2\/product_tag?post=7766"}],"curies":[{"name":"radni list","href":"https:\/\/api.w.org\/{rel}","templated":true}]}}