{"id":7737,"date":"2016-11-21T15:04:23","date_gmt":"2016-11-21T15:04:23","guid":{"rendered":"https:\/\/ritosa.click.si\/?post_type=product&#038;p=7737"},"modified":"2025-09-22T12:46:31","modified_gmt":"2025-09-22T10:46:31","slug":"mini-tlacilka-specialized-air-tool-big-bore","status":"publish","type":"product","link":"https:\/\/ritosa.click.si\/hr\/ducan\/biciklizam\/oprema-za-biciklizam\/dodatna-oprema-in-rezervni-deli\/kolesarske-tlacilke-pumpe\/mini-tlacilka-specialized-air-tool-big-bore\/","title":{"rendered":"Mala pumpa Author"},"content":{"rendered":"<div id=\"description\" class=\"tab-pane fade in active\" role=\"tabpanel\">\n<div class=\"product-description\">\n<ul>\n<li>Univerzalna podesiva glava mo\u017ee se koristiti za razli\u010dite vrste ventila.<\/li>\n<li>Zatezna poluga omogu\u0107uje bolji hvat ventila. Uklju\u010den je nosa\u010d pumpe za monta\u017eu na okvir bicikla.<\/li>\n<li>Autorska zra\u010dna pumpa, izmjenjiva glava omogu\u0107uje kori\u0161tenje sa svim vrstama ventila.<\/li>\n<li>Poluga za zaklju\u010davanje osigurava \u010dvrsto pri\u010dvr\u0161\u0107ivanje glave na otvor, T-ru\u010dka za jednostavno pumpanje, kompozitno tijelo.<\/li>\n<li>Dimenzija: v.32 mm x d.275 mm.<\/li>\n<li>Te\u017eina: 127 g (uklju\u010duju\u0107i nosa\u010d).<\/li>\n<\/ul>\n<\/div>\n<\/div>","protected":false},"excerpt":{"rendered":"<p>Author mini zra\u010dna pumpa<\/p>\n<h1 class=\"left\"><\/h1>","protected":false},"featured_media":19594,"template":"","meta":{"_acf_changed":false,"inline_featured_image":false,"_monsterinsights_skip_tracking":false,"_monsterinsights_sitenote_active":false,"_monsterinsights_sitenote_note":"","_monsterinsights_sitenote_category":0},"product_brand":[672],"product_cat":[533],"product_tag":[1610,1609,1602,1611,1599],"class_list":{"0":"post-7737","1":"product","2":"type-product","3":"status-publish","4":"has-post-thumbnail","6":"product_brand-author","7":"product_cat-kolesarske-tlacilke-pumpe","8":"product_tag-author-pumpa","9":"product_tag-mini-tlacilka-za-kolo","10":"product_tag-prenosna-pumpa-za-kolo","11":"product_tag-prenosna-tlacilka","12":"product_tag-pumpa","14":"first","15":"instock","16":"sale","17":"taxable","18":"shipping-taxable","19":"purchasable","20":"product-type-simple"},"acf":[],"aioseo_notices":[],"_links":{"self":[{"href":"https:\/\/ritosa.click.si\/hr\/wp-json\/wp\/v2\/product\/7737","targetHints":{"allow":["GET"]}}],"collection":[{"href":"https:\/\/ritosa.click.si\/hr\/wp-json\/wp\/v2\/product"}],"about":[{"href":"https:\/\/ritosa.click.si\/hr\/wp-json\/wp\/v2\/types\/product"}],"wp:featuredmedia":[{"embeddable":true,"href":"https:\/\/ritosa.click.si\/hr\/wp-json\/wp\/v2\/media\/19594"}],"wp:attachment":[{"href":"https:\/\/ritosa.click.si\/hr\/wp-json\/wp\/v2\/media?parent=7737"}],"wp:term":[{"taxonomy":"product_brand","embeddable":true,"href":"https:\/\/ritosa.click.si\/hr\/wp-json\/wp\/v2\/product_brand?post=7737"},{"taxonomy":"product_cat","embeddable":true,"href":"https:\/\/ritosa.click.si\/hr\/wp-json\/wp\/v2\/product_cat?post=7737"},{"taxonomy":"product_tag","embeddable":true,"href":"https:\/\/ritosa.click.si\/hr\/wp-json\/wp\/v2\/product_tag?post=7737"}],"curies":[{"name":"radni list","href":"https:\/\/api.w.org\/{rel}","templated":true}]}}