{"id":7719,"date":"2016-05-25T09:18:19","date_gmt":"2016-05-25T09:18:19","guid":{"rendered":"https:\/\/ritosa.click.si\/?post_type=product&#038;p=7719"},"modified":"2026-03-10T11:06:52","modified_gmt":"2026-03-10T10:06:52","slug":"akcija-nosilec-koles-venezia-alu","status":"publish","type":"product","link":"https:\/\/ritosa.click.si\/hr\/ducan\/biciklizam\/nosilci-koles\/za-avto\/akcija-nosilec-koles-venezia-alu\/","title":{"rendered":"Nosa\u010d za bicikle Venezia ALU"},"content":{"rendered":"<p>Uz jednostavnu monta\u017eu, prilago\u0111ava se svim vrstama automobila, malen je, lagan i prakti\u010dan.<br \/>\nJednostavna monta\u017ea bez alata. Izra\u0111eno od aluminija. Omogu\u0107uje prijevoz tri bicikla.<\/p>\n<p>S dvije postavke, ima mogu\u0107nost pode\u0161avanja kuta prema modelu automobila i pode\u0161avanja kuta nosa\u010da kota\u010da.<\/p>\n<p>Te\u017eina: 6,5 kg<br \/>\nNosivost: 45 kg<\/p>\n<h5>OPCIJA: POMO\u0106NA CIJEV ZA MONTA\u017dU \u017dENSKOG KOTA\u010cA<\/h5>\n<p><img fetchpriority=\"high\" decoding=\"async\" class=\"alignnone size-medium wp-image-19218\" src=\"https:\/\/ritosa.click.si\/wp-content\/uploads\/2008\/06\/peruzzo_donna_adapter-267x200.jpg\" alt=\"\" width=\"267\" height=\"200\" srcset=\"https:\/\/ritosa.click.si\/wp-content\/uploads\/2008\/06\/peruzzo_donna_adapter-267x200.jpg 267w, https:\/\/ritosa.click.si\/wp-content\/uploads\/2008\/06\/peruzzo_donna_adapter-150x113.jpg 150w, https:\/\/ritosa.click.si\/wp-content\/uploads\/2008\/06\/peruzzo_donna_adapter-16x12.jpg 16w, https:\/\/ritosa.click.si\/wp-content\/uploads\/2008\/06\/peruzzo_donna_adapter-300x225.jpg 300w, https:\/\/ritosa.click.si\/wp-content\/uploads\/2008\/06\/peruzzo_donna_adapter.jpg 400w\" sizes=\"(max-width: 267px) 100vw, 267px\" \/><\/p>","protected":false},"excerpt":{"rendered":"<p>Lagani aluminijski nosa\u010d s monta\u017eom na stra\u017enja vrata, pogodan za 1, 2 ili 3 bicikla.<\/p>\n<p><span style=\"color: #d0121a\"><strong>\u00a0<\/strong><\/span><\/p>","protected":false},"featured_media":21277,"template":"","meta":{"_acf_changed":false,"inline_featured_image":false},"product_brand":[685],"product_cat":[527],"product_tag":[1276,1282,1272,1274,1299],"class_list":{"0":"post-7719","1":"product","2":"type-product","3":"status-publish","4":"has-post-thumbnail","6":"product_brand-peruzzo","7":"product_cat-za-avto","8":"product_tag-nosilec-peruzzo","9":"product_tag-nosilec-za-kolesa","10":"product_tag-nosilec-za-kolo","11":"product_tag-nosilec-za-kolo-peruzzo","12":"product_tag-nosilec-za-na-zadnja-vrata","14":"first","15":"instock","16":"sale","17":"taxable","18":"shipping-taxable","19":"purchasable","20":"product-type-simple"},"acf":[],"_links":{"self":[{"href":"https:\/\/ritosa.click.si\/hr\/wp-json\/wp\/v2\/product\/7719","targetHints":{"allow":["GET"]}}],"collection":[{"href":"https:\/\/ritosa.click.si\/hr\/wp-json\/wp\/v2\/product"}],"about":[{"href":"https:\/\/ritosa.click.si\/hr\/wp-json\/wp\/v2\/types\/product"}],"wp:featuredmedia":[{"embeddable":true,"href":"https:\/\/ritosa.click.si\/hr\/wp-json\/wp\/v2\/media\/21277"}],"wp:attachment":[{"href":"https:\/\/ritosa.click.si\/hr\/wp-json\/wp\/v2\/media?parent=7719"}],"wp:term":[{"taxonomy":"product_brand","embeddable":true,"href":"https:\/\/ritosa.click.si\/hr\/wp-json\/wp\/v2\/product_brand?post=7719"},{"taxonomy":"product_cat","embeddable":true,"href":"https:\/\/ritosa.click.si\/hr\/wp-json\/wp\/v2\/product_cat?post=7719"},{"taxonomy":"product_tag","embeddable":true,"href":"https:\/\/ritosa.click.si\/hr\/wp-json\/wp\/v2\/product_tag?post=7719"}],"curies":[{"name":"radni list","href":"https:\/\/api.w.org\/{rel}","templated":true}]}}