{"id":7699,"date":"2016-04-01T12:17:30","date_gmt":"2016-04-01T12:17:30","guid":{"rendered":"https:\/\/ritosa.click.si\/?post_type=product&#038;p=7699"},"modified":"2025-08-18T16:53:55","modified_gmt":"2025-08-18T14:53:55","slug":"rolerji-roces-orlando-iii-2","status":"publish","type":"product","link":"https:\/\/ritosa.click.si\/hr\/ducan\/rolerji\/otroski-rolerji\/rolerji-roces-orlando-iii-2\/","title":{"rendered":"Roleri Roces ORLANDO III"},"content":{"rendered":"<p>Orlando III su podesive dje\u010dje role idealne za sve po\u010detnike, jer njihova tvrda vanjska \u010dizma pru\u017ea izvrsnu potporu dje\u010djem stopalu. Zahvaljuju\u0107i sustavu pode\u0161avanja, role \u0107e rasti s dje\u010djim stopalom. U rasponu od pet veli\u010dina stopala, role se mogu lako prilagoditi bilo kojoj veli\u010dini preko \u010detiri razine. Za lak\u0161e i br\u017ee pri\u010dvr\u0161\u0107ivanje, djeca mogu sama pri\u010dvrstiti role pomo\u0107u dvije memorijske kop\u010de.<\/p>\n<p>\u2013 Le\u017eajevi: ABEC 3<\/p>\n<p>\u2013 Kota\u010di: Roces 72 mm \/ 80A (64 mm u veli\u010dini 25-29)<\/p>\n<p>\u2013 Ko\u010dnica uklju\u010dena<\/p>","protected":false},"excerpt":{"rendered":"<p>Dje\u010dje podesive role ROCES ORLANDO III<\/p>","protected":false},"featured_media":7703,"template":"","meta":{"_acf_changed":false,"inline_featured_image":false},"product_brand":[684],"product_cat":[583],"product_tag":[1198],"class_list":{"0":"post-7699","1":"product","2":"type-product","3":"status-publish","4":"has-post-thumbnail","6":"product_brand-roces","7":"product_cat-otroski-rolerji","8":"product_tag-otroci","9":"pa_velikost-25-29","10":"pa_velikost-30-35","11":"pa_velikost-36-40","13":"first","14":"instock","15":"sale","16":"taxable","17":"shipping-taxable","18":"purchasable","19":"product-type-variable"},"acf":[],"_links":{"self":[{"href":"https:\/\/ritosa.click.si\/hr\/wp-json\/wp\/v2\/product\/7699","targetHints":{"allow":["GET"]}}],"collection":[{"href":"https:\/\/ritosa.click.si\/hr\/wp-json\/wp\/v2\/product"}],"about":[{"href":"https:\/\/ritosa.click.si\/hr\/wp-json\/wp\/v2\/types\/product"}],"wp:featuredmedia":[{"embeddable":true,"href":"https:\/\/ritosa.click.si\/hr\/wp-json\/wp\/v2\/media\/7703"}],"wp:attachment":[{"href":"https:\/\/ritosa.click.si\/hr\/wp-json\/wp\/v2\/media?parent=7699"}],"wp:term":[{"taxonomy":"product_brand","embeddable":true,"href":"https:\/\/ritosa.click.si\/hr\/wp-json\/wp\/v2\/product_brand?post=7699"},{"taxonomy":"product_cat","embeddable":true,"href":"https:\/\/ritosa.click.si\/hr\/wp-json\/wp\/v2\/product_cat?post=7699"},{"taxonomy":"product_tag","embeddable":true,"href":"https:\/\/ritosa.click.si\/hr\/wp-json\/wp\/v2\/product_tag?post=7699"}],"curies":[{"name":"radni list","href":"https:\/\/api.w.org\/{rel}","templated":true}]}}