{"id":7691,"date":"2016-03-03T10:52:12","date_gmt":"2016-03-03T10:52:12","guid":{"rendered":"https:\/\/ritosa.click.si\/?post_type=product&#038;p=7691"},"modified":"2025-08-29T16:48:13","modified_gmt":"2025-08-29T14:48:13","slug":"nosilec-koles-za-vlecno-kljuko-peruzzo-pure-instinct-2-e-kolesi","status":"publish","type":"product","link":"https:\/\/ritosa.click.si\/hr\/ducan\/biciklizam\/nosilci-koles\/za-avto\/nosilec-koles-za-vlecno-kljuko-peruzzo-pure-instinct-2-e-kolesi\/","title":{"rendered":"Peruzzo PURE INSTINCT nosa\u010d za bicikle za vu\u010dnu kuku \u2013 2 elektri\u010dna bicikla"},"content":{"rendered":"<p>Kompaktan dizajn, potpuno sklopiv, \u010dini <strong>\u010cisti instinkt<\/strong> za vu\u010dnu kuku, idealno za prijevoz dva elektri\u010dna bicikla.<\/p>\n<p>\u26a0\ufe0f\u00a0<strong>PA\u017dNJA:<\/strong>\u00a0Nije mogu\u0107e otvoriti prtlja\u017enik kombija.<\/p>\n<h3><strong>Opis:<\/strong><\/h3>\n<ul>\n<li>Maksimalna nosivost: 60 kg<\/li>\n<li>Univerzalno, prikladno za europske vu\u010dne kuke<\/li>\n<li>Potpuno sastavljen<\/li>\n<li>Sustav za brzo otpu\u0161tanje s blokadom<\/li>\n<li>Nagibni mehanizam za lak\u0161e utovarivanje pomo\u0107u jednostavne no\u017ene pedale<\/li>\n<li>Pove\u0107ana podr\u0161ka za bicikl<\/li>\n<li>Dvostruka kabelska brava, radi i na nosa\u010du i odvojeno od njega<\/li>\n<\/ul>\n<h3><strong>Tehni\u010dki podaci:<\/strong><\/h3>\n<ul>\n<li>Maksimalni broj kota\u010da: 2<\/li>\n<li>Materijal: \u010celik<\/li>\n<li>Boja: Tamno siva<\/li>\n<li>Maksimalna ukupna nosivost (kg): 60<\/li>\n<li>Pri\u010dvr\u0161\u0107ivanje kota\u010da: Okvir i kota\u010d<\/li>\n<li>Maksimalna veli\u010dina okvira (cm): 5<\/li>\n<li>Veli\u010dina kota\u010da (in\u010di): od 14\u2033 do 29\u2033<\/li>\n<li>Maksimalna \u0161irina gume (in\u010di): 3<\/li>\n<li>Maksimalna udaljenost izme\u0111u osovina kota\u010da (cm): 120<\/li>\n<li>Razmak izme\u0111u tra\u010dnica (cm): 25<\/li>\n<li>Sustav za\u0161tite okvira: DA<\/li>\n<li>Brava za bicikl na nosa\u010du: DA<\/li>\n<li>Zaklju\u010davanje nosa\u010da za automobil: DA<\/li>\n<li>Mehanizam nagiba: DA<\/li>\n<li>Te\u017eina proizvoda (kg): 17,5<\/li>\n<li>Testirano prema standardu: TUV-GS<\/li>\n<li>Potpuna europska homologacija: DA<\/li>\n<li>Pogodno za elektri\u010dne bicikle: DA<\/li>\n<li>Prikladno za fat bike: NE<\/li>\n<li>Pakiranje: Kutija<\/li>\n<li>Dimenzije proizvoda (cm): 58 \u00d7 110 \u00d7 63<\/li>\n<li>Dimenzije sklopljenog proizvoda (cm): 28 \u00d7 61 \u00d7 63<\/li>\n<li>Kompatibilno s RMC vu\u010dnim kukama: NE<\/li>\n<\/ul>","protected":false},"excerpt":{"rendered":"<p>Peruzzo PURE INSTINCT nosa\u010d za bicikle za vu\u010dnu kuku \u2013 2 elektri\u010dna bicikla<\/p>","protected":false},"featured_media":7692,"template":"","meta":{"_acf_changed":false,"inline_featured_image":false},"product_brand":[685],"product_cat":[527],"product_tag":[1285,1303,1288,1304,1302],"class_list":{"0":"post-7691","1":"product","2":"type-product","3":"status-publish","4":"has-post-thumbnail","6":"product_brand-peruzzo","7":"product_cat-za-avto","8":"product_tag-nosilec-koles","9":"product_tag-nosilec-koles-peruzzo","10":"product_tag-nosilec-koles-za-na-avto","11":"product_tag-nosilec-koles-za-na-avto-peruzzo","12":"product_tag-nosilec-koles-za-na-vlecno-kljuko","14":"first","15":"instock","16":"taxable","17":"shipping-taxable","18":"purchasable","19":"product-type-simple"},"acf":[],"_links":{"self":[{"href":"https:\/\/ritosa.click.si\/hr\/wp-json\/wp\/v2\/product\/7691","targetHints":{"allow":["GET"]}}],"collection":[{"href":"https:\/\/ritosa.click.si\/hr\/wp-json\/wp\/v2\/product"}],"about":[{"href":"https:\/\/ritosa.click.si\/hr\/wp-json\/wp\/v2\/types\/product"}],"wp:featuredmedia":[{"embeddable":true,"href":"https:\/\/ritosa.click.si\/hr\/wp-json\/wp\/v2\/media\/7692"}],"wp:attachment":[{"href":"https:\/\/ritosa.click.si\/hr\/wp-json\/wp\/v2\/media?parent=7691"}],"wp:term":[{"taxonomy":"product_brand","embeddable":true,"href":"https:\/\/ritosa.click.si\/hr\/wp-json\/wp\/v2\/product_brand?post=7691"},{"taxonomy":"product_cat","embeddable":true,"href":"https:\/\/ritosa.click.si\/hr\/wp-json\/wp\/v2\/product_cat?post=7691"},{"taxonomy":"product_tag","embeddable":true,"href":"https:\/\/ritosa.click.si\/hr\/wp-json\/wp\/v2\/product_tag?post=7691"}],"curies":[{"name":"radni list","href":"https:\/\/api.w.org\/{rel}","templated":true}]}}