{"id":7662,"date":"2015-06-17T09:06:23","date_gmt":"2015-06-17T09:06:23","guid":{"rendered":"https:\/\/ritosa.click.si\/?post_type=product&#038;p=7662"},"modified":"2025-08-29T16:52:11","modified_gmt":"2025-08-29T14:52:11","slug":"nosilec-koles-za-vlecno-kljuko-peruzzo-pure-instinct-4-kolesa","status":"publish","type":"product","link":"https:\/\/ritosa.click.si\/hr\/ducan\/biciklizam\/nosilci-koles\/za-avto\/nosilec-koles-za-vlecno-kljuko-peruzzo-pure-instinct-4-kolesa\/","title":{"rendered":"Peruzzo PURE INSTINCT nosa\u010d bicikala za vu\u010dnu kuku - 4 bicikla"},"content":{"rendered":"<p><strong>Kompaktni dizajn<\/strong>, sklopivo radi u\u0161tede prostora, univerzalni nosa\u010d za bicikle na kuki za vu\u010du<strong>. \u010cisti instinkt<\/strong> ima \u0161ire tra\u010dnice.<\/p>\n<p>\u26a0\ufe0f <strong>PA\u017dNJA:<\/strong> Nije mogu\u0107e otvoriti prtlja\u017enik kombija.<\/p>\n<h3><strong>Opis:<\/strong><\/h3>\n<ul>\n<li>Maksimalna nosivost: 60 kg<\/li>\n<li>Univerzalno, prikladno za europske vu\u010dne kuke<\/li>\n<li>Potpuno sastavljen<\/li>\n<li>Sustav za brzo otpu\u0161tanje s blokadom<\/li>\n<li>Nagibni mehanizam za lak\u0161e utovarivanje pomo\u0107u jednostavne no\u017ene pedale<\/li>\n<li>Pove\u0107ana podr\u0161ka za bicikl<\/li>\n<li>Dvostruka kabelska brava, radi i na nosa\u010du i odvojeno od njega<\/li>\n<\/ul>\n<h3><strong>Tehni\u010dki podaci:<\/strong><\/h3>\n<ul>\n<li>Maksimalni broj kota\u010da: 4<\/li>\n<li>Materijal: \u010celik<\/li>\n<li>Boja: Tamno siva<\/li>\n<li>Maksimalna ukupna nosivost (kg): 60<\/li>\n<li>Pri\u010dvr\u0161\u0107ivanje kota\u010da: Okvir i kota\u010d<\/li>\n<li>Maksimalna veli\u010dina okvira (cm): 5<\/li>\n<li>Veli\u010dina kota\u010da (in\u010di): od 14\u2033 do 29\u2033<\/li>\n<li>Maksimalna \u0161irina gume (in\u010di): 3<\/li>\n<li>Maksimalna udaljenost izme\u0111u osovina kota\u010da (cm): 120<\/li>\n<li>Razmak izme\u0111u tra\u010dnica (cm): 17<\/li>\n<li>Sustav za\u0161tite okvira: DA<\/li>\n<li>Brava za bicikl na nosa\u010du: DA<\/li>\n<li>Zaklju\u010davanje nosa\u010da za automobil: DA<\/li>\n<li>Mehanizam nagiba: DA<\/li>\n<li>Te\u017eina proizvoda (kg): 22,2<\/li>\n<li>Testirano prema standardu: TUV-GS<\/li>\n<li>Potpuna europska homologacija: DA<\/li>\n<li>Prikladno za elektri\u010dne bicikle: NE<\/li>\n<li>Prikladno za fat bike: NE<\/li>\n<li>Pakiranje: Kutija<\/li>\n<li>Dimenzije proizvoda (cm): 58 \u00d7 110 \u00d7 92<\/li>\n<li>Dimenzije sklopljenog proizvoda (cm): 28 \u00d7 61 \u00d7 92<\/li>\n<li>Kompatibilno s RMC vu\u010dnim kukama: NE<\/li>\n<\/ul>","protected":false},"excerpt":{"rendered":"<p>Peruzzo PURE INSTINCT nosa\u010d bicikala za vu\u010dnu kuku - 4 bicikla<\/p>","protected":false},"featured_media":7663,"template":"","meta":{"_acf_changed":false,"inline_featured_image":false},"product_brand":[685],"product_cat":[527],"product_tag":[1288,1304,1276,1310,1309,1301,1282],"class_list":{"0":"post-7662","1":"product","2":"type-product","3":"status-publish","4":"has-post-thumbnail","6":"product_brand-peruzzo","7":"product_cat-za-avto","8":"product_tag-nosilec-koles-za-na-avto","9":"product_tag-nosilec-koles-za-na-avto-peruzzo","10":"product_tag-nosilec-peruzzo","11":"product_tag-nosilec-peruzzo-pure-instinct-4","12":"product_tag-nosilec-pure-instinct-4","13":"product_tag-nosilec-za-4-kolesa","14":"product_tag-nosilec-za-kolesa","16":"first","17":"instock","18":"taxable","19":"shipping-taxable","20":"purchasable","21":"product-type-simple"},"acf":[],"_links":{"self":[{"href":"https:\/\/ritosa.click.si\/hr\/wp-json\/wp\/v2\/product\/7662","targetHints":{"allow":["GET"]}}],"collection":[{"href":"https:\/\/ritosa.click.si\/hr\/wp-json\/wp\/v2\/product"}],"about":[{"href":"https:\/\/ritosa.click.si\/hr\/wp-json\/wp\/v2\/types\/product"}],"wp:featuredmedia":[{"embeddable":true,"href":"https:\/\/ritosa.click.si\/hr\/wp-json\/wp\/v2\/media\/7663"}],"wp:attachment":[{"href":"https:\/\/ritosa.click.si\/hr\/wp-json\/wp\/v2\/media?parent=7662"}],"wp:term":[{"taxonomy":"product_brand","embeddable":true,"href":"https:\/\/ritosa.click.si\/hr\/wp-json\/wp\/v2\/product_brand?post=7662"},{"taxonomy":"product_cat","embeddable":true,"href":"https:\/\/ritosa.click.si\/hr\/wp-json\/wp\/v2\/product_cat?post=7662"},{"taxonomy":"product_tag","embeddable":true,"href":"https:\/\/ritosa.click.si\/hr\/wp-json\/wp\/v2\/product_tag?post=7662"}],"curies":[{"name":"radni list","href":"https:\/\/api.w.org\/{rel}","templated":true}]}}