{"id":7627,"date":"2014-10-01T13:21:17","date_gmt":"2014-10-01T13:21:17","guid":{"rendered":"https:\/\/ritosa.click.si\/?post_type=product&#038;p=7627"},"modified":"2025-09-19T12:29:04","modified_gmt":"2025-09-19T10:29:04","slug":"sprednja-lucka-topeak-whitelite-ii","status":"publish","type":"product","link":"https:\/\/ritosa.click.si\/hr\/ducan\/biciklizam\/oprema-za-biciklizam\/dodatna-oprema-in-rezervni-deli\/luci-zarometi\/sprednja-lucka-topeak-whitelite-ii\/","title":{"rendered":"Prednje svjetlo TOPEAK WhiteLite II"},"content":{"rendered":"<p class=\"product-name\"><strong>TOPEAK WHITELITE II PREDNJE SVJETLO<\/strong><\/p>\n<p>Odli\u010dno mini svjetlo s tri sna\u017ene LED diode koje \u0107e vam osvijetliti put kada sunce za\u0111e. Mo\u017ee se brzo i jednostavno montirati na bicikl gumenom trakom.<\/p>\n<ul>\n<li>\u017darulja: 3 svijetle LED diode<\/li>\n<li>Na\u010din rada: konstantan \/ trep\u0107u\u0107i<\/li>\n<li>Baterija: CR2032 (2) (uklju\u010dena)<\/li>\n<li>Trajanje baterije: 60 sati \/ 100 sati<\/li>\n<li>Osvjetljenje: 1,5 (Lux\/5M) \/ 0,8 (Lux\/10M)<\/li>\n<li>Veli\u010dina: (D x \u0160 x V) 5,8 x 3,5 x 3,5 cm<\/li>\n<li>Te\u017eina: 24 g<\/li>\n<\/ul>","protected":false},"excerpt":{"rendered":"<p>Topeak WHITELITE II prednje svjetlo<\/p>","protected":false},"featured_media":19543,"template":"","meta":{"_acf_changed":false,"inline_featured_image":false,"_monsterinsights_skip_tracking":false,"_monsterinsights_sitenote_active":false,"_monsterinsights_sitenote_note":"","_monsterinsights_sitenote_category":0},"product_brand":[1395],"product_cat":[534],"product_tag":[1539,1549,1575,1554,1576],"class_list":{"0":"post-7627","1":"product","2":"type-product","3":"status-publish","4":"has-post-thumbnail","6":"product_brand-topeak","7":"product_cat-luci-zarometi","8":"product_tag-luc","9":"product_tag-sprednja-luc","10":"product_tag-sprednja-luc-topeak","11":"product_tag-topeak","12":"product_tag-topeak-whitelite-ii","13":"pa_barva-bela","14":"pa_barva-crna","16":"first","17":"instock","18":"sale","19":"taxable","20":"shipping-taxable","21":"purchasable","22":"product-type-variable"},"acf":[],"aioseo_notices":[],"_links":{"self":[{"href":"https:\/\/ritosa.click.si\/hr\/wp-json\/wp\/v2\/product\/7627","targetHints":{"allow":["GET"]}}],"collection":[{"href":"https:\/\/ritosa.click.si\/hr\/wp-json\/wp\/v2\/product"}],"about":[{"href":"https:\/\/ritosa.click.si\/hr\/wp-json\/wp\/v2\/types\/product"}],"wp:featuredmedia":[{"embeddable":true,"href":"https:\/\/ritosa.click.si\/hr\/wp-json\/wp\/v2\/media\/19543"}],"wp:attachment":[{"href":"https:\/\/ritosa.click.si\/hr\/wp-json\/wp\/v2\/media?parent=7627"}],"wp:term":[{"taxonomy":"product_brand","embeddable":true,"href":"https:\/\/ritosa.click.si\/hr\/wp-json\/wp\/v2\/product_brand?post=7627"},{"taxonomy":"product_cat","embeddable":true,"href":"https:\/\/ritosa.click.si\/hr\/wp-json\/wp\/v2\/product_cat?post=7627"},{"taxonomy":"product_tag","embeddable":true,"href":"https:\/\/ritosa.click.si\/hr\/wp-json\/wp\/v2\/product_tag?post=7627"}],"curies":[{"name":"radni list","href":"https:\/\/api.w.org\/{rel}","templated":true}]}}