{"id":7625,"date":"2014-10-01T13:14:59","date_gmt":"2014-10-01T13:14:59","guid":{"rendered":"https:\/\/ritosa.click.si\/?post_type=product&#038;p=7625"},"modified":"2025-09-19T11:16:07","modified_gmt":"2025-09-19T09:16:07","slug":"sprednja-lucka-wag-compact","status":"publish","type":"product","link":"https:\/\/ritosa.click.si\/hr\/ducan\/biciklizam\/oprema-za-biciklizam\/dodatna-oprema-in-rezervni-deli\/luci-zarometi\/sprednja-lucka-wag-compact\/","title":{"rendered":"LELUMIA MULTI COB 50ml svijetlo"},"content":{"rendered":"<p><strong><span class=\"HwtZe\" lang=\"sl\" xml:lang=\"sl\"><span class=\"jCAhz ChMk0b\"><span class=\"ryNqvb\">MULTI COB<\/span><\/span> <\/span><\/strong><\/p>\n<p><span class=\"HwtZe\" lang=\"sl\" xml:lang=\"sl\"><span class=\"jCAhz ChMk0b\"><span class=\"ryNqvb\">45 COB LED dioda koje su uredno poravnane i rade zajedno kako bi emitirale 50 lumena.<\/span><\/span> <span class=\"jCAhz ChMk0b\"><span class=\"ryNqvb\">Multi Cob je izra\u0111en od najkvalitetnijeg materijala, \u0161to osigurava da ga svaki korisnik mo\u017ee koristiti s povjerenjem, znaju\u0107i da \u0107e biti vidljiv u svakom trenutku.<\/span><\/span> <span class=\"jCAhz ChMk0b\"><span class=\"ryNqvb\">S dodatnom kop\u010dom za remen, svjetlo je idealno za bicikliste, trka\u010de i sigurno se pri\u010dvr\u0161\u0107uje na cijevi sjedala, torbu ili odje\u0107u.<\/span><\/span><\/span><\/p>\n<table class=\"table table-bordered\">\n<thead>\n<tr>\n<th>na\u010din<\/th>\n<th>sna\u017ean<\/th>\n<th>srednji<\/th>\n<th>nisko<\/th>\n<th>treperi<\/th>\n<th>brzo treptanje<\/th>\n<th>stroboskop<\/th>\n<\/tr>\n<\/thead>\n<tbody>\n<tr>\n<th>Lumen<\/th>\n<td>50 lm<\/td>\n<td>35 lm<\/td>\n<td>25 lm<\/td>\n<td>25 lm<\/td>\n<td>30 lm<\/td>\n<td>25 lm<\/td>\n<\/tr>\n<tr>\n<th>vrijeme rada<\/th>\n<td>2,5 sata<\/td>\n<td>6 sati<\/td>\n<td>12 sati<\/td>\n<td>18 sati<\/td>\n<td>16 sati<\/td>\n<td>8 sati<\/td>\n<\/tr>\n<\/tbody>\n<\/table>","protected":false},"excerpt":{"rendered":"<p>Stra\u017enje svjetlo za bicikl LELUMIA MULTI COB 50ml<\/p>","protected":false},"featured_media":19531,"template":"","meta":{"_acf_changed":false,"inline_featured_image":false,"_monsterinsights_skip_tracking":false,"_monsterinsights_sitenote_active":false,"_monsterinsights_sitenote_note":"","_monsterinsights_sitenote_category":0},"product_brand":[1520],"product_cat":[534],"product_tag":[1544,1569,1539,1550,1540,1538],"class_list":{"0":"post-7625","1":"product","2":"type-product","3":"status-publish","4":"has-post-thumbnail","6":"product_brand-lelumia","7":"product_cat-luci-zarometi","8":"product_tag-lelumia","9":"product_tag-lelumia-multi-cob-50ml","10":"product_tag-luc","11":"product_tag-luc-za-na-kolo","12":"product_tag-zadnja-luc","13":"product_tag-zadnja-luc-za-na-kolo","15":"first","16":"instock","17":"taxable","18":"shipping-taxable","19":"purchasable","20":"product-type-simple"},"acf":[],"aioseo_notices":[],"_links":{"self":[{"href":"https:\/\/ritosa.click.si\/hr\/wp-json\/wp\/v2\/product\/7625","targetHints":{"allow":["GET"]}}],"collection":[{"href":"https:\/\/ritosa.click.si\/hr\/wp-json\/wp\/v2\/product"}],"about":[{"href":"https:\/\/ritosa.click.si\/hr\/wp-json\/wp\/v2\/types\/product"}],"wp:featuredmedia":[{"embeddable":true,"href":"https:\/\/ritosa.click.si\/hr\/wp-json\/wp\/v2\/media\/19531"}],"wp:attachment":[{"href":"https:\/\/ritosa.click.si\/hr\/wp-json\/wp\/v2\/media?parent=7625"}],"wp:term":[{"taxonomy":"product_brand","embeddable":true,"href":"https:\/\/ritosa.click.si\/hr\/wp-json\/wp\/v2\/product_brand?post=7625"},{"taxonomy":"product_cat","embeddable":true,"href":"https:\/\/ritosa.click.si\/hr\/wp-json\/wp\/v2\/product_cat?post=7625"},{"taxonomy":"product_tag","embeddable":true,"href":"https:\/\/ritosa.click.si\/hr\/wp-json\/wp\/v2\/product_tag?post=7625"}],"curies":[{"name":"radni list","href":"https:\/\/api.w.org\/{rel}","templated":true}]}}