{"id":7619,"date":"2014-10-01T11:52:53","date_gmt":"2014-10-01T11:52:53","guid":{"rendered":"https:\/\/ritosa.click.si\/?post_type=product&#038;p=7619"},"modified":"2026-03-19T19:05:14","modified_gmt":"2026-03-19T18:05:14","slug":"set-wag-girino","status":"publish","type":"product","link":"https:\/\/ritosa.click.si\/hr\/ducan\/biciklizam\/oprema-za-biciklizam\/dodatna-oprema-in-rezervni-deli\/luci-zarometi\/set-wag-girino\/","title":{"rendered":"Set svjetla Force \u2013 Rito\u0161a"},"content":{"rendered":"<p>Set prednjih i stra\u017enjih svjetala koje mo\u017eete brzo i jednostavno pri\u010dvrstiti na upravlja\u010d ili cijev sjedala pomo\u0107u izdr\u017eljivih elasti\u010dnih traka. Na taj \u0107ete na\u010din ostati vidljivi \u010dak i tijekom vo\u017enje u mraku.<\/p>\n<p><strong>Zna\u010dajke:<\/strong><\/p>\n<ul>\n<li>Set prednjih i stra\u017enjih svjetala<\/li>\n<li>Prednje svjetlo s 2 bijele LED diode<\/li>\n<li>Stra\u017enje svjetlo s 2 crvene LED diode<\/li>\n<li>Na\u010dini rada: stalno osvjetljenje, treptanje<\/li>\n<li>Brza monta\u017ea pomo\u0107u izdr\u017eljivih elasti\u010dnih traka<\/li>\n<li>Dodane 2 CR2032 baterije<\/li>\n<li>Te\u017eina: 25 g sprijeda, 25 g straga<\/li>\n<li>Ukupna te\u017eina: 50 grama<\/li>\n<\/ul>","protected":false},"excerpt":{"rendered":"<p>Set prednjih i stra\u017enjih svjetala Force.<\/p>","protected":false},"featured_media":7620,"template":"","meta":{"_acf_changed":false,"inline_featured_image":false,"_monsterinsights_skip_tracking":false,"_monsterinsights_sitenote_active":false,"_monsterinsights_sitenote_note":"","_monsterinsights_sitenote_category":0},"product_brand":[1559],"product_cat":[534],"product_tag":[1460,1517,1561,1552,1560,1551],"class_list":{"0":"post-7619","1":"product","2":"type-product","3":"status-publish","4":"has-post-thumbnail","6":"product_brand-force","7":"product_cat-luci-zarometi","8":"product_tag-force","9":"product_tag-luci","10":"product_tag-luci-force","11":"product_tag-luci-za-na-kolo","12":"product_tag-set-luci-force","13":"product_tag-set-luci-za-na-kolo","15":"first","16":"instock","17":"taxable","18":"shipping-taxable","19":"purchasable","20":"product-type-simple"},"acf":[],"aioseo_notices":[],"_links":{"self":[{"href":"https:\/\/ritosa.click.si\/hr\/wp-json\/wp\/v2\/product\/7619","targetHints":{"allow":["GET"]}}],"collection":[{"href":"https:\/\/ritosa.click.si\/hr\/wp-json\/wp\/v2\/product"}],"about":[{"href":"https:\/\/ritosa.click.si\/hr\/wp-json\/wp\/v2\/types\/product"}],"wp:featuredmedia":[{"embeddable":true,"href":"https:\/\/ritosa.click.si\/hr\/wp-json\/wp\/v2\/media\/7620"}],"wp:attachment":[{"href":"https:\/\/ritosa.click.si\/hr\/wp-json\/wp\/v2\/media?parent=7619"}],"wp:term":[{"taxonomy":"product_brand","embeddable":true,"href":"https:\/\/ritosa.click.si\/hr\/wp-json\/wp\/v2\/product_brand?post=7619"},{"taxonomy":"product_cat","embeddable":true,"href":"https:\/\/ritosa.click.si\/hr\/wp-json\/wp\/v2\/product_cat?post=7619"},{"taxonomy":"product_tag","embeddable":true,"href":"https:\/\/ritosa.click.si\/hr\/wp-json\/wp\/v2\/product_tag?post=7619"}],"curies":[{"name":"radni list","href":"https:\/\/api.w.org\/{rel}","templated":true}]}}