{"id":7613,"date":"2014-09-26T11:56:09","date_gmt":"2014-09-26T11:56:09","guid":{"rendered":"https:\/\/ritosa.click.si\/?post_type=product&#038;p=7613"},"modified":"2026-03-06T17:12:06","modified_gmt":"2026-03-06T16:12:06","slug":"podkapa-alpina","status":"publish","type":"product","link":"https:\/\/ritosa.click.si\/hr\/ducan\/skijanje\/smucarska-oprema\/smucarske-celade\/odrasle-smucarske-celade\/podkapa-alpina\/","title":{"rendered":"Skija\u0161ka potkapa Alpina"},"content":{"rendered":"","protected":false},"excerpt":{"rendered":"<p>Podstava je vrlo udobna i topla. Jedinstveni materijal podstave \u010dini je prozra\u010dnom i pru\u017ea optimalnu klimu unutar kacige. Dobro se prilago\u0111ava glavi. Podru\u010dje vrata je tako\u0111er za\u0161ti\u0107eno.<\/p>","protected":false},"featured_media":7616,"template":"","meta":{"_acf_changed":false,"inline_featured_image":false,"_monsterinsights_skip_tracking":false,"_monsterinsights_sitenote_active":false,"_monsterinsights_sitenote_note":"","_monsterinsights_sitenote_category":0},"product_brand":[678],"product_cat":[509,513,569],"product_tag":[],"class_list":{"0":"post-7613","1":"product","2":"type-product","3":"status-publish","4":"has-post-thumbnail","6":"product_brand-alpina","7":"product_cat-odrasle-smucarske-celade","8":"product_cat-ostali-zimski-sporti","9":"product_cat-otroske-smucarske-celade","10":"pa_velikost-l-xl","11":"pa_velikost-s-m","13":"first","14":"instock","15":"sale","16":"taxable","17":"shipping-taxable","18":"purchasable","19":"product-type-variable"},"acf":[],"aioseo_notices":[],"_links":{"self":[{"href":"https:\/\/ritosa.click.si\/hr\/wp-json\/wp\/v2\/product\/7613","targetHints":{"allow":["GET"]}}],"collection":[{"href":"https:\/\/ritosa.click.si\/hr\/wp-json\/wp\/v2\/product"}],"about":[{"href":"https:\/\/ritosa.click.si\/hr\/wp-json\/wp\/v2\/types\/product"}],"wp:featuredmedia":[{"embeddable":true,"href":"https:\/\/ritosa.click.si\/hr\/wp-json\/wp\/v2\/media\/7616"}],"wp:attachment":[{"href":"https:\/\/ritosa.click.si\/hr\/wp-json\/wp\/v2\/media?parent=7613"}],"wp:term":[{"taxonomy":"product_brand","embeddable":true,"href":"https:\/\/ritosa.click.si\/hr\/wp-json\/wp\/v2\/product_brand?post=7613"},{"taxonomy":"product_cat","embeddable":true,"href":"https:\/\/ritosa.click.si\/hr\/wp-json\/wp\/v2\/product_cat?post=7613"},{"taxonomy":"product_tag","embeddable":true,"href":"https:\/\/ritosa.click.si\/hr\/wp-json\/wp\/v2\/product_tag?post=7613"}],"curies":[{"name":"radni list","href":"https:\/\/api.w.org\/{rel}","templated":true}]}}